{"id":759485,"date":"2025-08-28T08:36:22","date_gmt":"2025-08-28T05:36:22","guid":{"rendered":"https:\/\/roveyayinevi.com.tr\/index.php\/urun\/lanetli-ciltli\/"},"modified":"2026-04-16T03:12:33","modified_gmt":"2026-04-16T00:12:33","slug":"lanetli-ciltli","status":"publish","type":"product","link":"https:\/\/roveyayinevi.com.tr\/index.php\/urun\/lanetli-ciltli\/","title":{"rendered":"Lanetli (Ciltli)"},"content":{"rendered":"<p>SEN\u0130 DAHA \u0130Y\u0130 OKUYAB\u0130LMEK \u0130\u00c7\u0130N   Bir damla kan, elmadan al\u0131nan bir \u0131s\u0131r\u0131k, bir \u00e7ift kem g\u00f6z, bir ni\u015fan yu\u0308zu\u0308\u011fu\u0308 veya bir \u00e7ift k\u0131rm\u0131z\u0131 ayakkab\u0131&#8230; Lanet her \u015fekilde kar\u015f\u0131n\u0131za \u00e7\u0131kabilir. Yaln\u0131zca k\u00f6tu\u0308 kalpli bir u\u0308vey anne ve babaya sahip olanlar\u0131n\u0131z\u0131n de\u011fil, hepinizin ba\u015f\u0131na gelebilir.   Bu kitapta klasik masallardan modern du\u0308nyadaki yeni u\u011fursuzluklara kadar pek \u00e7ok lanetin, benzersiz ve su\u0308rprizlerle dolu anlat\u0131lar\u0131na rastlayacaks\u0131n\u0131z. Bilinen masallar\u0131n farkl\u0131 yorumlar\u0131n\u0131n yan\u0131 s\u0131ra yeni canavarlarla, mitlerle tan\u0131\u015facaks\u0131n\u0131z.   \u015ea\u015f\u0131rt\u0131c\u0131 \u00f6yku\u0308lere, \u00f6\u011fretici ayr\u0131nt\u0131lara, canavar hik\u00e2yelerine ve bu\u0308yu\u0308 masallar\u0131na haz\u0131r olun.   ZAMANSIZ Y \u0130RM\u0130 HALK \u00d6YK\u00dcS\u00dc NeIl GaIman Jane Yolen Karen Joy Fowler M.R. Carey ChrIstIna Henry ChrIstopher Golden TIm Lebbon MIchael Marshall SmIth CharlIe Jane Anders Jen WIllIams CatrIona Ward James Bro gden Jane Yolen &amp; Adam Stemple Maura McHugh Angela Slatter LIlIth SaIntcrow ChrIstopher Fowler AlIson LIttlewood Margo Lanagan <\/p>\n","protected":false},"excerpt":{"rendered":"<p>SEN\u0130 DAHA \u0130Y\u0130 OKUYAB\u0130LMEK \u0130\u00c7\u0130N Bir damla kan, elmadan al\u0131nan bir \u0131s\u0131r\u0131k, bir \u00e7ift kem g\u00f6z, bir ni\u015fan yu\u0308zu\u0308\u011fu\u0308 veya bir \u00e7ift k\u0131rm\u0131z\u0131 ayakkab\u0131&#8230; Lanet her<span class=\"excerpt-hellip\"> [\u2026]<\/span><\/p>\n","protected":false},"featured_media":0,"template":"","meta":{"_monsterinsights_skip_tracking":false,"_monsterinsights_sitenote_active":false,"_monsterinsights_sitenote_note":"","_monsterinsights_sitenote_category":0},"product_brand":[],"product_cat":[12291,12711],"product_tag":[],"class_list":{"0":"post-759485","1":"product","2":"type-product","3":"status-publish","5":"product_cat-edebiyat","6":"product_cat-roman-oyku","7":"pa_cilt-ciltli","8":"pa_tur-kitap","9":"pa_yayinevi-athica-yayinlari","10":"pa_yazar-kolektif","12":"first","13":"instock","14":"sale","15":"shipping-taxable","16":"purchasable","17":"product-type-simple"},"_links":{"self":[{"href":"https:\/\/roveyayinevi.com.tr\/index.php\/wp-json\/wp\/v2\/product\/759485","targetHints":{"allow":["GET"]}}],"collection":[{"href":"https:\/\/roveyayinevi.com.tr\/index.php\/wp-json\/wp\/v2\/product"}],"about":[{"href":"https:\/\/roveyayinevi.com.tr\/index.php\/wp-json\/wp\/v2\/types\/product"}],"wp:attachment":[{"href":"https:\/\/roveyayinevi.com.tr\/index.php\/wp-json\/wp\/v2\/media?parent=759485"}],"wp:term":[{"taxonomy":"product_brand","embeddable":true,"href":"https:\/\/roveyayinevi.com.tr\/index.php\/wp-json\/wp\/v2\/product_brand?post=759485"},{"taxonomy":"product_cat","embeddable":true,"href":"https:\/\/roveyayinevi.com.tr\/index.php\/wp-json\/wp\/v2\/product_cat?post=759485"},{"taxonomy":"product_tag","embeddable":true,"href":"https:\/\/roveyayinevi.com.tr\/index.php\/wp-json\/wp\/v2\/product_tag?post=759485"}],"curies":[{"name":"wp","href":"https:\/\/api.w.org\/{rel}","templated":true}]}}