{"id":759481,"date":"2025-08-28T08:36:15","date_gmt":"2025-08-28T05:36:15","guid":{"rendered":"https:\/\/roveyayinevi.com.tr\/index.php\/urun\/teknoloji-tuzagi\/"},"modified":"2026-04-16T03:12:33","modified_gmt":"2026-04-16T00:12:33","slug":"teknoloji-tuzagi","status":"publish","type":"product","link":"https:\/\/roveyayinevi.com.tr\/index.php\/urun\/teknoloji-tuzagi\/","title":{"rendered":"Teknoloji Tuza\u011f\u0131"},"content":{"rendered":"<p>Gelece\u011fin kap\u0131lar\u0131n\u0131 aralarken, ge\u00e7mi\u015fin izinden sapmadan ilerlemek m\u00fcmk\u00fcn m\u00fc? Carl Benedikt Frey, kitab\u0131nda bu soruya derinlemesine bir bak\u0131\u015f sunarken Sanayi Devrimi\u2019nden g\u00fcn\u00fcm\u00fcze, teknolojik ilerlemenin getirdi\u011fi de\u011fi\u015fimlerin yank\u0131lar\u0131n\u0131 inceliyor ve gelece\u011fin tarihini yaz\u0131yor. Yapay zek\u00e2, robotik, makine g\u00f6r\u00fcs\u00fc, sens\u00f6r teknolojisi&#8230; Bu alanlardaki ilerlemeler, bilgisayarlar\u0131n insanlar taraf\u0131ndan yap\u0131lan g\u00f6revleri \u00fcstlenmesine olanak tan\u0131d\u0131. Frey, ge\u00e7mi\u015fin tecr\u00fcbelerinde ders \u00e7\u0131kararak, \u015fu an ya\u015fad\u0131\u011f\u0131m\u0131z otomasyon \u00e7a\u011f\u0131n\u0131n, Sanayi Devrimi\u2019nde ya\u015fanan de\u011fi\u015fimlere benzer etkiler yaratt\u0131\u011f\u0131n\u0131 savunuyor. Kitap, ge\u00e7mi\u015fteki Ludditelerden g\u00fcn\u00fcm\u00fczdeki teknolojiyle m\u00fccadele edenlerin hik\u00e2yesine uzan\u0131yor. Eskiye \u00f6zlem duyanlar, gelecekteki belirsizliklerle ba\u015f etmeye \u00e7al\u0131\u015fanlar ve teknolojinin g\u00fcc\u00fc kar\u015f\u0131s\u0131nda direnmeye kararl\u0131 olanlar&#8230; Frey, bu karma\u015f\u0131k dokuda insanl\u0131k tarihini ve gelece\u011fini anlamaya \u00e7al\u0131\u015f\u0131yor. \u00dcnl\u00fc ekonomist, teknolojinin toplumlar\u0131 nas\u0131l \u015fekillendirdi\u011fini, gelir e\u015fitsizli\u011fi ve i\u015fsizlik gibi zorluklar\u0131n nas\u0131l ortaya \u00e7\u0131kt\u0131\u011f\u0131n\u0131 incelerken teknoloji tuza\u011f\u0131na d\u00fc\u015fmemek i\u00e7in ge\u00e7mi\u015fte yap\u0131lan hatalardan ders \u00e7\u0131karmam\u0131z gerekti\u011fini vurguluyor. Ancak bu kez, kararlar\u0131n nas\u0131l al\u0131nd\u0131\u011f\u0131na ve teknolojinin kimin lehine i\u015fledi\u011fine dair bir bilin\u00e7le. Teknoloji Tuza\u011f\u0131: Otomasyon \u00c7a\u011f\u0131nda Sermaye, \u0130\u015fg\u00fcc\u00fc ve \u0130ktidar, tarihsel bir perspektifle bug\u00fcn\u00fcn sorunlar\u0131na \u0131\u015f\u0131k tutan, gelece\u011fi \u015fekillendirecek olan kararlar\u0131m\u0131z\u0131 sorgulatan bir eser\u2026<\/p>\n","protected":false},"excerpt":{"rendered":"<p>Gelece\u011fin kap\u0131lar\u0131n\u0131 aralarken, ge\u00e7mi\u015fin izinden sapmadan ilerlemek m\u00fcmk\u00fcn m\u00fc? Carl Benedikt Frey, kitab\u0131nda bu soruya derinlemesine bir bak\u0131\u015f sunarken Sanayi Devrimi\u2019nden g\u00fcn\u00fcm\u00fcze, teknolojik ilerlemenin getirdi\u011fi de\u011fi\u015fimlerin<span class=\"excerpt-hellip\"> [\u2026]<\/span><\/p>\n","protected":false},"featured_media":0,"template":"","meta":{"_monsterinsights_skip_tracking":false,"_monsterinsights_sitenote_active":false,"_monsterinsights_sitenote_note":"","_monsterinsights_sitenote_category":0},"product_brand":[],"product_cat":[13043,17647],"product_tag":[],"class_list":{"0":"post-759481","1":"product","2":"type-product","3":"status-publish","5":"product_cat-ekonomi","6":"product_cat-is-dunyasi","7":"pa_cilt-ciltsiz","8":"pa_tur-kitap","9":"pa_yayinevi-epsilon-yayinlari","10":"pa_yazar-carl-benedikt-frey","12":"first","13":"instock","14":"sale","15":"shipping-taxable","16":"purchasable","17":"product-type-simple"},"_links":{"self":[{"href":"https:\/\/roveyayinevi.com.tr\/index.php\/wp-json\/wp\/v2\/product\/759481","targetHints":{"allow":["GET"]}}],"collection":[{"href":"https:\/\/roveyayinevi.com.tr\/index.php\/wp-json\/wp\/v2\/product"}],"about":[{"href":"https:\/\/roveyayinevi.com.tr\/index.php\/wp-json\/wp\/v2\/types\/product"}],"wp:attachment":[{"href":"https:\/\/roveyayinevi.com.tr\/index.php\/wp-json\/wp\/v2\/media?parent=759481"}],"wp:term":[{"taxonomy":"product_brand","embeddable":true,"href":"https:\/\/roveyayinevi.com.tr\/index.php\/wp-json\/wp\/v2\/product_brand?post=759481"},{"taxonomy":"product_cat","embeddable":true,"href":"https:\/\/roveyayinevi.com.tr\/index.php\/wp-json\/wp\/v2\/product_cat?post=759481"},{"taxonomy":"product_tag","embeddable":true,"href":"https:\/\/roveyayinevi.com.tr\/index.php\/wp-json\/wp\/v2\/product_tag?post=759481"}],"curies":[{"name":"wp","href":"https:\/\/api.w.org\/{rel}","templated":true}]}}