{"id":759479,"date":"2025-08-28T08:36:12","date_gmt":"2025-08-28T05:36:12","guid":{"rendered":"https:\/\/roveyayinevi.com.tr\/index.php\/urun\/emerald-ve-okyanus-soleni-fleksi-kapak\/"},"modified":"2026-04-16T03:12:33","modified_gmt":"2026-04-16T00:12:33","slug":"emerald-ve-okyanus-soleni-fleksi-kapak","status":"publish","type":"product","link":"https:\/\/roveyayinevi.com.tr\/index.php\/urun\/emerald-ve-okyanus-soleni-fleksi-kapak\/","title":{"rendered":"Emerald ve Okyanus \u015e\u00f6leni (Fleksi Kapak)"},"content":{"rendered":"<p>Emerald \u00e7ok \u00f6zel\u00e7\u00fcnk\u00fc herkesten farkl\u0131!   Emerald art\u0131k bir denizk\u0131z\u0131 prensesidir. Ama kendini hi\u00e7 \u00f6yle hissetmez. \u00dcstelik g\u00f6steri\u015fli kraliyet ta\u00e7lar\u0131 da ona g\u00f6re de\u011fildir \u00e7\u00fcnk\u00fc sa\u00e7lar\u0131 hem \u00e7ok g\u00fcr hem de biraz da\u011f\u0131n\u0131kt\u0131r.Emerald\u2019\u0131n k\u0131p\u0131r k\u0131p\u0131r ahtapotu Inkibelle de yeni hayat\u0131ndan pek ho\u015flanmaz.  Her y\u0131l d\u00fczenlenen Okyanus \u015e\u00f6leni\u2019ne \u00e7ok az kalm\u0131\u015ft\u0131r.Emerald ilk defa denizk\u0131z\u0131 prensesi olarak halk\u0131n kar\u015f\u0131s\u0131na \u00e7\u0131kaca\u011f\u0131 i\u00e7in \u00e7ok heyecanl\u0131d\u0131r. Acaba kraliyet kurallar\u0131na ra\u011fmen kendi olmay\u0131 ba\u015farabilecek mi?   Emerald ve k\u00fc\u00e7\u00fck ahtapotu Inkibelle ile benzersiz bir maceraya kat\u0131l\u0131n!<\/p>\n","protected":false},"excerpt":{"rendered":"<p>Emerald \u00e7ok \u00f6zel\u00e7\u00fcnk\u00fc herkesten farkl\u0131! Emerald art\u0131k bir denizk\u0131z\u0131 prensesidir. Ama kendini hi\u00e7 \u00f6yle hissetmez. \u00dcstelik g\u00f6steri\u015fli kraliyet ta\u00e7lar\u0131 da ona g\u00f6re de\u011fildir \u00e7\u00fcnk\u00fc sa\u00e7lar\u0131 hem<span class=\"excerpt-hellip\"> [\u2026]<\/span><\/p>\n","protected":false},"featured_media":0,"template":"","meta":{"_monsterinsights_skip_tracking":false,"_monsterinsights_sitenote_active":false,"_monsterinsights_sitenote_note":"","_monsterinsights_sitenote_category":0},"product_brand":[],"product_cat":[12274,12284],"product_tag":[],"class_list":{"0":"post-759479","1":"product","2":"type-product","3":"status-publish","5":"product_cat-cocuk-ve-genclik-kitaplari","6":"product_cat-hikayeler","7":"pa_cilt-ciltsiz","8":"pa_tur-kitap","9":"pa_yayinevi-epsilon-yayinlari","10":"pa_yazar-harriet-muncaster","12":"first","13":"instock","14":"sale","15":"shipping-taxable","16":"purchasable","17":"product-type-simple"},"_links":{"self":[{"href":"https:\/\/roveyayinevi.com.tr\/index.php\/wp-json\/wp\/v2\/product\/759479","targetHints":{"allow":["GET"]}}],"collection":[{"href":"https:\/\/roveyayinevi.com.tr\/index.php\/wp-json\/wp\/v2\/product"}],"about":[{"href":"https:\/\/roveyayinevi.com.tr\/index.php\/wp-json\/wp\/v2\/types\/product"}],"wp:attachment":[{"href":"https:\/\/roveyayinevi.com.tr\/index.php\/wp-json\/wp\/v2\/media?parent=759479"}],"wp:term":[{"taxonomy":"product_brand","embeddable":true,"href":"https:\/\/roveyayinevi.com.tr\/index.php\/wp-json\/wp\/v2\/product_brand?post=759479"},{"taxonomy":"product_cat","embeddable":true,"href":"https:\/\/roveyayinevi.com.tr\/index.php\/wp-json\/wp\/v2\/product_cat?post=759479"},{"taxonomy":"product_tag","embeddable":true,"href":"https:\/\/roveyayinevi.com.tr\/index.php\/wp-json\/wp\/v2\/product_tag?post=759479"}],"curies":[{"name":"wp","href":"https:\/\/api.w.org\/{rel}","templated":true}]}}