{"id":759478,"date":"2025-08-28T08:36:10","date_gmt":"2025-08-28T05:36:10","guid":{"rendered":"https:\/\/roveyayinevi.com.tr\/index.php\/urun\/deneylerle-bilim-dunyasi-ses-elektrik-isik-fleksi-kapak\/"},"modified":"2026-04-16T03:12:33","modified_gmt":"2026-04-16T00:12:33","slug":"deneylerle-bilim-dunyasi-ses-elektrik-isik-fleksi-kapak","status":"publish","type":"product","link":"https:\/\/roveyayinevi.com.tr\/index.php\/urun\/deneylerle-bilim-dunyasi-ses-elektrik-isik-fleksi-kapak\/","title":{"rendered":"Deneylerle Bilim D\u00fcnyas\u0131: Ses, Elektrik, I\u015f\u0131k (Fleksi Kapak)"},"content":{"rendered":"<p>Ses, elektrik ve \u0131\u015f\u0131k hakk\u0131nda merak etti\u011finiz her \u015fey\u2026  Ses nas\u0131l olu\u015fur ve nas\u0131l duyar\u0131z? Suyla m\u00fczik yapmak m\u00fcmk\u00fcn m\u00fc? Elektrik nedir ve nas\u0131l \u00e7al\u0131\u015f\u0131r? R\u00fczg\u00e2r, su ve g\u00fcne\u015ften nas\u0131l enerji elde ediyoruz? I\u015f\u0131k nedir ve nas\u0131l yans\u0131r? G\u00f6ky\u00fcz\u00fc neden mavidir? Bu kitap elektrik, \u0131\u015f\u0131k ve ses hakk\u0131nda bir\u00e7ok soruya cevap verirken \u00e7ocuklara bilimsel deneyler yapma \u015fans\u0131 da sunuyor.Basit pratik ara\u015ft\u0131rmalar ve testlerle \u00f6\u011frendiklerini peki\u015ftiriyor; g\u00f6zlemler, \u00f6l\u00e7\u00fcmler, bilimsel ekipmanlarla onlar\u0131 d\u00fc\u015f\u00fcnd\u00fcr\u00fcrken e\u011flendiriyor.<\/p>\n","protected":false},"excerpt":{"rendered":"<p>Ses, elektrik ve \u0131\u015f\u0131k hakk\u0131nda merak etti\u011finiz her \u015fey\u2026 Ses nas\u0131l olu\u015fur ve nas\u0131l duyar\u0131z? Suyla m\u00fczik yapmak m\u00fcmk\u00fcn m\u00fc? Elektrik nedir ve nas\u0131l \u00e7al\u0131\u015f\u0131r? R\u00fczg\u00e2r,<span class=\"excerpt-hellip\"> [\u2026]<\/span><\/p>\n","protected":false},"featured_media":0,"template":"","meta":{"_monsterinsights_skip_tracking":false,"_monsterinsights_sitenote_active":false,"_monsterinsights_sitenote_note":"","_monsterinsights_sitenote_category":0},"product_brand":[],"product_cat":[13829,12274],"product_tag":[],"class_list":{"0":"post-759478","1":"product","2":"type-product","3":"status-publish","5":"product_cat-bilimsel-kitaplar","6":"product_cat-cocuk-ve-genclik-kitaplari","7":"pa_cilt-ciltsiz","8":"pa_tur-kitap","9":"pa_yayinevi-epsilon-yayinlari","10":"pa_yazar-ruth-owen-victoria-dobney","12":"first","13":"instock","14":"sale","15":"shipping-taxable","16":"purchasable","17":"product-type-simple"},"_links":{"self":[{"href":"https:\/\/roveyayinevi.com.tr\/index.php\/wp-json\/wp\/v2\/product\/759478","targetHints":{"allow":["GET"]}}],"collection":[{"href":"https:\/\/roveyayinevi.com.tr\/index.php\/wp-json\/wp\/v2\/product"}],"about":[{"href":"https:\/\/roveyayinevi.com.tr\/index.php\/wp-json\/wp\/v2\/types\/product"}],"wp:attachment":[{"href":"https:\/\/roveyayinevi.com.tr\/index.php\/wp-json\/wp\/v2\/media?parent=759478"}],"wp:term":[{"taxonomy":"product_brand","embeddable":true,"href":"https:\/\/roveyayinevi.com.tr\/index.php\/wp-json\/wp\/v2\/product_brand?post=759478"},{"taxonomy":"product_cat","embeddable":true,"href":"https:\/\/roveyayinevi.com.tr\/index.php\/wp-json\/wp\/v2\/product_cat?post=759478"},{"taxonomy":"product_tag","embeddable":true,"href":"https:\/\/roveyayinevi.com.tr\/index.php\/wp-json\/wp\/v2\/product_tag?post=759478"}],"curies":[{"name":"wp","href":"https:\/\/api.w.org\/{rel}","templated":true}]}}