{"id":759471,"date":"2025-08-28T08:35:58","date_gmt":"2025-08-28T05:35:58","guid":{"rendered":"https:\/\/roveyayinevi.com.tr\/index.php\/urun\/kucuk-ciftcinin-el-kitabi\/"},"modified":"2026-04-16T03:12:33","modified_gmt":"2026-04-16T00:12:33","slug":"kucuk-ciftcinin-el-kitabi","status":"publish","type":"product","link":"https:\/\/roveyayinevi.com.tr\/index.php\/urun\/kucuk-ciftcinin-el-kitabi\/","title":{"rendered":"K\u00fc\u00e7\u00fck \u00c7ift\u00e7inin El Kitab\u0131"},"content":{"rendered":"<p>Seni bitkilerin topraktaki gizemli d\u00fcnyas\u0131ndan sofralar\u0131m\u0131za uzanan b\u00fcy\u00fcl\u00fc bir yolculu\u011fa davet ediyoruz.   Evet, do\u011fru tahmin ettin; konumuz tar\u0131m ve \u00e7ift\u00e7ilik! Tar\u0131m, ekinlerin yeti\u015ftirilmesinden hayvanlar\u0131n sevgiyle bak\u0131m\u0131na kadar uzanan reng\u00e2renk bir d\u00fcnya. Bizlere do\u011fayla uyum i\u00e7inde bir ya\u015fam bi\u00e7imini sunuyor. \u00c7ift\u00e7ilerse toprakla s\u0131k\u0131 bir ba\u011f kuran, d\u00fcnyay\u0131 besleyen ve ya\u015fom\u0131n temelini olu\u015fturan bu b\u00fcy\u00fck hik\u00e2yenin vazge\u00e7ilmez kahramanlar\u0131! *   Ancak, bu b\u00fcy\u00fcl\u00fc d\u00fcnyan\u0131n kar\u015f\u0131la\u015ft\u0131\u011f\u0131 ger\u00e7ek zorluklar var. D\u00fcnya genelinde artan insan say\u0131s\u0131, yetersiz g\u0131da, iklim de\u011fi\u015fikli\u011fi ve do\u011fal kaynaklar\u0131n azalmas\u0131 gibi sorunlarla ba\u015fa \u00e7\u0131kmak i\u00e7in tar\u0131m\u0131n \u00f6nemi giderek art\u0131yor. Tar\u0131m\u0131n gelece\u011fi, toplumlar\u0131n, d\u00fcnyan\u0131n ve insanl\u0131\u011f\u0131n gelece\u011fini belirliyor. Bu gelece\u011fi \u015fekillendirmekse ancak bizlerin tar\u0131ma olan ilgisiyle m\u00fcmk\u00fcn.<\/p>\n","protected":false},"excerpt":{"rendered":"<p>Seni bitkilerin topraktaki gizemli d\u00fcnyas\u0131ndan sofralar\u0131m\u0131za uzanan b\u00fcy\u00fcl\u00fc bir yolculu\u011fa davet ediyoruz. Evet, do\u011fru tahmin ettin; konumuz tar\u0131m ve \u00e7ift\u00e7ilik! Tar\u0131m, ekinlerin yeti\u015ftirilmesinden hayvanlar\u0131n sevgiyle bak\u0131m\u0131na<span class=\"excerpt-hellip\"> [\u2026]<\/span><\/p>\n","protected":false},"featured_media":0,"template":"","meta":{"_monsterinsights_skip_tracking":false,"_monsterinsights_sitenote_active":false,"_monsterinsights_sitenote_note":"","_monsterinsights_sitenote_category":0},"product_brand":[],"product_cat":[12274,15842],"product_tag":[],"class_list":{"0":"post-759471","1":"product","2":"type-product","3":"status-publish","5":"product_cat-cocuk-ve-genclik-kitaplari","6":"product_cat-egitici-kitaplar","7":"pa_cilt-ciltsiz","8":"pa_tur-kitap","9":"pa_yayinevi-beta-kids","10":"pa_yazar-ozlem-ozyurt","12":"first","13":"instock","14":"sale","15":"shipping-taxable","16":"purchasable","17":"product-type-simple"},"_links":{"self":[{"href":"https:\/\/roveyayinevi.com.tr\/index.php\/wp-json\/wp\/v2\/product\/759471","targetHints":{"allow":["GET"]}}],"collection":[{"href":"https:\/\/roveyayinevi.com.tr\/index.php\/wp-json\/wp\/v2\/product"}],"about":[{"href":"https:\/\/roveyayinevi.com.tr\/index.php\/wp-json\/wp\/v2\/types\/product"}],"wp:attachment":[{"href":"https:\/\/roveyayinevi.com.tr\/index.php\/wp-json\/wp\/v2\/media?parent=759471"}],"wp:term":[{"taxonomy":"product_brand","embeddable":true,"href":"https:\/\/roveyayinevi.com.tr\/index.php\/wp-json\/wp\/v2\/product_brand?post=759471"},{"taxonomy":"product_cat","embeddable":true,"href":"https:\/\/roveyayinevi.com.tr\/index.php\/wp-json\/wp\/v2\/product_cat?post=759471"},{"taxonomy":"product_tag","embeddable":true,"href":"https:\/\/roveyayinevi.com.tr\/index.php\/wp-json\/wp\/v2\/product_tag?post=759471"}],"curies":[{"name":"wp","href":"https:\/\/api.w.org\/{rel}","templated":true}]}}