{"id":759468,"date":"2025-08-28T08:35:52","date_gmt":"2025-08-28T05:35:52","guid":{"rendered":"https:\/\/roveyayinevi.com.tr\/index.php\/urun\/kayip-ruhlar-sokagi\/"},"modified":"2026-04-16T03:12:33","modified_gmt":"2026-04-16T00:12:33","slug":"kayip-ruhlar-sokagi","status":"publish","type":"product","link":"https:\/\/roveyayinevi.com.tr\/index.php\/urun\/kayip-ruhlar-sokagi\/","title":{"rendered":"Kay\u0131p Ruhlar Soka\u011f\u0131"},"content":{"rendered":"<p>T\u00dcRK M\u0130TOLOJ\u0130S\u0130 \u0130LE HARMANLANMI\u015e FANTAST\u0130K MACERA ROMANI T\u00dcR\u00dcN\u00dcN \u0130LK \u00d6RNE\u011e\u0130 Kayra, bilgisayar oyunlar\u0131 ba\u011f\u0131ml\u0131s\u0131d\u0131r. Anne ve babas\u0131 onu bu ba\u011f\u0131ml\u0131l\u0131\u011f\u0131ndan bir t\u00fcrl\u00fc vazge\u00e7iremezler. Bir g\u00fcn, da\u011f evinde ya\u015fayan b\u00fcy\u00fckbabas\u0131 Saruhan \u015fehre gelerek Kayra&#8217;y\u0131 kay\u0131p ruhlar\u0131n dola\u015ft\u0131\u011f\u0131 sokaklara g\u00f6t\u00fcr\u00fcr. Orada tan\u0131\u015ft\u0131\u011f\u0131 iyi ruhlar ile k\u00f6t\u00fc ruhlar aras\u0131nda ya\u015fanacak b\u00fcy\u00fck sava\u015fa haz\u0131rlan\u0131rlar. Kayra ve efsanevi atas\u0131 Saruhan ile gizem dolu bir yolculu\u011fa haz\u0131r m\u0131s\u0131n? Kay\u0131p Ruhlar Soka\u011f\u0131&#8217;ndan Kara Orman&#8217;a uzanan bu tehlikeli sava\u015fta onlar\u0131 yaln\u0131z b\u0131rakma! <\/p>\n","protected":false},"excerpt":{"rendered":"<p>T\u00dcRK M\u0130TOLOJ\u0130S\u0130 \u0130LE HARMANLANMI\u015e FANTAST\u0130K MACERA ROMANI T\u00dcR\u00dcN\u00dcN \u0130LK \u00d6RNE\u011e\u0130 Kayra, bilgisayar oyunlar\u0131 ba\u011f\u0131ml\u0131s\u0131d\u0131r. Anne ve babas\u0131 onu bu ba\u011f\u0131ml\u0131l\u0131\u011f\u0131ndan bir t\u00fcrl\u00fc vazge\u00e7iremezler. Bir g\u00fcn, da\u011f<span class=\"excerpt-hellip\"> [\u2026]<\/span><\/p>\n","protected":false},"featured_media":0,"template":"","meta":{"_monsterinsights_skip_tracking":false,"_monsterinsights_sitenote_active":false,"_monsterinsights_sitenote_note":"","_monsterinsights_sitenote_category":0},"product_brand":[],"product_cat":[12291,12711],"product_tag":[],"class_list":{"0":"post-759468","1":"product","2":"type-product","3":"status-publish","5":"product_cat-edebiyat","6":"product_cat-roman-oyku","7":"pa_cilt-ciltsiz","8":"pa_tur-kitap","9":"pa_yayinevi-fa-yayinlari","10":"pa_yazar-gurkan-karahan","12":"first","13":"instock","14":"sale","15":"shipping-taxable","16":"purchasable","17":"product-type-simple"},"_links":{"self":[{"href":"https:\/\/roveyayinevi.com.tr\/index.php\/wp-json\/wp\/v2\/product\/759468","targetHints":{"allow":["GET"]}}],"collection":[{"href":"https:\/\/roveyayinevi.com.tr\/index.php\/wp-json\/wp\/v2\/product"}],"about":[{"href":"https:\/\/roveyayinevi.com.tr\/index.php\/wp-json\/wp\/v2\/types\/product"}],"wp:attachment":[{"href":"https:\/\/roveyayinevi.com.tr\/index.php\/wp-json\/wp\/v2\/media?parent=759468"}],"wp:term":[{"taxonomy":"product_brand","embeddable":true,"href":"https:\/\/roveyayinevi.com.tr\/index.php\/wp-json\/wp\/v2\/product_brand?post=759468"},{"taxonomy":"product_cat","embeddable":true,"href":"https:\/\/roveyayinevi.com.tr\/index.php\/wp-json\/wp\/v2\/product_cat?post=759468"},{"taxonomy":"product_tag","embeddable":true,"href":"https:\/\/roveyayinevi.com.tr\/index.php\/wp-json\/wp\/v2\/product_tag?post=759468"}],"curies":[{"name":"wp","href":"https:\/\/api.w.org\/{rel}","templated":true}]}}