{"id":759467,"date":"2025-08-28T08:35:50","date_gmt":"2025-08-28T05:35:50","guid":{"rendered":"https:\/\/roveyayinevi.com.tr\/index.php\/urun\/boyutsallik\/"},"modified":"2026-04-16T03:12:33","modified_gmt":"2026-04-16T00:12:33","slug":"boyutsallik","status":"publish","type":"product","link":"https:\/\/roveyayinevi.com.tr\/index.php\/urun\/boyutsallik\/","title":{"rendered":"Boyutsall\u0131k"},"content":{"rendered":"<p>Bu kitapta d\u00fcnyada ilk kez kitab\u0131n yazar\u0131 taraf\u0131ndan ortaya at\u0131lan bir kavram ele al\u0131n\u0131yor. Boyutsall\u0131k, yani bilimsel fark\u0131ndal\u0131k bilimsel d\u00fc\u015f\u00fcnce tarz\u0131n\u0131n bir ya\u015fam bi\u00e7imi, bir d\u00fcnya g\u00f6r\u00fc\u015f\u00fc haline getirilmesini \u00f6neriyor. Yazara g\u00f6re bilimsel bilgiye sahip olmak ile bilimselli\u011fi ya\u015fam bi\u00e7imi haline getirmek farkl\u0131 \u015feylerdir. Bir in\u015faat m\u00fchendisi yapt\u0131\u011f\u0131 binan\u0131n \u00f6n cephesine at nal\u0131 asarsa, bu durum onun mesleki bilgisine g\u00fcvenmedi\u011fi, bu bilgiyi \u00f6z\u00fcmsemedi\u011fi yani boyutsall\u0131ktan uzak oldu\u011fu anlam\u0131na gelir. Elinizdeki kitap \u00e7ocuklara ve yeti\u015fkinlere boyutsall\u0131k fikrinin ni\u00e7in kazand\u0131r\u0131lmas\u0131 gerekti\u011fini ve bunun nas\u0131l yap\u0131labilece\u011fini anlat\u0131yor. Boyutlar\u0131n\u0131z geni\u015f olsun. <\/p>\n","protected":false},"excerpt":{"rendered":"<p>Bu kitapta d\u00fcnyada ilk kez kitab\u0131n yazar\u0131 taraf\u0131ndan ortaya at\u0131lan bir kavram ele al\u0131n\u0131yor. Boyutsall\u0131k, yani bilimsel fark\u0131ndal\u0131k bilimsel d\u00fc\u015f\u00fcnce tarz\u0131n\u0131n bir ya\u015fam bi\u00e7imi, bir d\u00fcnya<span class=\"excerpt-hellip\"> [\u2026]<\/span><\/p>\n","protected":false},"featured_media":0,"template":"","meta":{"_monsterinsights_skip_tracking":false,"_monsterinsights_sitenote_active":false,"_monsterinsights_sitenote_note":"","_monsterinsights_sitenote_category":0},"product_brand":[],"product_cat":[20351,12388],"product_tag":[],"class_list":{"0":"post-759467","1":"product","2":"type-product","3":"status-publish","5":"product_cat-dusunce","6":"product_cat-felsefe","7":"pa_cilt-ciltsiz","8":"pa_tur-kitap","9":"pa_yayinevi-bilim-ve-sanat-yayinlari","10":"pa_yazar-ustun-dokmen","12":"first","13":"instock","14":"sale","15":"shipping-taxable","16":"purchasable","17":"product-type-simple"},"_links":{"self":[{"href":"https:\/\/roveyayinevi.com.tr\/index.php\/wp-json\/wp\/v2\/product\/759467","targetHints":{"allow":["GET"]}}],"collection":[{"href":"https:\/\/roveyayinevi.com.tr\/index.php\/wp-json\/wp\/v2\/product"}],"about":[{"href":"https:\/\/roveyayinevi.com.tr\/index.php\/wp-json\/wp\/v2\/types\/product"}],"wp:attachment":[{"href":"https:\/\/roveyayinevi.com.tr\/index.php\/wp-json\/wp\/v2\/media?parent=759467"}],"wp:term":[{"taxonomy":"product_brand","embeddable":true,"href":"https:\/\/roveyayinevi.com.tr\/index.php\/wp-json\/wp\/v2\/product_brand?post=759467"},{"taxonomy":"product_cat","embeddable":true,"href":"https:\/\/roveyayinevi.com.tr\/index.php\/wp-json\/wp\/v2\/product_cat?post=759467"},{"taxonomy":"product_tag","embeddable":true,"href":"https:\/\/roveyayinevi.com.tr\/index.php\/wp-json\/wp\/v2\/product_tag?post=759467"}],"curies":[{"name":"wp","href":"https:\/\/api.w.org\/{rel}","templated":true}]}}