{"id":759465,"date":"2025-08-28T08:35:45","date_gmt":"2025-08-28T05:35:45","guid":{"rendered":"https:\/\/roveyayinevi.com.tr\/index.php\/urun\/dunya-burada-bitsin\/"},"modified":"2026-04-16T03:12:33","modified_gmt":"2026-04-16T00:12:33","slug":"dunya-burada-bitsin","status":"publish","type":"product","link":"https:\/\/roveyayinevi.com.tr\/index.php\/urun\/dunya-burada-bitsin\/","title":{"rendered":"D\u00fcnya Burada Bitsin"},"content":{"rendered":"<p>e\u011filip i\u00e7ti\u011fim su bana ne verdi k\u0131l\u0131\u00e7lar ve mahrem bilgisi k\u0131n\u0131mda e\u011fle\u015fir hidrojen keskin g\u00f6ze oturur sebatl\u0131 geyik linki burada t\u0131klay\u0131n a\u00e7\u0131ls\u0131n benim evcil kitab\u0131mda her \u015fey \u00e7ok komik   kitab\u0131m kal\u0131nd\u0131r ve nabz\u0131 puldan kitab\u0131m gerilmi\u015f azarl\u0131 bir yaydan   da\u011f kazans\u0131n ben bu oku atamam <\/p>\n","protected":false},"excerpt":{"rendered":"<p>e\u011filip i\u00e7ti\u011fim su bana ne verdi k\u0131l\u0131\u00e7lar ve mahrem bilgisi k\u0131n\u0131mda e\u011fle\u015fir hidrojen keskin g\u00f6ze oturur sebatl\u0131 geyik linki burada t\u0131klay\u0131n a\u00e7\u0131ls\u0131n benim evcil kitab\u0131mda her<span class=\"excerpt-hellip\"> [\u2026]<\/span><\/p>\n","protected":false},"featured_media":0,"template":"","meta":{"_monsterinsights_skip_tracking":false,"_monsterinsights_sitenote_active":false,"_monsterinsights_sitenote_note":"","_monsterinsights_sitenote_category":0},"product_brand":[],"product_cat":[12291,12509],"product_tag":[],"class_list":{"0":"post-759465","1":"product","2":"type-product","3":"status-publish","5":"product_cat-edebiyat","6":"product_cat-siir","7":"pa_cilt-ciltsiz","8":"pa_tur-kitap","9":"pa_yayinevi-everest-yayinlari","10":"pa_yazar-emel-kaya","12":"first","13":"instock","14":"sale","15":"shipping-taxable","16":"purchasable","17":"product-type-simple"},"_links":{"self":[{"href":"https:\/\/roveyayinevi.com.tr\/index.php\/wp-json\/wp\/v2\/product\/759465","targetHints":{"allow":["GET"]}}],"collection":[{"href":"https:\/\/roveyayinevi.com.tr\/index.php\/wp-json\/wp\/v2\/product"}],"about":[{"href":"https:\/\/roveyayinevi.com.tr\/index.php\/wp-json\/wp\/v2\/types\/product"}],"wp:attachment":[{"href":"https:\/\/roveyayinevi.com.tr\/index.php\/wp-json\/wp\/v2\/media?parent=759465"}],"wp:term":[{"taxonomy":"product_brand","embeddable":true,"href":"https:\/\/roveyayinevi.com.tr\/index.php\/wp-json\/wp\/v2\/product_brand?post=759465"},{"taxonomy":"product_cat","embeddable":true,"href":"https:\/\/roveyayinevi.com.tr\/index.php\/wp-json\/wp\/v2\/product_cat?post=759465"},{"taxonomy":"product_tag","embeddable":true,"href":"https:\/\/roveyayinevi.com.tr\/index.php\/wp-json\/wp\/v2\/product_tag?post=759465"}],"curies":[{"name":"wp","href":"https:\/\/api.w.org\/{rel}","templated":true}]}}