{"id":759464,"date":"2025-08-28T08:35:43","date_gmt":"2025-08-28T05:35:43","guid":{"rendered":"https:\/\/roveyayinevi.com.tr\/index.php\/urun\/icsel-muhendislik\/"},"modified":"2026-04-08T03:21:07","modified_gmt":"2026-04-08T00:21:07","slug":"icsel-muhendislik","status":"publish","type":"product","link":"https:\/\/roveyayinevi.com.tr\/index.php\/urun\/icsel-muhendislik\/","title":{"rendered":"\u0130\u00e7sel M\u00fchendislik"},"content":{"rendered":"<p>YA\u015eAYAN B\u0130R USTADANGER\u00c7EK MUTLULU\u011eA ULA\u015eMANIN YOLLARIYoga, i\u00e7sel enerjileri, bedeninizi ve zihninizi ideal kapasitede \u00e7al\u0131\u015ft\u0131rarak harekete ge\u00e7irebilen sofistike bir kendini g\u00fc\u00e7lendirme sistemidir. \u0130\u00e7 d\u00fcnyan\u0131z\u0131 tam olarak istedi\u011finiz gibi y\u00f6netmenizin, kendi mutlulu\u011funuzu in\u015fa edebilmenizin yolunu a\u00e7ar. Bir yogi hayat\u0131n\u0131 b\u00f6yle bir geni\u015flemeyle ya\u015far.Vizyoner yogi Sadhguru da bu \u00e7\u0131\u011f\u0131r a\u00e7an kitapta, do\u011faya benzersiz bir yak\u0131nl\u0131\u011f\u0131 olan bir \u00e7ocuktan Hindistan&#8217;\u0131 motosikletiyle dola\u015fan g\u00f6z\u00fc pek bir gence evrilmesinin hik\u00e2yesinden yola \u00e7\u0131karak yogan\u0131n temellerini anlat\u0131yor. G\u00fcney Hindistan&#8217;daki bir da\u011f\u0131n tepesinde zaman\u0131n durdu\u011fu ve k\u00f6kten de\u011fi\u015fmi\u015f olarak yeniden do\u011fdu\u011fu o \u00f6zel ayd\u0131nlanma an\u0131n\u0131 bizlerle payla\u015f\u0131yor. Bug\u00fcn kendini insani ama\u00e7lara adam\u0131\u015f bir kurulu\u015f olan Isha&#8217;n\u0131n kurucusu Sadhguru, milyonlarca ki\u015finin yolunu ayd\u0131nlat\u0131yor. \u00c7\u00fcnk\u00fc ona g\u00f6re guru, &#8220;karanl\u0131\u011f\u0131 da\u011f\u0131tan, sizin i\u00e7in kap\u0131y\u0131 a\u00e7an ki\u015fi&#8221; anlam\u0131na geliyor: &#8220;Bir guru olarak, \u00f6\u011fretecek bir doktrinim, aktaracak bir felsefem, yayacak bir inanc\u0131m yok. \u0130nsanl\u0131\u011f\u0131n ba\u015f\u0131na bela olan t\u00fcm k\u00f6t\u00fcl\u00fcklerin \u00e7\u00f6z\u00fcm\u00fc ki\u015fisel d\u00f6n\u00fc\u015f\u00fcmden ge\u00e7iyor. Kendini d\u00f6n\u00fc\u015ft\u00fcrmek, ge\u00e7mi\u015fi geride b\u0131rakmakt\u0131r, hayat\u0131 alg\u0131lama ve deneyimleme \u015feklinizin de\u011fi\u015fmesidir.&#8221; Bu derin ve ilgi \u00e7ekici kitaptaki saf bilgelik, okuyuculara kan\u0131tlanm\u0131\u015f, taze, canl\u0131 ve yeni ara\u00e7lar sunuyor. \u0130\u00e7sel M\u00fchendislik, devrim niteli\u011finde bir d\u00fc\u015f\u00fcnme bi\u00e7imi geli\u015ftirerek mutlu bir hayata ula\u015fma f\u0131rsat\u0131yla tan\u0131\u015fman\u0131z\u0131 sa\u011fl\u0131yor.<\/p>\n","protected":false},"excerpt":{"rendered":"<p>YA\u015eAYAN B\u0130R USTADANGER\u00c7EK MUTLULU\u011eA ULA\u015eMANIN YOLLARIYoga, i\u00e7sel enerjileri, bedeninizi ve zihninizi ideal kapasitede \u00e7al\u0131\u015ft\u0131rarak harekete ge\u00e7irebilen sofistike bir kendini g\u00fc\u00e7lendirme sistemidir. \u0130\u00e7 d\u00fcnyan\u0131z\u0131 tam olarak istedi\u011finiz<span class=\"excerpt-hellip\"> [\u2026]<\/span><\/p>\n","protected":false},"featured_media":0,"template":"","meta":{"_monsterinsights_skip_tracking":false,"_monsterinsights_sitenote_active":false,"_monsterinsights_sitenote_note":"","_monsterinsights_sitenote_category":0},"product_brand":[],"product_cat":[12364,12376],"product_tag":[],"class_list":{"0":"post-759464","1":"product","2":"type-product","3":"status-publish","5":"product_cat-genel-konular","6":"product_cat-kisisel-gelisim","7":"pa_cilt-ciltsiz","8":"pa_tur-kitap","9":"pa_yayinevi-libros-yayinlari","10":"pa_yazar-sadhguru-jaggi-vasudev","12":"first","13":"instock","14":"sale","15":"shipping-taxable","16":"purchasable","17":"product-type-simple"},"_links":{"self":[{"href":"https:\/\/roveyayinevi.com.tr\/index.php\/wp-json\/wp\/v2\/product\/759464","targetHints":{"allow":["GET"]}}],"collection":[{"href":"https:\/\/roveyayinevi.com.tr\/index.php\/wp-json\/wp\/v2\/product"}],"about":[{"href":"https:\/\/roveyayinevi.com.tr\/index.php\/wp-json\/wp\/v2\/types\/product"}],"wp:attachment":[{"href":"https:\/\/roveyayinevi.com.tr\/index.php\/wp-json\/wp\/v2\/media?parent=759464"}],"wp:term":[{"taxonomy":"product_brand","embeddable":true,"href":"https:\/\/roveyayinevi.com.tr\/index.php\/wp-json\/wp\/v2\/product_brand?post=759464"},{"taxonomy":"product_cat","embeddable":true,"href":"https:\/\/roveyayinevi.com.tr\/index.php\/wp-json\/wp\/v2\/product_cat?post=759464"},{"taxonomy":"product_tag","embeddable":true,"href":"https:\/\/roveyayinevi.com.tr\/index.php\/wp-json\/wp\/v2\/product_tag?post=759464"}],"curies":[{"name":"wp","href":"https:\/\/api.w.org\/{rel}","templated":true}]}}