{"id":759463,"date":"2025-08-28T08:35:42","date_gmt":"2025-08-28T05:35:42","guid":{"rendered":"https:\/\/roveyayinevi.com.tr\/index.php\/urun\/degisen-duzen\/"},"modified":"2026-04-16T03:12:33","modified_gmt":"2026-04-16T00:12:33","slug":"degisen-duzen","status":"publish","type":"product","link":"https:\/\/roveyayinevi.com.tr\/index.php\/urun\/degisen-duzen\/","title":{"rendered":"De\u011fi\u015fen D\u00fczen"},"content":{"rendered":"<p>Zafer Toprak \u2013 \u0130ktisat tarihinin dar bir alana sokulmamas\u0131 gerekir. Dal budak salan bir \u00e7al\u0131\u015fma alan\u0131d\u0131r. \u00c7ok de\u011fi\u015fik disiplinlerle birlikte varl\u0131\u011f\u0131n\u0131 s\u00fcrd\u00fcr\u00fcr. Bu durum onu daha g\u00fc\u00e7l\u00fc hale getirmi\u015ftir\u2026 1920 ve 1930\u2019larla ilgili ele alabilece\u011fimiz o kadar \u00e7ok de\u011fi\u015fik konular var ki kolay kolay t\u00fcketebilece\u011fimiz bir alan de\u011fildir. Zaten kitab\u0131n\u0131zda arkada\u015flar\u0131n\u0131z\u0131n i\u015fledi\u011fi konular bunu g\u00f6steriyor. \u00c7ok farkl\u0131 alanlarda ilgin\u00e7 temalar bulmu\u015flar. Bu asl\u0131nda alan\u0131n ne kadar verimli oldu\u011funu da g\u00f6sterir\u2026 Bizim iktisat tarihinin en g\u00fc\u00e7l\u00fc oldu\u011fu evre asl\u0131nda iki d\u00fcnya sava\u015f\u0131 aras\u0131ndaki d\u00f6nemdir\u2026 \u0130ktisat tarihi \u00e7al\u0131\u015fmalar\u0131 \u00f6n\u00fc son derece a\u00e7\u0131k bir alan. Umar\u0131m gen\u00e7leri bu alanlara sevk edebiliriz. Gen\u00e7ler bu alanlarda somut ve \u00f6zg\u00fcn \u00e7al\u0131\u015fmalar ortaya koyabilirler. \u0130ktisat tarihimiz de her ge\u00e7en g\u00fcn biraz daha zenginle\u015fir daha geni\u015f kitlelere ula\u015f\u0131r\u2026 \u015eevket Pamuk \u2013 Tarihin b\u00fcy\u00fck \u00e7o\u011funlu\u011funda hem s\u00fcreklilik hem de kopu\u015f vard\u0131r. Ama tarih\u00e7iler olaylara incelerken kendi yorumlar\u0131n\u0131 yapmak isterler. Onun i\u00e7in somut olaylara bakt\u0131klar\u0131nda bazen s\u00fcreklilik, bazen de kopu\u015flar\u0131 vurgularlar\u2026 Osmanl\u0131ca kaynaklar\u0131 okuyabilenler imparatorlu\u011fun daha erken d\u00f6nemlerini inceliyorlard\u0131. Bu y\u00fczden 19. y\u00fczy\u0131l\u0131 \u00e7al\u0131\u015fan iktisat tarih\u00e7ilerinin say\u0131lar\u0131 s\u0131n\u0131rl\u0131 kald\u0131. Yeni ku\u015fakta son otuz y\u0131l i\u00e7inde bu durum de\u011fi\u015fti. Osmanl\u0131 kaynaklar\u0131n\u0131, verilerini, say\u0131lar\u0131n\u0131 kullanan iktisat tarih\u00e7ilerinin say\u0131lar\u0131 artmakta\u2026 \u0130ktisat tarihi alan\u0131nda tekrar bir canlanma ba\u015flad\u0131. Gen\u00e7 nesiller; hem tarih\u00e7ilikten, hem sosyal bilimlerden gelenler T\u00fcrkiye\u203ade iktisat tarih\u00e7ili\u011fine daha \u00e7ok veri kullanarak, d\u00fcnya literat\u00fcr\u00fcn\u00fc daha yak\u0131ndan izleyerek yeni bir canlanma getiriyorlar. Bu y\u00fczden son d\u00f6nemdeki \u00e7al\u0131\u015fmalar\u0131 olduk\u00e7a \u00f6nemsiyorum\u2026<\/p>\n","protected":false},"excerpt":{"rendered":"<p>Zafer Toprak \u2013 \u0130ktisat tarihinin dar bir alana sokulmamas\u0131 gerekir. Dal budak salan bir \u00e7al\u0131\u015fma alan\u0131d\u0131r. \u00c7ok de\u011fi\u015fik disiplinlerle birlikte varl\u0131\u011f\u0131n\u0131 s\u00fcrd\u00fcr\u00fcr. Bu durum onu daha<span class=\"excerpt-hellip\"> [\u2026]<\/span><\/p>\n","protected":false},"featured_media":0,"template":"","meta":{"_monsterinsights_skip_tracking":false,"_monsterinsights_sitenote_active":false,"_monsterinsights_sitenote_note":"","_monsterinsights_sitenote_category":0},"product_brand":[],"product_cat":[12370,12304],"product_tag":[],"class_list":{"0":"post-759463","1":"product","2":"type-product","3":"status-publish","5":"product_cat-arastirma-inceleme","6":"product_cat-tarih","7":"pa_cilt-ciltsiz","8":"pa_tur-kitap","9":"pa_yayinevi-efil-yayinevi","10":"pa_yazar-kolektif","12":"first","13":"instock","14":"sale","15":"shipping-taxable","16":"purchasable","17":"product-type-simple"},"_links":{"self":[{"href":"https:\/\/roveyayinevi.com.tr\/index.php\/wp-json\/wp\/v2\/product\/759463","targetHints":{"allow":["GET"]}}],"collection":[{"href":"https:\/\/roveyayinevi.com.tr\/index.php\/wp-json\/wp\/v2\/product"}],"about":[{"href":"https:\/\/roveyayinevi.com.tr\/index.php\/wp-json\/wp\/v2\/types\/product"}],"wp:attachment":[{"href":"https:\/\/roveyayinevi.com.tr\/index.php\/wp-json\/wp\/v2\/media?parent=759463"}],"wp:term":[{"taxonomy":"product_brand","embeddable":true,"href":"https:\/\/roveyayinevi.com.tr\/index.php\/wp-json\/wp\/v2\/product_brand?post=759463"},{"taxonomy":"product_cat","embeddable":true,"href":"https:\/\/roveyayinevi.com.tr\/index.php\/wp-json\/wp\/v2\/product_cat?post=759463"},{"taxonomy":"product_tag","embeddable":true,"href":"https:\/\/roveyayinevi.com.tr\/index.php\/wp-json\/wp\/v2\/product_tag?post=759463"}],"curies":[{"name":"wp","href":"https:\/\/api.w.org\/{rel}","templated":true}]}}