{"id":759462,"date":"2025-08-28T08:35:39","date_gmt":"2025-08-28T05:35:39","guid":{"rendered":"https:\/\/roveyayinevi.com.tr\/index.php\/urun\/kendimden\/"},"modified":"2026-04-16T03:12:33","modified_gmt":"2026-04-16T00:12:33","slug":"kendimden","status":"publish","type":"product","link":"https:\/\/roveyayinevi.com.tr\/index.php\/urun\/kendimden\/","title":{"rendered":"Kendimden"},"content":{"rendered":"<p>Maskelerin ard\u0131nda kim var? Onunla hi\u00e7 konu\u015fmay\u0131 denediniz mi? Neden maskelere ihtiya\u00e7 duydu\u011funu sordunuz mu? Sizler i\u00e7in takt\u0131\u011f\u0131 her maskeye kand\u0131n\u0131z hem de k\u00f6r\u00fc k\u00f6r\u00fcne. Onlar\u0131n arkas\u0131ndaki ki\u015fi merak\u0131n\u0131za bile d\u00fc\u015fmedi. \u00c7\u00fcnk\u00fc ihtiyac\u0131n\u0131z olan \u015fey maskelerin kendisiydi. Onlar\u0131 takan, onlar\u0131n ard\u0131ndaki ger\u00e7ek sizi \u0131rgalam\u0131yordu. B\u00f6ylesi daha kolay\u0131n\u0131za geldi. Siz maskelerle mutlu olan, ya\u015fam\u0131n kendisinden habersiz sahte suratlara muhta\u00e7s\u0131n\u0131z. Ger\u00e7ek ya\u015fam, maskelerin ard\u0131nda gizlidir. Ger\u00e7eklik yalanlar\u0131n alt\u0131nda yat\u0131l\u0131d\u0131r. <\/p>\n","protected":false},"excerpt":{"rendered":"<p>Maskelerin ard\u0131nda kim var? Onunla hi\u00e7 konu\u015fmay\u0131 denediniz mi? Neden maskelere ihtiya\u00e7 duydu\u011funu sordunuz mu? Sizler i\u00e7in takt\u0131\u011f\u0131 her maskeye kand\u0131n\u0131z hem de k\u00f6r\u00fc k\u00f6r\u00fcne. Onlar\u0131n<span class=\"excerpt-hellip\"> [\u2026]<\/span><\/p>\n","protected":false},"featured_media":0,"template":"","meta":{"_monsterinsights_skip_tracking":false,"_monsterinsights_sitenote_active":false,"_monsterinsights_sitenote_note":"","_monsterinsights_sitenote_category":0},"product_brand":[],"product_cat":[12291,12509],"product_tag":[],"class_list":{"0":"post-759462","1":"product","2":"type-product","3":"status-publish","5":"product_cat-edebiyat","6":"product_cat-siir","7":"pa_cilt-ciltsiz","8":"pa_tur-kitap","9":"pa_yayinevi-ulysses-yayinlari","10":"pa_yazar-faysal-karagokce","12":"first","13":"instock","14":"sale","15":"shipping-taxable","16":"purchasable","17":"product-type-simple"},"_links":{"self":[{"href":"https:\/\/roveyayinevi.com.tr\/index.php\/wp-json\/wp\/v2\/product\/759462","targetHints":{"allow":["GET"]}}],"collection":[{"href":"https:\/\/roveyayinevi.com.tr\/index.php\/wp-json\/wp\/v2\/product"}],"about":[{"href":"https:\/\/roveyayinevi.com.tr\/index.php\/wp-json\/wp\/v2\/types\/product"}],"wp:attachment":[{"href":"https:\/\/roveyayinevi.com.tr\/index.php\/wp-json\/wp\/v2\/media?parent=759462"}],"wp:term":[{"taxonomy":"product_brand","embeddable":true,"href":"https:\/\/roveyayinevi.com.tr\/index.php\/wp-json\/wp\/v2\/product_brand?post=759462"},{"taxonomy":"product_cat","embeddable":true,"href":"https:\/\/roveyayinevi.com.tr\/index.php\/wp-json\/wp\/v2\/product_cat?post=759462"},{"taxonomy":"product_tag","embeddable":true,"href":"https:\/\/roveyayinevi.com.tr\/index.php\/wp-json\/wp\/v2\/product_tag?post=759462"}],"curies":[{"name":"wp","href":"https:\/\/api.w.org\/{rel}","templated":true}]}}