{"id":759456,"date":"2025-08-28T08:35:29","date_gmt":"2025-08-28T05:35:29","guid":{"rendered":"https:\/\/roveyayinevi.com.tr\/index.php\/urun\/gufi-ile-yasam-dersleri\/"},"modified":"2026-04-16T03:12:33","modified_gmt":"2026-04-16T00:12:33","slug":"gufi-ile-yasam-dersleri","status":"publish","type":"product","link":"https:\/\/roveyayinevi.com.tr\/index.php\/urun\/gufi-ile-yasam-dersleri\/","title":{"rendered":"Gufi ile Ya\u015fam Dersleri"},"content":{"rendered":"<p>\u201c\u00c7ocuklu\u011fumdan beri hayvanlar\u0131n i\u00e7 d\u00fcnyas\u0131nda neler oldu\u011funu merak ettim. Hayat\u0131ma giren Gufi ile birlikte onlar\u0131n konu\u015ftuklar\u0131n\u0131 hayal ettim ve b\u00f6yle bir kitaba vesile oldu.\u201d Gufi, insanlarla olan hayatlar\u0131na yeni ba\u015flayacak k\u00f6peklere, onlar\u0131n i\u015flerini kolayla\u015ft\u0131rmak i\u00e7in kendi deneyimlerini aktar\u0131yor. Kendi ailesinin hayat\u0131na renk katan deneyimli Gufi hen\u00fcz aileleriyle tan\u0131\u015fmam\u0131\u015f k\u00f6pek arkada\u015flar\u0131na rehberlik ediyor. <\/p>\n","protected":false},"excerpt":{"rendered":"<p>\u201c\u00c7ocuklu\u011fumdan beri hayvanlar\u0131n i\u00e7 d\u00fcnyas\u0131nda neler oldu\u011funu merak ettim. Hayat\u0131ma giren Gufi ile birlikte onlar\u0131n konu\u015ftuklar\u0131n\u0131 hayal ettim ve b\u00f6yle bir kitaba vesile oldu.\u201d Gufi, insanlarla<span class=\"excerpt-hellip\"> [\u2026]<\/span><\/p>\n","protected":false},"featured_media":0,"template":"","meta":{"_monsterinsights_skip_tracking":false,"_monsterinsights_sitenote_active":false,"_monsterinsights_sitenote_note":"","_monsterinsights_sitenote_category":0},"product_brand":[],"product_cat":[12274],"product_tag":[],"class_list":{"0":"post-759456","1":"product","2":"type-product","3":"status-publish","5":"product_cat-cocuk-ve-genclik-kitaplari","6":"pa_cilt-ciltsiz","7":"pa_tur-kitap","8":"pa_yayinevi-eksik-parca-yayinlari","9":"pa_yazar-gizem-akdogan","11":"first","12":"instock","13":"sale","14":"shipping-taxable","15":"purchasable","16":"product-type-simple"},"_links":{"self":[{"href":"https:\/\/roveyayinevi.com.tr\/index.php\/wp-json\/wp\/v2\/product\/759456","targetHints":{"allow":["GET"]}}],"collection":[{"href":"https:\/\/roveyayinevi.com.tr\/index.php\/wp-json\/wp\/v2\/product"}],"about":[{"href":"https:\/\/roveyayinevi.com.tr\/index.php\/wp-json\/wp\/v2\/types\/product"}],"wp:attachment":[{"href":"https:\/\/roveyayinevi.com.tr\/index.php\/wp-json\/wp\/v2\/media?parent=759456"}],"wp:term":[{"taxonomy":"product_brand","embeddable":true,"href":"https:\/\/roveyayinevi.com.tr\/index.php\/wp-json\/wp\/v2\/product_brand?post=759456"},{"taxonomy":"product_cat","embeddable":true,"href":"https:\/\/roveyayinevi.com.tr\/index.php\/wp-json\/wp\/v2\/product_cat?post=759456"},{"taxonomy":"product_tag","embeddable":true,"href":"https:\/\/roveyayinevi.com.tr\/index.php\/wp-json\/wp\/v2\/product_tag?post=759456"}],"curies":[{"name":"wp","href":"https:\/\/api.w.org\/{rel}","templated":true}]}}