{"id":759454,"date":"2025-08-28T08:35:24","date_gmt":"2025-08-28T05:35:24","guid":{"rendered":"https:\/\/roveyayinevi.com.tr\/index.php\/urun\/ben-neden-bu-kadar-boyle\/"},"modified":"2026-04-12T03:16:23","modified_gmt":"2026-04-12T00:16:23","slug":"ben-neden-bu-kadar-boyle","status":"publish","type":"product","link":"https:\/\/roveyayinevi.com.tr\/index.php\/urun\/ben-neden-bu-kadar-boyle\/","title":{"rendered":"Ben Neden Bu Kadar B\u00f6yle"},"content":{"rendered":"<p>\u201cBabam\u0131n mektubunu du\u0308\u015fu\u0308nu\u0308yordum. Onun kahramanlar\u0131n\u0131. Bir de benim kahramanlar\u0131m\u0131. Ya\u015f\u0131tlar\u0131m\u0131n kahramanlar\u0131n\u0131. Hatta benden bu\u0308yu\u0308klerin de kahramanlar\u0131n\u0131\u2026 Sinemalarda, kitaplarda, \u00e7izgi romanlarda, televizyonda, sosyal medyada. Yani her yerde. Bir mahkeme kurup kahramanlar\u0131 yarg\u0131lamaya karar verdim. Bunu nas\u0131l yapacakt\u0131m?\u201d Ali, Zeytinburnu\u2019nda tuhaf olarak etiketlenmi\u015f bir gen\u00e7. S\u0131radanl\u0131k ona g\u00f6re de\u011fil, \u00e7u\u0308nku\u0308 Ali\u2019nin i\u00e7inde matematik dehas\u0131 kadar gu\u0308\u00e7lu\u0308 bir tuhafl\u0131k yat\u0131yor. Di\u011ferleri onu anlamasa da, Ali\u2019nin tuhafl\u0131\u011f\u0131, sadece say\u0131larla de\u011fil, ayn\u0131 zamanda kendi ger\u00e7ek benli\u011fiyle sava\u015ft\u0131\u011f\u0131 bu hik\u00e2yede ortaya \u00e7\u0131k\u0131yor. Ben Neden Bu Kadar B\u00f6yle, sonsuz sorular aras\u0131nda, Ali\u2019nin i\u00e7indeki gu\u0308cu\u0308, dostlu\u011fu ve hayal gu\u0308cu\u0308nu\u0308 ke\u015ffetmesiyle gen\u00e7 okurlara \u201cs\u0131radan\u201d birinin nas\u0131l ger\u00e7ek bir kahramana d\u00f6nu\u0308\u015febilece\u011fini g\u00f6steriyor. Matematik, bu hik\u00e2yede sadece bir ara\u00e7 de\u011fil, ayn\u0131 zamanda bir kahraman\u0131n do\u011fu\u015funun anahtar\u0131\u2026<\/p>\n","protected":false},"excerpt":{"rendered":"<p>\u201cBabam\u0131n mektubunu du\u0308\u015fu\u0308nu\u0308yordum. Onun kahramanlar\u0131n\u0131. Bir de benim kahramanlar\u0131m\u0131. Ya\u015f\u0131tlar\u0131m\u0131n kahramanlar\u0131n\u0131. Hatta benden bu\u0308yu\u0308klerin de kahramanlar\u0131n\u0131\u2026 Sinemalarda, kitaplarda, \u00e7izgi romanlarda, televizyonda, sosyal medyada. Yani her yerde.<span class=\"excerpt-hellip\"> [\u2026]<\/span><\/p>\n","protected":false},"featured_media":0,"template":"","meta":{"_monsterinsights_skip_tracking":false,"_monsterinsights_sitenote_active":false,"_monsterinsights_sitenote_note":"","_monsterinsights_sitenote_category":0},"product_brand":[],"product_cat":[12291,18202],"product_tag":[],"class_list":{"0":"post-759454","1":"product","2":"type-product","3":"status-publish","5":"product_cat-edebiyat","6":"product_cat-hikaye","7":"pa_cilt-ciltsiz","8":"pa_tur-kitap","9":"pa_yayinevi-ketebe-yayinlari","10":"pa_yazar-guray-sungu","12":"first","13":"instock","14":"sale","15":"shipping-taxable","16":"purchasable","17":"product-type-simple"},"_links":{"self":[{"href":"https:\/\/roveyayinevi.com.tr\/index.php\/wp-json\/wp\/v2\/product\/759454","targetHints":{"allow":["GET"]}}],"collection":[{"href":"https:\/\/roveyayinevi.com.tr\/index.php\/wp-json\/wp\/v2\/product"}],"about":[{"href":"https:\/\/roveyayinevi.com.tr\/index.php\/wp-json\/wp\/v2\/types\/product"}],"wp:attachment":[{"href":"https:\/\/roveyayinevi.com.tr\/index.php\/wp-json\/wp\/v2\/media?parent=759454"}],"wp:term":[{"taxonomy":"product_brand","embeddable":true,"href":"https:\/\/roveyayinevi.com.tr\/index.php\/wp-json\/wp\/v2\/product_brand?post=759454"},{"taxonomy":"product_cat","embeddable":true,"href":"https:\/\/roveyayinevi.com.tr\/index.php\/wp-json\/wp\/v2\/product_cat?post=759454"},{"taxonomy":"product_tag","embeddable":true,"href":"https:\/\/roveyayinevi.com.tr\/index.php\/wp-json\/wp\/v2\/product_tag?post=759454"}],"curies":[{"name":"wp","href":"https:\/\/api.w.org\/{rel}","templated":true}]}}