{"id":759442,"date":"2025-08-28T08:35:02","date_gmt":"2025-08-28T05:35:02","guid":{"rendered":"https:\/\/roveyayinevi.com.tr\/index.php\/urun\/disney-aristokedicikler-muthis-yetenek-gosterisi\/"},"modified":"2026-04-16T03:12:32","modified_gmt":"2026-04-16T00:12:32","slug":"disney-aristokedicikler-muthis-yetenek-gosterisi","status":"publish","type":"product","link":"https:\/\/roveyayinevi.com.tr\/index.php\/urun\/disney-aristokedicikler-muthis-yetenek-gosterisi\/","title":{"rendered":"Disney Aristokedicikler M\u00fcthi\u015f Yetenek G\u00f6sterisi"},"content":{"rendered":"<p>Aristokediciklerle tan\u0131\u015f! Paris&#8217;te hayvanlar i\u00e7in gizli bir postane i\u015fleten \u00fc\u00e7\u00fczlerle!   Kedicikler, tavan aras\u0131nda baz\u0131 eski nota k\u00e2\u011f\u0131tlar\u0131 bulurlar. Bunun \u00fczerine Marie, pastanede bir yetenek g\u00f6sterisi d\u00fczenlemeye ve o g\u00f6steride rol almaya karar verir. Marie&#8217;nin t\u0131k\u0131r t\u0131k\u0131r i\u015fleyen bir plan\u0131 olsa da, bir g\u00f6steriyi y\u00f6netmek ve haz\u0131rl\u0131k yapmak sand\u0131\u011f\u0131ndan \u00e7ok daha zordur. Neyse ki Marie&#8217;nin yeni kedi arkada\u015f\u0131 Daisy bir oyuncudur ve tiyatro konusunda uzmand\u0131r. Daisy&#8217;nin tavsiyeleriyle Marie g\u00f6sterinin b\u00fcy\u00fck bir ba\u015far\u0131 kazanmas\u0131n\u0131 sa\u011flayabilecek mi, yoksa i\u015fler h\u0131zla sarpa m\u0131 saracak?   Aristokediciklerin di\u011fer maceralar\u0131n\u0131 ka\u00e7\u0131rma!<\/p>\n","protected":false},"excerpt":{"rendered":"<p>Aristokediciklerle tan\u0131\u015f! Paris&#8217;te hayvanlar i\u00e7in gizli bir postane i\u015fleten \u00fc\u00e7\u00fczlerle! Kedicikler, tavan aras\u0131nda baz\u0131 eski nota k\u00e2\u011f\u0131tlar\u0131 bulurlar. Bunun \u00fczerine Marie, pastanede bir yetenek g\u00f6sterisi d\u00fczenlemeye<span class=\"excerpt-hellip\"> [\u2026]<\/span><\/p>\n","protected":false},"featured_media":0,"template":"","meta":{"_monsterinsights_skip_tracking":false,"_monsterinsights_sitenote_active":false,"_monsterinsights_sitenote_note":"","_monsterinsights_sitenote_category":0},"product_brand":[],"product_cat":[12274,12284],"product_tag":[],"class_list":{"0":"post-759442","1":"product","2":"type-product","3":"status-publish","5":"product_cat-cocuk-ve-genclik-kitaplari","6":"product_cat-hikayeler","7":"pa_cilt-ciltsiz","8":"pa_tur-kitap","9":"pa_yayinevi-beta-kids","10":"pa_yazar-jennifer-castle","12":"first","13":"instock","14":"sale","15":"shipping-taxable","16":"purchasable","17":"product-type-simple"},"_links":{"self":[{"href":"https:\/\/roveyayinevi.com.tr\/index.php\/wp-json\/wp\/v2\/product\/759442","targetHints":{"allow":["GET"]}}],"collection":[{"href":"https:\/\/roveyayinevi.com.tr\/index.php\/wp-json\/wp\/v2\/product"}],"about":[{"href":"https:\/\/roveyayinevi.com.tr\/index.php\/wp-json\/wp\/v2\/types\/product"}],"wp:attachment":[{"href":"https:\/\/roveyayinevi.com.tr\/index.php\/wp-json\/wp\/v2\/media?parent=759442"}],"wp:term":[{"taxonomy":"product_brand","embeddable":true,"href":"https:\/\/roveyayinevi.com.tr\/index.php\/wp-json\/wp\/v2\/product_brand?post=759442"},{"taxonomy":"product_cat","embeddable":true,"href":"https:\/\/roveyayinevi.com.tr\/index.php\/wp-json\/wp\/v2\/product_cat?post=759442"},{"taxonomy":"product_tag","embeddable":true,"href":"https:\/\/roveyayinevi.com.tr\/index.php\/wp-json\/wp\/v2\/product_tag?post=759442"}],"curies":[{"name":"wp","href":"https:\/\/api.w.org\/{rel}","templated":true}]}}