{"id":759440,"date":"2025-08-28T08:34:59","date_gmt":"2025-08-28T05:34:59","guid":{"rendered":"https:\/\/roveyayinevi.com.tr\/index.php\/urun\/son-imparatorluk-osmanli\/"},"modified":"2026-04-16T03:12:32","modified_gmt":"2026-04-16T00:12:32","slug":"son-imparatorluk-osmanli","status":"publish","type":"product","link":"https:\/\/roveyayinevi.com.tr\/index.php\/urun\/son-imparatorluk-osmanli\/","title":{"rendered":"Son \u0130mparatorluk Osmanl\u0131"},"content":{"rendered":"<p>\u0130lber Ortayl\u0131 Devlet-i \u00c2liyye\u2019yi yeniden ke\u015ffetmeye davet ediyor&#8230; \u201cOsmanl\u0131 \u0130mparatorlu\u011fu tarihin ger\u00e7ek anlamdaki son \u00fcniversal, yani beynelmilel, cihan\u015f\u00fcmul imparatorlu\u011fudur. Akdeniz havzas\u0131ndaki \u00fc\u00e7 tarih\u00ee imparatorluktan birini kuranlar\u0131n torunlar\u0131 ve \u00e7ocuklar\u0131y\u0131z. Osmanl\u0131\u2019n\u0131n tarihini, kimli\u011fini bilmek ve anlamak kolay de\u011fil; b\u00fct\u00fcn etraf\u0131m\u0131z\u0131, yani yery\u00fcz\u00fcn\u00fcn en esasl\u0131 uygarl\u0131klar\u0131n\u0131 tan\u0131mam\u0131z, incelememiz, Osmanl\u0131\u2019n\u0131n kurumlar\u0131n\u0131, anlay\u0131\u015f\u0131n\u0131, olaylara bak\u0131\u015f\u0131n\u0131 bilmemiz laz\u0131m. Osmanl\u0131\u2019y\u0131 tan\u0131d\u0131k\u00e7a, ara\u015ft\u0131rd\u0131k\u00e7a, okuduk\u00e7a kendimizi daha \u00e7ok sevecek ve tarihimize daha \u00e7ok \u0131s\u0131naca\u011f\u0131z. \u015e\u00fcphesiz elinizdeki bu kitap da bu konuda okura yard\u0131mc\u0131 olma ve Osmanl\u0131\u2019ya dair yeni ufuklar a\u00e7ma iddias\u0131ndad\u0131r.\u201d \u0130lber Ortayl\u0131   Ge\u00e7mi\u015ften gelece\u011fe tarihi geli\u015fmelere \u0131\u015f\u0131k tutarken, tarihin b\u0131rakt\u0131\u011f\u0131 izleri irdeleyen \u0130lber Ortayl\u0131 sizleri Osmanl\u0131 d\u00fcnyas\u0131nda bir yolculu\u011fa \u00e7\u0131kar\u0131yor. Ortayl\u0131, bu kitab\u0131nda okuru Osmanl\u0131&#8217;y\u0131 son imparatorluk yapan y\u00f6netim \u015fekli, devletlerle olan ili\u015fkileri, farkl\u0131 k\u00fclt\u00fcrlere, dinlere yakla\u015f\u0131m\u0131 ve kurumlar\u0131yla k\u0131sacas\u0131 kendine \u00f6zg\u00fc kimli\u011fiyle ke\u015ffetmeye davet ediyor.<\/p>\n","protected":false},"excerpt":{"rendered":"<p>\u0130lber Ortayl\u0131 Devlet-i \u00c2liyye\u2019yi yeniden ke\u015ffetmeye davet ediyor&#8230; \u201cOsmanl\u0131 \u0130mparatorlu\u011fu tarihin ger\u00e7ek anlamdaki son \u00fcniversal, yani beynelmilel, cihan\u015f\u00fcmul imparatorlu\u011fudur. Akdeniz havzas\u0131ndaki \u00fc\u00e7 tarih\u00ee imparatorluktan birini kuranlar\u0131n<span class=\"excerpt-hellip\"> [\u2026]<\/span><\/p>\n","protected":false},"featured_media":0,"template":"","meta":{"_monsterinsights_skip_tracking":false,"_monsterinsights_sitenote_active":false,"_monsterinsights_sitenote_note":"","_monsterinsights_sitenote_category":0},"product_brand":[],"product_cat":[13517,12304],"product_tag":[],"class_list":{"0":"post-759440","1":"product","2":"type-product","3":"status-publish","5":"product_cat-osmanli-tarihi","6":"product_cat-tarih","7":"pa_cilt-ciltsiz","8":"pa_tur-kitap","9":"pa_yayinevi-kronik-kitap","10":"pa_yazar-ilber-ortayli","12":"first","13":"instock","14":"sale","15":"shipping-taxable","16":"purchasable","17":"product-type-simple"},"_links":{"self":[{"href":"https:\/\/roveyayinevi.com.tr\/index.php\/wp-json\/wp\/v2\/product\/759440","targetHints":{"allow":["GET"]}}],"collection":[{"href":"https:\/\/roveyayinevi.com.tr\/index.php\/wp-json\/wp\/v2\/product"}],"about":[{"href":"https:\/\/roveyayinevi.com.tr\/index.php\/wp-json\/wp\/v2\/types\/product"}],"wp:attachment":[{"href":"https:\/\/roveyayinevi.com.tr\/index.php\/wp-json\/wp\/v2\/media?parent=759440"}],"wp:term":[{"taxonomy":"product_brand","embeddable":true,"href":"https:\/\/roveyayinevi.com.tr\/index.php\/wp-json\/wp\/v2\/product_brand?post=759440"},{"taxonomy":"product_cat","embeddable":true,"href":"https:\/\/roveyayinevi.com.tr\/index.php\/wp-json\/wp\/v2\/product_cat?post=759440"},{"taxonomy":"product_tag","embeddable":true,"href":"https:\/\/roveyayinevi.com.tr\/index.php\/wp-json\/wp\/v2\/product_tag?post=759440"}],"curies":[{"name":"wp","href":"https:\/\/api.w.org\/{rel}","templated":true}]}}