{"id":759439,"date":"2025-08-28T08:34:57","date_gmt":"2025-08-28T05:34:57","guid":{"rendered":"https:\/\/roveyayinevi.com.tr\/index.php\/urun\/hayat-en-cok-iyileri-kirar\/"},"modified":"2026-04-08T03:21:07","modified_gmt":"2026-04-08T00:21:07","slug":"hayat-en-cok-iyileri-kirar","status":"publish","type":"product","link":"https:\/\/roveyayinevi.com.tr\/index.php\/urun\/hayat-en-cok-iyileri-kirar\/","title":{"rendered":"Hayat En \u00c7ok \u0130yileri K\u0131rar"},"content":{"rendered":"<p>\u201cOlumsuz bir olay kar\u015f\u0131s\u0131nda kendini su\u00e7lamak, ba\u015fkas\u0131n\u0131 su\u00e7lamak, ko\u015fullar\u0131 su\u00e7lamak koza \u00f6rmek gibidir. Ki\u015fi bu sorulara tak\u0131ld\u0131k\u00e7a kozas\u0131n\u0131 kal\u0131nla\u015ft\u0131r\u0131r, i\u00e7ine hapsolur ve kurban oldu\u011funa inan\u0131r. Buna kar\u015f\u0131l\u0131k, \u2018\u015eu anda iyi olan ne?\u2019 sorusunu kendisine sordu\u011funda kozay\u0131 deler ve sorunu \u00e7\u00f6zmek i\u00e7in sahip oldu\u011fu \u00f6z kaynaklar\u0131 fark edip oda\u011f\u0131n\u0131 f\u0131rsatlara \u00e7evirir. \u00c7\u00fcnk\u00fc enerjimizi nereye koyarsak hayat orada geli\u015fir.\u201d\u00beACAR BALTA\u015e Gu\u0308nu\u0308mu\u0308zde du\u0308nyan\u0131n k\u00f6tu\u0308ye gitti\u011fi ve her \u015feyin bozuldu\u011fu y\u00f6nu\u0308nde genel bir kan\u0131 var. Hemen herkes du\u0308nyadaki olumsuzluklardan ve hayat\u0131nda eksik g\u00f6rdu\u0308klerinden \u015fik\u00e2yet ediyor. Hepimiz bir yandan gu\u0308nlu\u0308k rutinler i\u00e7inde ya\u015fam mu\u0308cadelesi verirken bir yandan da kendimizi ger\u00e7ekle\u015ftirmek ve anlaml\u0131 bir hayat ya\u015famak istiyoruz. \u0130\u015fte b\u00f6ylesi d\u00f6nemlerde nereden ba\u015flayaca\u011f\u0131m\u0131z\u0131, nas\u0131l bir yol izleyece\u011fimizi bilemiyor ve anlam\u0131, fark\u0131ndal\u0131\u011f\u0131, \u00f6zdisiplin ve sa\u011flam iradeyi bize hat\u0131rlatacak \u201cbir bilgeye\u201d ihtiya\u00e7 duyuyoruz. Yar\u0131m as\u0131rl\u0131k mesleki kariyeri, yetmi\u015f y\u0131l\u0131 a\u015fk\u0131n ya\u015fam tecr\u00fcbesiyle psikolojiyi bilimsel temelinden uzakla\u015fmadan geni\u015f kitleler i\u00e7in anla\u015f\u0131l\u0131r k\u0131lan Acar Balta\u015f, tam da bu noktada yeniden aya\u011fa kalkmak i\u00e7in enerjimizi do\u011fru yere koymam\u0131z, gu\u0308cu\u0308mu\u0308zu\u0308n ve yetkinliklerimizin fark\u0131nda olmam\u0131z i\u00e7in bize kap\u0131 aral\u0131yor. Enerjimizi nas\u0131l do\u011fru yere koyabiliriz?De\u011fi\u015fim her ya\u015fta m\u00fcmk\u00fcn m\u00fcd\u00fcr?\u0130\u015fyerinde huzurlu bir ortam\u0131 nas\u0131l yaratabiliriz?Ba\u015far\u0131l\u0131 bir i\u015f liderini, sevilmeyen bir y\u00f6neticiden ay\u0131ran farklar nelerdir?A\u015fk, evlilik ve cinsellik konusunda bilmemiz gerekenler nelerdir?Anne-baba olarak de\u011fi\u015fen d\u00fcnyada hangi konularda s\u0131k\u0131\u015f\u0131yoruz?T\u00fcrkiye\u2019nin mutlu insanlar \u00fclkesi olmas\u0131 nas\u0131l ger\u00e7ekle\u015fecek?Hayat neden en \u00e7ok iyileri k\u0131rar?Peki, k\u0131r\u0131ld\u0131\u011f\u0131m\u0131z yerden nas\u0131l g\u00fc\u00e7leniriz? Mert \u0130nan sordu, Acar Balta\u015f yan\u0131tlad\u0131; Hayat En \u00c7ok \u0130yileri K\u0131rar, hayat \u00fczerine d\u00fc\u015f\u00fcnmek ve farkl\u0131 yollar\u0131 denemek isteyenler i\u00e7in bir ba\u015fucu kayna\u011f\u0131&#8230; <\/p>\n","protected":false},"excerpt":{"rendered":"<p>\u201cOlumsuz bir olay kar\u015f\u0131s\u0131nda kendini su\u00e7lamak, ba\u015fkas\u0131n\u0131 su\u00e7lamak, ko\u015fullar\u0131 su\u00e7lamak koza \u00f6rmek gibidir. Ki\u015fi bu sorulara tak\u0131ld\u0131k\u00e7a kozas\u0131n\u0131 kal\u0131nla\u015ft\u0131r\u0131r, i\u00e7ine hapsolur ve kurban oldu\u011funa inan\u0131r. Buna<span class=\"excerpt-hellip\"> [\u2026]<\/span><\/p>\n","protected":false},"featured_media":0,"template":"","meta":{"_monsterinsights_skip_tracking":false,"_monsterinsights_sitenote_active":false,"_monsterinsights_sitenote_note":"","_monsterinsights_sitenote_category":0},"product_brand":[],"product_cat":[12364,12376],"product_tag":[],"class_list":{"0":"post-759439","1":"product","2":"type-product","3":"status-publish","5":"product_cat-genel-konular","6":"product_cat-kisisel-gelisim","7":"pa_cilt-ciltsiz","8":"pa_tur-kitap","9":"pa_yayinevi-kronik-kitap","10":"pa_yazar-acar-baltas","12":"first","13":"instock","14":"sale","15":"shipping-taxable","16":"purchasable","17":"product-type-simple"},"_links":{"self":[{"href":"https:\/\/roveyayinevi.com.tr\/index.php\/wp-json\/wp\/v2\/product\/759439","targetHints":{"allow":["GET"]}}],"collection":[{"href":"https:\/\/roveyayinevi.com.tr\/index.php\/wp-json\/wp\/v2\/product"}],"about":[{"href":"https:\/\/roveyayinevi.com.tr\/index.php\/wp-json\/wp\/v2\/types\/product"}],"wp:attachment":[{"href":"https:\/\/roveyayinevi.com.tr\/index.php\/wp-json\/wp\/v2\/media?parent=759439"}],"wp:term":[{"taxonomy":"product_brand","embeddable":true,"href":"https:\/\/roveyayinevi.com.tr\/index.php\/wp-json\/wp\/v2\/product_brand?post=759439"},{"taxonomy":"product_cat","embeddable":true,"href":"https:\/\/roveyayinevi.com.tr\/index.php\/wp-json\/wp\/v2\/product_cat?post=759439"},{"taxonomy":"product_tag","embeddable":true,"href":"https:\/\/roveyayinevi.com.tr\/index.php\/wp-json\/wp\/v2\/product_tag?post=759439"}],"curies":[{"name":"wp","href":"https:\/\/api.w.org\/{rel}","templated":true}]}}