{"id":759438,"date":"2025-08-28T08:34:56","date_gmt":"2025-08-28T05:34:56","guid":{"rendered":"https:\/\/roveyayinevi.com.tr\/index.php\/urun\/iktisat-ve-toplum-dergisi-161-sayi-secim-ve-ekonomi\/"},"modified":"2026-04-16T03:12:32","modified_gmt":"2026-04-16T00:12:32","slug":"iktisat-ve-toplum-dergisi-161-sayi-secim-ve-ekonomi","status":"publish","type":"product","link":"https:\/\/roveyayinevi.com.tr\/index.php\/urun\/iktisat-ve-toplum-dergisi-161-sayi-secim-ve-ekonomi\/","title":{"rendered":"\u0130ktisat ve Toplum Dergisi 161. Say\u0131  Se\u00e7im ve Ekonomi"},"content":{"rendered":"<p>Bu say\u0131da: Bu\u0308t\u00e7e Alarm Veriyor &#8211; Mahfi E\u011filmez      Dijital \u00c7a\u011fda Se\u00e7imler, Botlar ve \u0130nternet Y\u00f6neti\u015fimi &#8211; Altu\u011f Yal\u00e7\u0131nta\u015f, Gizem Yard\u0131mc\u0131     Yerel Y\u00f6netim: Se\u00e7imler ve Demokrasi \u00dczerine &#8211; Ersin Kalayc\u0131o\u011flu         Demokrasilerin Test Y\u0131l\u0131: Du\u0308nyada ve Tu\u0308rkiye\u2019de 2024 Se\u00e7imleri &#8211; Arda Tunca Tu\u0308rkiye Cumhuriyeti Tarihinin Bir \u00d6zeti: De-\u0130slamizasyon versus Re-\u0130slamizasyon (K\u0131sa Bir Kronoloji Denemesi) &#8211; Ergun Tu\u0308rkcan \u0130klim Kriziyle Ku\u0308resel Mu\u0308cadeledenin Neresindeyiz? &#8211; R. Funda Barbaros Platformlar ve Dijital Platform Kooperatifleri &#8211; Erkan Erdil Alt\u0131na Hu\u0308cum! &#8211; Ay\u00e7a Tekin-Koru Tu\u0308rkiye\u2019nin D\u0131\u015f Bor\u00e7 Stoku &#8211; Nur Keyder \u00dcniversitelerin Halka A\u00e7\u0131lmas\u0131 Sorunsal\u0131 \u00dczerine &#8211; Hakan M\u0131hc\u0131 AKP\u2019li Y\u0131llarda Se\u00e7im ve Ekonomi: Toplumsal R\u0131zan\u0131n Olu\u015fturulmas\u0131 Kapsam\u0131nda Sosyal ve Finansal \u0130\u00e7erilme Stratejileri \u2013 Kaan Ero\u011fuz K\u0131r\u0131k Zincirler &#8211; Mert Can Duman R\u00f6portaj: Do\u00e7. Dr. Meltem Do\u011fan-Alparslan &#8211; Gu\u0308l\u00e7in Elif Yu\u0308cel      <\/p>\n","protected":false},"excerpt":{"rendered":"<p>Bu say\u0131da: Bu\u0308t\u00e7e Alarm Veriyor &#8211; Mahfi E\u011filmez Dijital \u00c7a\u011fda Se\u00e7imler, Botlar ve \u0130nternet Y\u00f6neti\u015fimi &#8211; Altu\u011f Yal\u00e7\u0131nta\u015f, Gizem Yard\u0131mc\u0131 Yerel Y\u00f6netim: Se\u00e7imler ve Demokrasi \u00dczerine<span class=\"excerpt-hellip\"> [\u2026]<\/span><\/p>\n","protected":false},"featured_media":0,"template":"","meta":{"_monsterinsights_skip_tracking":false,"_monsterinsights_sitenote_active":false,"_monsterinsights_sitenote_note":"","_monsterinsights_sitenote_category":0},"product_brand":[],"product_cat":[13527],"product_tag":[],"class_list":{"0":"post-759438","1":"product","2":"type-product","3":"status-publish","5":"product_cat-sureli-yayinlar","6":"pa_cilt-ciltsiz","7":"pa_tur-dergi","8":"pa_yayinevi-efil-yayinevi-dergi","9":"pa_yazar-kolektif","11":"first","12":"instock","13":"sale","14":"shipping-taxable","15":"purchasable","16":"product-type-simple"},"_links":{"self":[{"href":"https:\/\/roveyayinevi.com.tr\/index.php\/wp-json\/wp\/v2\/product\/759438","targetHints":{"allow":["GET"]}}],"collection":[{"href":"https:\/\/roveyayinevi.com.tr\/index.php\/wp-json\/wp\/v2\/product"}],"about":[{"href":"https:\/\/roveyayinevi.com.tr\/index.php\/wp-json\/wp\/v2\/types\/product"}],"wp:attachment":[{"href":"https:\/\/roveyayinevi.com.tr\/index.php\/wp-json\/wp\/v2\/media?parent=759438"}],"wp:term":[{"taxonomy":"product_brand","embeddable":true,"href":"https:\/\/roveyayinevi.com.tr\/index.php\/wp-json\/wp\/v2\/product_brand?post=759438"},{"taxonomy":"product_cat","embeddable":true,"href":"https:\/\/roveyayinevi.com.tr\/index.php\/wp-json\/wp\/v2\/product_cat?post=759438"},{"taxonomy":"product_tag","embeddable":true,"href":"https:\/\/roveyayinevi.com.tr\/index.php\/wp-json\/wp\/v2\/product_tag?post=759438"}],"curies":[{"name":"wp","href":"https:\/\/api.w.org\/{rel}","templated":true}]}}