{"id":759435,"date":"2025-08-28T08:34:51","date_gmt":"2025-08-28T05:34:51","guid":{"rendered":"https:\/\/roveyayinevi.com.tr\/index.php\/urun\/dev-portakal-agaci\/"},"modified":"2026-04-16T03:12:32","modified_gmt":"2026-04-16T00:12:32","slug":"dev-portakal-agaci","status":"publish","type":"product","link":"https:\/\/roveyayinevi.com.tr\/index.php\/urun\/dev-portakal-agaci\/","title":{"rendered":"Dev Portakal A\u011fac\u0131"},"content":{"rendered":"<p>Dev bir portakal a\u011fac\u0131\u2026 Bah\u00e7enin en k\u0131ymetlisi. \u00c7\u00fcnk\u00fc dedesinden kalm\u0131\u015f Macit Bey\u2019e\u2026 Ve Macit Dede\u2019den de torunlar\u0131na arma\u011fan\u2026 Par\u0131l, Selin, Melek ve Arda. Dededen toruna aktar\u0131lan tek \u015fey de\u011fil bu a\u011fac\u0131n g\u00f6lgesinde anlat\u0131lan hik\u00e2yeler\u2026 Her tohum, her torun i\u00e7in yeniden \u00e7imlenecek, b\u00fcy\u00fcyecek ve mis kokulu yeni bir portakal a\u011fac\u0131na d\u00f6n\u00fc\u015fecek. Hik\u00e2yeler gibi portakallar\u0131n mis kokusu da nesilden nesile ge\u00e7ecek.     Ekim CANAY\u2019\u0131n kaleminden  hem do\u011fan\u0131n hem de sevginin g\u00fcc\u00fcn\u00fc ortaya koyan, s\u0131cac\u0131k ve portakal kokulu bir hik\u00e2ye\u2026<\/p>\n","protected":false},"excerpt":{"rendered":"<p>Dev bir portakal a\u011fac\u0131\u2026 Bah\u00e7enin en k\u0131ymetlisi. \u00c7\u00fcnk\u00fc dedesinden kalm\u0131\u015f Macit Bey\u2019e\u2026 Ve Macit Dede\u2019den de torunlar\u0131na arma\u011fan\u2026 Par\u0131l, Selin, Melek ve Arda. Dededen toruna aktar\u0131lan<span class=\"excerpt-hellip\"> [\u2026]<\/span><\/p>\n","protected":false},"featured_media":0,"template":"","meta":{"_monsterinsights_skip_tracking":false,"_monsterinsights_sitenote_active":false,"_monsterinsights_sitenote_note":"","_monsterinsights_sitenote_category":0},"product_brand":[],"product_cat":[12274,12284],"product_tag":[],"class_list":{"0":"post-759435","1":"product","2":"type-product","3":"status-publish","5":"product_cat-cocuk-ve-genclik-kitaplari","6":"product_cat-hikayeler","7":"pa_cilt-ciltsiz","8":"pa_tur-kitap","9":"pa_yayinevi-luna-cocuk-yayinlari","10":"pa_yazar-ekim-canay","12":"first","13":"instock","14":"sale","15":"shipping-taxable","16":"purchasable","17":"product-type-simple"},"_links":{"self":[{"href":"https:\/\/roveyayinevi.com.tr\/index.php\/wp-json\/wp\/v2\/product\/759435","targetHints":{"allow":["GET"]}}],"collection":[{"href":"https:\/\/roveyayinevi.com.tr\/index.php\/wp-json\/wp\/v2\/product"}],"about":[{"href":"https:\/\/roveyayinevi.com.tr\/index.php\/wp-json\/wp\/v2\/types\/product"}],"wp:attachment":[{"href":"https:\/\/roveyayinevi.com.tr\/index.php\/wp-json\/wp\/v2\/media?parent=759435"}],"wp:term":[{"taxonomy":"product_brand","embeddable":true,"href":"https:\/\/roveyayinevi.com.tr\/index.php\/wp-json\/wp\/v2\/product_brand?post=759435"},{"taxonomy":"product_cat","embeddable":true,"href":"https:\/\/roveyayinevi.com.tr\/index.php\/wp-json\/wp\/v2\/product_cat?post=759435"},{"taxonomy":"product_tag","embeddable":true,"href":"https:\/\/roveyayinevi.com.tr\/index.php\/wp-json\/wp\/v2\/product_tag?post=759435"}],"curies":[{"name":"wp","href":"https:\/\/api.w.org\/{rel}","templated":true}]}}