{"id":759433,"date":"2025-08-28T08:34:46","date_gmt":"2025-08-28T05:34:46","guid":{"rendered":"https:\/\/roveyayinevi.com.tr\/index.php\/urun\/eylulun-kizi\/"},"modified":"2026-04-16T03:12:32","modified_gmt":"2026-04-16T00:12:32","slug":"eylulun-kizi","status":"publish","type":"product","link":"https:\/\/roveyayinevi.com.tr\/index.php\/urun\/eylulun-kizi\/","title":{"rendered":"Eyl\u00fcl\u00fcn K\u0131z\u0131"},"content":{"rendered":"<p>Ve evet \u015fimdi, ya\u015fad\u0131\u011f\u0131n onca zamana ra\u011fmen arkana d\u00f6n bir bak. Ya\u015f\u0131n, ya\u015fad\u0131klar\u0131n ne fark eder ki? Sen, \u015fu an bile onca yolu \u00e7oktan kat etmedin mi? Ya da yeni ba\u015fl\u0131yor olabilirsin yoluna. Nas\u0131lsa her eyl\u00fcl bir ba\u015flang\u0131\u00e7 de\u011fil mi? \u0130\u015fte bu da \u201cEyl\u00fcl\u00fcn K\u0131z\u0131\u201d ve onun yolu. Kendini karanl\u0131ktan, kendi kendine \u00e7\u0131karmay\u0131 nispeten ba\u015farm\u0131\u015f ama karanl\u0131ktan hi\u00e7 korkmayan o k\u0131z\u0131n&#8230; Senin yoluna katk\u0131da bulunmu\u015f olmay\u0131, en az\u0131ndan bir iki ta\u015f\u0131 yolundan \u00e7ekebilmen i\u00e7in sana g\u00fc\u00e7 verebilmi\u015f olmay\u0131 diliyor, t\u00fcm kalbiyle. Ve unutma; baz\u0131 karanl\u0131klar \u00f6nlenemez \u0131\u015f\u0131klara gebedir. \u015eafak vakti gibi&#8230;<\/p>\n","protected":false},"excerpt":{"rendered":"<p>Ve evet \u015fimdi, ya\u015fad\u0131\u011f\u0131n onca zamana ra\u011fmen arkana d\u00f6n bir bak. Ya\u015f\u0131n, ya\u015fad\u0131klar\u0131n ne fark eder ki? Sen, \u015fu an bile onca yolu \u00e7oktan kat etmedin<span class=\"excerpt-hellip\"> [\u2026]<\/span><\/p>\n","protected":false},"featured_media":0,"template":"","meta":{"_monsterinsights_skip_tracking":false,"_monsterinsights_sitenote_active":false,"_monsterinsights_sitenote_note":"","_monsterinsights_sitenote_category":0},"product_brand":[],"product_cat":[12777,12291],"product_tag":[],"class_list":{"0":"post-759433","1":"product","2":"type-product","3":"status-publish","5":"product_cat-deneme","6":"product_cat-edebiyat","7":"pa_cilt-ciltsiz","8":"pa_tur-kitap","9":"pa_yayinevi-luna-yayinlari","10":"pa_yazar-e-oznur-karadogan","12":"first","13":"instock","14":"sale","15":"shipping-taxable","16":"purchasable","17":"product-type-simple"},"_links":{"self":[{"href":"https:\/\/roveyayinevi.com.tr\/index.php\/wp-json\/wp\/v2\/product\/759433","targetHints":{"allow":["GET"]}}],"collection":[{"href":"https:\/\/roveyayinevi.com.tr\/index.php\/wp-json\/wp\/v2\/product"}],"about":[{"href":"https:\/\/roveyayinevi.com.tr\/index.php\/wp-json\/wp\/v2\/types\/product"}],"wp:attachment":[{"href":"https:\/\/roveyayinevi.com.tr\/index.php\/wp-json\/wp\/v2\/media?parent=759433"}],"wp:term":[{"taxonomy":"product_brand","embeddable":true,"href":"https:\/\/roveyayinevi.com.tr\/index.php\/wp-json\/wp\/v2\/product_brand?post=759433"},{"taxonomy":"product_cat","embeddable":true,"href":"https:\/\/roveyayinevi.com.tr\/index.php\/wp-json\/wp\/v2\/product_cat?post=759433"},{"taxonomy":"product_tag","embeddable":true,"href":"https:\/\/roveyayinevi.com.tr\/index.php\/wp-json\/wp\/v2\/product_tag?post=759433"}],"curies":[{"name":"wp","href":"https:\/\/api.w.org\/{rel}","templated":true}]}}