{"id":759427,"date":"2025-08-28T08:34:30","date_gmt":"2025-08-28T05:34:30","guid":{"rendered":"https:\/\/roveyayinevi.com.tr\/index.php\/urun\/her-sey-mumkundu\/"},"modified":"2026-04-16T03:12:32","modified_gmt":"2026-04-16T00:12:32","slug":"her-sey-mumkundu","status":"publish","type":"product","link":"https:\/\/roveyayinevi.com.tr\/index.php\/urun\/her-sey-mumkundu\/","title":{"rendered":"Her \u015eey M\u00fcmk\u00fcnd\u00fc"},"content":{"rendered":"<p>G\u00fcl\u00fcnmezdi \u00f6yle her ac\u0131ya Ve a\u011flanmazd\u0131 her sevince. Her d\u00fc\u015fman \u00f6\u00e7 almazd\u0131, Her dost merhem olmazd\u0131. Bildiklerimizin tersi olabilirdi her \u015fey Ve ya\u015fad\u0131\u011f\u0131m\u0131z bu koca hayat, Bir daha ele ge\u00e7mezdi. Yine de dibine kadar, en derine, Son damlas\u0131na kadar payla\u015f\u0131rd\u0131k herkesle. Bug\u00fcn de\u011filse bile Bir g\u00fcn yaln\u0131z kalaca\u011f\u0131m\u0131z\u0131 bile bile&#8230; \u00d6lmezdi \u00f6yle her insan, Solmazd\u0131 benzi, Bir g\u00f6z kapay\u0131p hayalleyince Bir an i\u00e7in bile olsa yitenler unutulabilirdi&#8230;<\/p>\n","protected":false},"excerpt":{"rendered":"<p>G\u00fcl\u00fcnmezdi \u00f6yle her ac\u0131ya Ve a\u011flanmazd\u0131 her sevince. Her d\u00fc\u015fman \u00f6\u00e7 almazd\u0131, Her dost merhem olmazd\u0131. Bildiklerimizin tersi olabilirdi her \u015fey Ve ya\u015fad\u0131\u011f\u0131m\u0131z bu koca hayat,<span class=\"excerpt-hellip\"> [\u2026]<\/span><\/p>\n","protected":false},"featured_media":0,"template":"","meta":{"_monsterinsights_skip_tracking":false,"_monsterinsights_sitenote_active":false,"_monsterinsights_sitenote_note":"","_monsterinsights_sitenote_category":0},"product_brand":[],"product_cat":[12291,12509],"product_tag":[],"class_list":{"0":"post-759427","1":"product","2":"type-product","3":"status-publish","5":"product_cat-edebiyat","6":"product_cat-siir","7":"pa_cilt-ciltsiz","8":"pa_tur-kitap","9":"pa_yayinevi-luna-yayinlari","10":"pa_yazar-semra-mutlu","12":"first","13":"instock","14":"sale","15":"shipping-taxable","16":"purchasable","17":"product-type-simple"},"_links":{"self":[{"href":"https:\/\/roveyayinevi.com.tr\/index.php\/wp-json\/wp\/v2\/product\/759427","targetHints":{"allow":["GET"]}}],"collection":[{"href":"https:\/\/roveyayinevi.com.tr\/index.php\/wp-json\/wp\/v2\/product"}],"about":[{"href":"https:\/\/roveyayinevi.com.tr\/index.php\/wp-json\/wp\/v2\/types\/product"}],"wp:attachment":[{"href":"https:\/\/roveyayinevi.com.tr\/index.php\/wp-json\/wp\/v2\/media?parent=759427"}],"wp:term":[{"taxonomy":"product_brand","embeddable":true,"href":"https:\/\/roveyayinevi.com.tr\/index.php\/wp-json\/wp\/v2\/product_brand?post=759427"},{"taxonomy":"product_cat","embeddable":true,"href":"https:\/\/roveyayinevi.com.tr\/index.php\/wp-json\/wp\/v2\/product_cat?post=759427"},{"taxonomy":"product_tag","embeddable":true,"href":"https:\/\/roveyayinevi.com.tr\/index.php\/wp-json\/wp\/v2\/product_tag?post=759427"}],"curies":[{"name":"wp","href":"https:\/\/api.w.org\/{rel}","templated":true}]}}