{"id":759425,"date":"2025-08-28T08:34:26","date_gmt":"2025-08-28T05:34:26","guid":{"rendered":"https:\/\/roveyayinevi.com.tr\/index.php\/urun\/afacan-kopek-cakil\/"},"modified":"2026-04-16T03:12:32","modified_gmt":"2026-04-16T00:12:32","slug":"afacan-kopek-cakil","status":"publish","type":"product","link":"https:\/\/roveyayinevi.com.tr\/index.php\/urun\/afacan-kopek-cakil\/","title":{"rendered":"Afacan K\u00f6pek \u00c7ak\u0131l"},"content":{"rendered":"<p>O bir Rus finosu! Onlara bir yeri emanet edebilirsiniz.  Harika bek\u00e7ilik yaparlar. Tehlike hissettikleri an, havlamaya ba\u015flarlar! Yerlerini kimseye b\u0131rakmak istemezler. \u00c7\u00f6p tenekesini devirmek, ayakkab\u0131lar\u0131 kemirmek, bah\u00e7edeki g\u00fclleri yemek, asl\u0131nda \u00f6zel zevkleri aras\u0131nda de\u011fil. \u00c7AKIL, sadece kendini anlatmaya \u00e7al\u0131\u015f\u0131yor! \u201cElif abla! Beni b\u0131rakma!\u201d \u0130nsanlar\u0131n anlad\u0131\u011f\u0131 ise \u015fu: \u201cHav, hav, hav!\u201d Ya da\u2026 \u201cH\u0131r, h\u0131r, h\u0131r!\u201d   Hayvan dostlar\u0131 i\u00e7in e\u011flenceli ve empati dolu bir hik\u00e2ye! Onlar\u0131n duyulmaya ihtiyac\u0131 var. Ve sevilmeye\u2026 Herkes gibi\u2026<\/p>\n","protected":false},"excerpt":{"rendered":"<p>O bir Rus finosu! Onlara bir yeri emanet edebilirsiniz. Harika bek\u00e7ilik yaparlar. Tehlike hissettikleri an, havlamaya ba\u015flarlar! Yerlerini kimseye b\u0131rakmak istemezler. \u00c7\u00f6p tenekesini devirmek, ayakkab\u0131lar\u0131 kemirmek,<span class=\"excerpt-hellip\"> [\u2026]<\/span><\/p>\n","protected":false},"featured_media":0,"template":"","meta":{"_monsterinsights_skip_tracking":false,"_monsterinsights_sitenote_active":false,"_monsterinsights_sitenote_note":"","_monsterinsights_sitenote_category":0},"product_brand":[],"product_cat":[12274,12284],"product_tag":[],"class_list":{"0":"post-759425","1":"product","2":"type-product","3":"status-publish","5":"product_cat-cocuk-ve-genclik-kitaplari","6":"product_cat-hikayeler","7":"pa_cilt-ciltsiz","8":"pa_tur-kitap","9":"pa_yayinevi-luna-cocuk-yayinlari","10":"pa_yazar-ekim-canay","12":"first","13":"instock","14":"sale","15":"shipping-taxable","16":"purchasable","17":"product-type-simple"},"_links":{"self":[{"href":"https:\/\/roveyayinevi.com.tr\/index.php\/wp-json\/wp\/v2\/product\/759425","targetHints":{"allow":["GET"]}}],"collection":[{"href":"https:\/\/roveyayinevi.com.tr\/index.php\/wp-json\/wp\/v2\/product"}],"about":[{"href":"https:\/\/roveyayinevi.com.tr\/index.php\/wp-json\/wp\/v2\/types\/product"}],"wp:attachment":[{"href":"https:\/\/roveyayinevi.com.tr\/index.php\/wp-json\/wp\/v2\/media?parent=759425"}],"wp:term":[{"taxonomy":"product_brand","embeddable":true,"href":"https:\/\/roveyayinevi.com.tr\/index.php\/wp-json\/wp\/v2\/product_brand?post=759425"},{"taxonomy":"product_cat","embeddable":true,"href":"https:\/\/roveyayinevi.com.tr\/index.php\/wp-json\/wp\/v2\/product_cat?post=759425"},{"taxonomy":"product_tag","embeddable":true,"href":"https:\/\/roveyayinevi.com.tr\/index.php\/wp-json\/wp\/v2\/product_tag?post=759425"}],"curies":[{"name":"wp","href":"https:\/\/api.w.org\/{rel}","templated":true}]}}