{"id":759424,"date":"2025-08-28T08:34:25","date_gmt":"2025-08-28T05:34:25","guid":{"rendered":"https:\/\/roveyayinevi.com.tr\/index.php\/urun\/benim-namazim\/"},"modified":"2026-03-12T03:21:55","modified_gmt":"2026-03-12T00:21:55","slug":"benim-namazim","status":"publish","type":"product","link":"https:\/\/roveyayinevi.com.tr\/index.php\/urun\/benim-namazim\/","title":{"rendered":"Benim Namaz\u0131m"},"content":{"rendered":"<p>Dedim ki; \u201cEy namaz\u0131m bana konu\u015f\u2026 Sen nesin? Ve namaz\u0131m bana dedi ki; Namaz, i\u00e7erisindeki sure ve dualar\u0131n anla\u015f\u0131lmas\u0131ndan \u00f6te \u00f6nce kendisinin anla\u015f\u0131lmas\u0131 gereken bir ibadettir\u2026 Namaz, Allah\u2019tan gelip tekrar Allah\u2019a d\u00f6nebilmemizi sa\u011flayan bir irtibat mekan\u0131d\u0131r\u2026 Namaz, Allah\u2019\u0131n bize iletmek istedi\u011fi mesajlar\u0131n al\u0131n\u0131p, bizim istek ve taleplerimizin, dua ve niyazlar\u0131m\u0131z\u0131n da O\u2019na iletilmeye \u00e7al\u0131\u015f\u0131ld\u0131\u011f\u0131 yerdir\u2026 Namaz, Allah\u2019\u0131n \u201cOnlar ne g\u00fczel arkada\u015flar\u201d diye tan\u0131mlad\u0131\u011f\u0131 Peygamberlerle, S\u0131dd\u0131klarla, \u015eehitler ve Salihlerle daha yak\u0131ndan tan\u0131\u015fmak i\u00e7in a\u00e7\u0131lan bir penceredir\u2026 Namaz, yeni dua ve taleplerimizden \u00f6nce bildi\u011fimiz, bilmedi\u011fimiz, \u015fahit oldu\u011fumuz, olmad\u0131\u011f\u0131m\u0131z say\u0131s\u0131z nimetlerinden dolay\u0131 Allah\u2019a \u015f\u00fckredip, hamd edilen mekand\u0131r\u2026 Namaz, kimselerle payla\u015famad\u0131\u011f\u0131m\u0131z s\u0131k\u0131nt\u0131 ve dertlerimizi, korku ve endi\u015felerimizi, \u00fcmit ve beklentilerimizi O\u2019na arz etti\u011fimiz en yak\u0131n yerdir\u2026 Namaz, nas\u0131l ki her peygamberin bir tezekk\u00fcr, tefekk\u00fcr yeri varsa bizim de bamba\u015fka duygularla kendimize d\u00f6nd\u00fc\u011f\u00fcm\u00fcz tezekk\u00fcr, tefekk\u00fcr mekan\u0131m\u0131zd\u0131r\u2026 K\u0131sacas\u0131 namaz, ge\u00e7mi\u015fimizi ar\u0131nd\u0131rma mek\u00e2n\u0131 olmaktan \u00f6te gelece\u011fimizi \u015fekillendirme mekan\u0131d\u0131r. Evet! \u201cBEN\u0130M NAMAZIM&#8230;\u201d isimli kitab\u0131mda namaz\u0131m\u0131 konu\u015fturmaya \u00e7al\u0131\u015ft\u0131m&#8230; Buyurun!.. Siz de namaz\u0131n\u0131z\u0131 konu\u015fturun\u2026 <\/p>\n","protected":false},"excerpt":{"rendered":"<p>Dedim ki; \u201cEy namaz\u0131m bana konu\u015f\u2026 Sen nesin? Ve namaz\u0131m bana dedi ki; Namaz, i\u00e7erisindeki sure ve dualar\u0131n anla\u015f\u0131lmas\u0131ndan \u00f6te \u00f6nce kendisinin anla\u015f\u0131lmas\u0131 gereken bir ibadettir\u2026<span class=\"excerpt-hellip\"> [\u2026]<\/span><\/p>\n","protected":false},"featured_media":0,"template":"","meta":{"_monsterinsights_skip_tracking":false,"_monsterinsights_sitenote_active":false,"_monsterinsights_sitenote_note":"","_monsterinsights_sitenote_category":0},"product_brand":[],"product_cat":[12718,12719],"product_tag":[],"class_list":{"0":"post-759424","1":"product","2":"type-product","3":"status-publish","5":"product_cat-din","6":"product_cat-islam","7":"pa_cilt-ciltsiz","8":"pa_tur-kitap","9":"pa_yayinevi-kirmizi-cati-yayinlari","10":"pa_yazar-vahit-koc","12":"first","13":"instock","14":"sale","15":"shipping-taxable","16":"purchasable","17":"product-type-simple"},"_links":{"self":[{"href":"https:\/\/roveyayinevi.com.tr\/index.php\/wp-json\/wp\/v2\/product\/759424","targetHints":{"allow":["GET"]}}],"collection":[{"href":"https:\/\/roveyayinevi.com.tr\/index.php\/wp-json\/wp\/v2\/product"}],"about":[{"href":"https:\/\/roveyayinevi.com.tr\/index.php\/wp-json\/wp\/v2\/types\/product"}],"wp:attachment":[{"href":"https:\/\/roveyayinevi.com.tr\/index.php\/wp-json\/wp\/v2\/media?parent=759424"}],"wp:term":[{"taxonomy":"product_brand","embeddable":true,"href":"https:\/\/roveyayinevi.com.tr\/index.php\/wp-json\/wp\/v2\/product_brand?post=759424"},{"taxonomy":"product_cat","embeddable":true,"href":"https:\/\/roveyayinevi.com.tr\/index.php\/wp-json\/wp\/v2\/product_cat?post=759424"},{"taxonomy":"product_tag","embeddable":true,"href":"https:\/\/roveyayinevi.com.tr\/index.php\/wp-json\/wp\/v2\/product_tag?post=759424"}],"curies":[{"name":"wp","href":"https:\/\/api.w.org\/{rel}","templated":true}]}}