{"id":759423,"date":"2025-08-28T08:34:22","date_gmt":"2025-08-28T05:34:22","guid":{"rendered":"https:\/\/roveyayinevi.com.tr\/index.php\/urun\/unutulmayan\/"},"modified":"2026-03-12T03:21:55","modified_gmt":"2026-03-12T00:21:55","slug":"unutulmayan","status":"publish","type":"product","link":"https:\/\/roveyayinevi.com.tr\/index.php\/urun\/unutulmayan\/","title":{"rendered":"Unutulmayan"},"content":{"rendered":"<p>\u2026 Kaderimi \u00f6pt\u00fcm aln\u0131ndan, S\u00f6\u011f\u00fct dal\u0131ndan G\u00fcl yapra\u011f\u0131ndan\u2026  Demi\u015fti, \u00e7ok y\u0131llar \u00f6nceki ilk \u015fiir kitab\u0131nda, \u015fiir dedemiz Mahmut Karada\u011f amcam\u0131z.   \u015eiir; ya\u015fa, \u015farta, hi\u00e7bir duruma bakmaks\u0131z\u0131n d\u00fcnya kurulandan beridir sonsuz bir yolda, bir sevda y\u00fcr\u00fcy\u00fc\u015f\u00fcnde\u2026 Bize de sadece onunla birlikte ve duyguyla; y\u00fcr\u00fcmek kal\u0131yor.  Murat AKYOL Yazar   <\/p>\n","protected":false},"excerpt":{"rendered":"<p>\u2026 Kaderimi \u00f6pt\u00fcm aln\u0131ndan, S\u00f6\u011f\u00fct dal\u0131ndan G\u00fcl yapra\u011f\u0131ndan\u2026 Demi\u015fti, \u00e7ok y\u0131llar \u00f6nceki ilk \u015fiir kitab\u0131nda, \u015fiir dedemiz Mahmut Karada\u011f amcam\u0131z. \u015eiir; ya\u015fa, \u015farta, hi\u00e7bir duruma bakmaks\u0131z\u0131n<span class=\"excerpt-hellip\"> [\u2026]<\/span><\/p>\n","protected":false},"featured_media":0,"template":"","meta":{"_monsterinsights_skip_tracking":false,"_monsterinsights_sitenote_active":false,"_monsterinsights_sitenote_note":"","_monsterinsights_sitenote_category":0},"product_brand":[],"product_cat":[12291,12509],"product_tag":[],"class_list":{"0":"post-759423","1":"product","2":"type-product","3":"status-publish","5":"product_cat-edebiyat","6":"product_cat-siir","7":"pa_cilt-ciltsiz","8":"pa_tur-kitap","9":"pa_yayinevi-kirmizi-cati-yayinlari","10":"pa_yazar-mahmut-karadag","12":"first","13":"instock","14":"sale","15":"shipping-taxable","16":"purchasable","17":"product-type-simple"},"_links":{"self":[{"href":"https:\/\/roveyayinevi.com.tr\/index.php\/wp-json\/wp\/v2\/product\/759423","targetHints":{"allow":["GET"]}}],"collection":[{"href":"https:\/\/roveyayinevi.com.tr\/index.php\/wp-json\/wp\/v2\/product"}],"about":[{"href":"https:\/\/roveyayinevi.com.tr\/index.php\/wp-json\/wp\/v2\/types\/product"}],"wp:attachment":[{"href":"https:\/\/roveyayinevi.com.tr\/index.php\/wp-json\/wp\/v2\/media?parent=759423"}],"wp:term":[{"taxonomy":"product_brand","embeddable":true,"href":"https:\/\/roveyayinevi.com.tr\/index.php\/wp-json\/wp\/v2\/product_brand?post=759423"},{"taxonomy":"product_cat","embeddable":true,"href":"https:\/\/roveyayinevi.com.tr\/index.php\/wp-json\/wp\/v2\/product_cat?post=759423"},{"taxonomy":"product_tag","embeddable":true,"href":"https:\/\/roveyayinevi.com.tr\/index.php\/wp-json\/wp\/v2\/product_tag?post=759423"}],"curies":[{"name":"wp","href":"https:\/\/api.w.org\/{rel}","templated":true}]}}