{"id":759422,"date":"2025-08-28T08:34:21","date_gmt":"2025-08-28T05:34:21","guid":{"rendered":"https:\/\/roveyayinevi.com.tr\/index.php\/urun\/kardelenler-acarken\/"},"modified":"2026-03-12T03:21:55","modified_gmt":"2026-03-12T00:21:55","slug":"kardelenler-acarken","status":"publish","type":"product","link":"https:\/\/roveyayinevi.com.tr\/index.php\/urun\/kardelenler-acarken\/","title":{"rendered":"Kardelenler A\u00e7arken"},"content":{"rendered":"<p>Ben ilk \u00f6nce senin o y\u00fcre\u011fine vuruldum, Bulan\u0131k ak\u0131yordum, a\u015fk\u0131n ile duruldum. Seviyorum y\u00e2r seni, seviyorum vallahi, Ba\u011fland\u0131 elim kolum bu a\u015fk ger\u00e7ek ve sahi.   Ben ilk \u00f6nce senin o g\u00f6zlerine vuruldum, Sonra nazik edana, s\u00f6zlerine vuruldum. Bulan\u0131k ak\u0131yordum, a\u015fk\u0131n ile duruldum, Seviyorum y\u00e2r seni, seviyorum vallahi, Ba\u011fland\u0131 elim kolum bu a\u015fk ger\u00e7ek ve sahi.   Ben ilk \u00f6nce senin o sa\u00e7lar\u0131na vuruldum, Tavr\u0131na, duru\u015funa, ka\u015flar\u0131na vuruldum. Seviyorum y\u00e2r seni, seviyorum vallahi, Beni \u00f6ld\u00fcr\u00fcyorsun, bu a\u015fk ger\u00e7ek ve sahi. <\/p>\n","protected":false},"excerpt":{"rendered":"<p>Ben ilk \u00f6nce senin o y\u00fcre\u011fine vuruldum, Bulan\u0131k ak\u0131yordum, a\u015fk\u0131n ile duruldum. Seviyorum y\u00e2r seni, seviyorum vallahi, Ba\u011fland\u0131 elim kolum bu a\u015fk ger\u00e7ek ve sahi. Ben<span class=\"excerpt-hellip\"> [\u2026]<\/span><\/p>\n","protected":false},"featured_media":0,"template":"","meta":{"_monsterinsights_skip_tracking":false,"_monsterinsights_sitenote_active":false,"_monsterinsights_sitenote_note":"","_monsterinsights_sitenote_category":0},"product_brand":[],"product_cat":[12291,12509],"product_tag":[],"class_list":{"0":"post-759422","1":"product","2":"type-product","3":"status-publish","5":"product_cat-edebiyat","6":"product_cat-siir","7":"pa_cilt-ciltsiz","8":"pa_tur-kitap","9":"pa_yayinevi-kirmizi-cati-yayinlari","10":"pa_yazar-mustafa-yildiz","12":"first","13":"instock","14":"sale","15":"shipping-taxable","16":"purchasable","17":"product-type-simple"},"_links":{"self":[{"href":"https:\/\/roveyayinevi.com.tr\/index.php\/wp-json\/wp\/v2\/product\/759422","targetHints":{"allow":["GET"]}}],"collection":[{"href":"https:\/\/roveyayinevi.com.tr\/index.php\/wp-json\/wp\/v2\/product"}],"about":[{"href":"https:\/\/roveyayinevi.com.tr\/index.php\/wp-json\/wp\/v2\/types\/product"}],"wp:attachment":[{"href":"https:\/\/roveyayinevi.com.tr\/index.php\/wp-json\/wp\/v2\/media?parent=759422"}],"wp:term":[{"taxonomy":"product_brand","embeddable":true,"href":"https:\/\/roveyayinevi.com.tr\/index.php\/wp-json\/wp\/v2\/product_brand?post=759422"},{"taxonomy":"product_cat","embeddable":true,"href":"https:\/\/roveyayinevi.com.tr\/index.php\/wp-json\/wp\/v2\/product_cat?post=759422"},{"taxonomy":"product_tag","embeddable":true,"href":"https:\/\/roveyayinevi.com.tr\/index.php\/wp-json\/wp\/v2\/product_tag?post=759422"}],"curies":[{"name":"wp","href":"https:\/\/api.w.org\/{rel}","templated":true}]}}