{"id":759421,"date":"2025-08-28T08:34:19","date_gmt":"2025-08-28T05:34:19","guid":{"rendered":"https:\/\/roveyayinevi.com.tr\/index.php\/urun\/sis-4\/"},"modified":"2026-04-16T03:12:32","modified_gmt":"2026-04-16T00:12:32","slug":"sis-4","status":"publish","type":"product","link":"https:\/\/roveyayinevi.com.tr\/index.php\/urun\/sis-4\/","title":{"rendered":"Sis"},"content":{"rendered":"<p>\u201cA\u015eKN\u00c2REM\u201d ismini verdi\u011fi ilk \u015fiir kitab\u0131, dokundu\u011fu y\u00fcreklerde izler b\u0131rakan M\u00fcyesser DO\u011eAN\u2019\u0131n yeni kitab\u0131 \u201cS\u0130S\u201d, Yay\u0131nevimiz etiketiyle merhaba diyor \u015fiirseverlere. T\u0131pk\u0131 ilk kitab\u0131 gibi, yine kalplere hitap ediyor, yine g\u00f6n\u00fclden d\u00f6k\u00fclen sihirli kelimelerle ula\u015f\u0131yor okuyucular\u0131na, \u015fair.   \u201cRahmani bir ruh ta\u015f\u0131r\u0131z her birimiz. Biz tanr\u0131n\u0131n g\u00f6lgelerini yans\u0131tan bir \u015faheser de\u011fil miyiz? Ve sen ve ben, Bir ruhu ete kemi\u011fe b\u00fcr\u00fcm\u00fc\u015f bir ilah\u0131n umut etti\u011fi el\u00e7iler de\u011fil miyiz? Hatalar\u0131m\u0131z, hikayelerimiz, hayatlar\u0131m\u0131z, her birinde huzur, h\u00fcz\u00fcn, mutluluk, enkaz kal\u0131nt\u0131lar\u0131 yok mu? \u0130\u015fte \u015fimdi \u015fifalamak i\u00e7in ruhu, incindi\u011fimiz yerin yaralar\u0131n\u0131 sarmak i\u00e7in \u015fiir, Hayat\u0131n tela\u015f\u0131nda bir liman, bir aroma, bir derman \u015fiir. Bence etti\u011fimiz, umdu\u011fumuz, dilendi\u011fimiz her dua bile tanr\u0131ya yazd\u0131\u011f\u0131m\u0131z \u015fiirler de\u011fil midir? Derin bir manada, \u015fiirce konu\u015fan \u015fiirce yazan herkese selam olsun\u2026\u201d   s\u00f6zleriyle ba\u015flad\u0131\u011f\u0131 S\u0130S ile siz okuyucular\u0131n\u0131 m\u0131sralar aras\u0131nda, kendinizden izler buldu\u011funuz, \u015fiirsel bir yolculu\u011fa davet ediyor ayn\u0131 zamanda M\u00fcyesser DO\u011eAN:   \u201cHayat\u0131n izlerini ta\u015f\u0131yan bir \u015fairin kitab\u0131, S\u0130S\u2026 Hikayesi derinden ve istisna. Zihnin bulan\u0131k ormanlar\u0131ndan, duru sulara bir yolculuk\u2026 \u015eiir yazana de\u011fil, okuyana ait, kalemden d\u00f6k\u00fcl\u00fcnce. Kalemimin sizin ellerinizde ve d\u00fc\u015f\u00fcncenizde can bulmas\u0131 dile\u011fiyle. Dokundu\u011fu her kalbe hissettirdi\u011fi b\u00fct\u00fcn g\u00fczelliklere.\u201d <\/p>\n","protected":false},"excerpt":{"rendered":"<p>\u201cA\u015eKN\u00c2REM\u201d ismini verdi\u011fi ilk \u015fiir kitab\u0131, dokundu\u011fu y\u00fcreklerde izler b\u0131rakan M\u00fcyesser DO\u011eAN\u2019\u0131n yeni kitab\u0131 \u201cS\u0130S\u201d, Yay\u0131nevimiz etiketiyle merhaba diyor \u015fiirseverlere. T\u0131pk\u0131 ilk kitab\u0131 gibi, yine kalplere<span class=\"excerpt-hellip\"> [\u2026]<\/span><\/p>\n","protected":false},"featured_media":0,"template":"","meta":{"_monsterinsights_skip_tracking":false,"_monsterinsights_sitenote_active":false,"_monsterinsights_sitenote_note":"","_monsterinsights_sitenote_category":0},"product_brand":[],"product_cat":[12291,12509],"product_tag":[],"class_list":{"0":"post-759421","1":"product","2":"type-product","3":"status-publish","5":"product_cat-edebiyat","6":"product_cat-siir","7":"pa_cilt-ciltsiz","8":"pa_tur-kitap","9":"pa_yayinevi-kilavuz-kaptan-yayinlari","10":"pa_yazar-muyesser-dogan","12":"first","13":"instock","14":"sale","15":"shipping-taxable","16":"purchasable","17":"product-type-simple"},"_links":{"self":[{"href":"https:\/\/roveyayinevi.com.tr\/index.php\/wp-json\/wp\/v2\/product\/759421","targetHints":{"allow":["GET"]}}],"collection":[{"href":"https:\/\/roveyayinevi.com.tr\/index.php\/wp-json\/wp\/v2\/product"}],"about":[{"href":"https:\/\/roveyayinevi.com.tr\/index.php\/wp-json\/wp\/v2\/types\/product"}],"wp:attachment":[{"href":"https:\/\/roveyayinevi.com.tr\/index.php\/wp-json\/wp\/v2\/media?parent=759421"}],"wp:term":[{"taxonomy":"product_brand","embeddable":true,"href":"https:\/\/roveyayinevi.com.tr\/index.php\/wp-json\/wp\/v2\/product_brand?post=759421"},{"taxonomy":"product_cat","embeddable":true,"href":"https:\/\/roveyayinevi.com.tr\/index.php\/wp-json\/wp\/v2\/product_cat?post=759421"},{"taxonomy":"product_tag","embeddable":true,"href":"https:\/\/roveyayinevi.com.tr\/index.php\/wp-json\/wp\/v2\/product_tag?post=759421"}],"curies":[{"name":"wp","href":"https:\/\/api.w.org\/{rel}","templated":true}]}}