{"id":759420,"date":"2025-08-28T08:34:17","date_gmt":"2025-08-28T05:34:17","guid":{"rendered":"https:\/\/roveyayinevi.com.tr\/index.php\/urun\/besikduzu-koy-enstitusu\/"},"modified":"2025-11-05T10:18:20","modified_gmt":"2025-11-05T07:18:20","slug":"besikduzu-koy-enstitusu","status":"publish","type":"product","link":"https:\/\/roveyayinevi.com.tr\/index.php\/urun\/besikduzu-koy-enstitusu\/","title":{"rendered":"Be\u015fikd\u00fcz\u00fc K\u00f6y Enstit\u00fcs\u00fc"},"content":{"rendered":"<p>Tu\u0308rkiye\u2019de e\u011fitim alan\u0131nda Cumhuriyet\u2019in ilk y\u0131llar\u0131ndan itibaren tutarl\u0131, \u00e7a\u011fda\u015f, ak\u0131lc\u0131 ilkelere dayal\u0131 e\u011fitim anlay\u0131\u015f\u0131 hakim olmu\u015f; bu ilkeler \u0131\u015f\u0131\u011f\u0131nda e\u011fitim verilmeye \u00e7al\u0131\u015f\u0131lm\u0131\u015ft\u0131r. Fikri hu\u0308r, irfan\u0131 hu\u0308r, vicdan\u0131 hu\u0308r insanlar yeti\u015ftirme fikri Cumhuriyet Tu\u0308rkiye\u2019sinin temel hedeflerinden biri olmu\u015ftur. Cumhuriyet\u2019in ilk d\u00f6neminde n\u00fcfusun b\u00fcy\u00fck \u00e7o\u011funlu\u011funu te\u015fkil eden k\u00f6ylu\u0308lerin temel ihtiya\u00e7lar\u0131n\u0131 g\u00f6zetecek bir e\u011fitim anlay\u0131\u015f\u0131yla a\u00e7\u0131lmas\u0131 kararla\u015ft\u0131r\u0131lan K\u00f6y Enstitu\u0308leri e\u011fitim tarihimizin en \u00f6nemli at\u0131l\u0131mlar\u0131ndan biri olarak tarihteki yerini alm\u0131\u015ft\u0131r. K\u00f6y Enstitu\u0308leri, Anadolu k\u00f6yl\u00fcs\u00fcne nefes ald\u0131rmayan her t\u00fcrl\u00fc geri kalm\u0131\u015fl\u0131\u011f\u0131n demir perdesini y\u0131rtmay\u0131 temel ama\u00e7 edinen kurumlard\u0131. Muhammet Aky\u00fcz, Trabzon\u2019daki Be\u015fikd\u00fcz\u00fc K\u00f6y Enstit\u00fcs\u00fc \u00fczerinden bu e\u011fitim sistemini ve kazan\u0131mlar\u0131n\u0131 ortaya koyarken, h\u00e2l\u00e2 hayatta olan enstit\u00fc mezunlar\u0131yla yapt\u0131\u011f\u0131 r\u00f6portajlarla da e\u011fitim tarihimizin birinci dereceden \u015fahitlerine s\u00f6z hakk\u0131 tan\u0131yor.    \u201cBiz eli nas\u0131rl\u0131, aya\u011f\u0131 \u00e7ar\u0131kl\u0131, Topra\u011f\u0131n \u00f6z\u00fcn\u00fc t\u0131rnaklar\u0131yla s\u00f6ken, \u0130cab\u0131nda bu topraklar i\u00e7in \u00f6lmesini bilenlerin \u00e7ocuklar\u0131y\u0131z. Biz kudretsizli\u011fin ne demek oldu\u011fu romanlardan de\u011fil, Ya\u015f akan anam\u0131zdan, Pazara giden ine\u011fimizin geri d\u00f6nmeyi\u015finden, Sofram\u0131zdaki ekme\u011fin ek\u015fili\u011finden \u00f6\u011frendik. O yu\u0308zden tabiat\u0131n bu\u0308tu\u0308n kuvvetlerine du\u0308\u015fman\u0131z. Bundand\u0131r onlarla kavga ediyoruz, K\u00f6ylu\u0308 do\u011fduk, k\u00f6ylu\u0308 \u00f6lece\u011fiz.\u201d <\/p>\n","protected":false},"excerpt":{"rendered":"<p>Tu\u0308rkiye\u2019de e\u011fitim alan\u0131nda Cumhuriyet\u2019in ilk y\u0131llar\u0131ndan itibaren tutarl\u0131, \u00e7a\u011fda\u015f, ak\u0131lc\u0131 ilkelere dayal\u0131 e\u011fitim anlay\u0131\u015f\u0131 hakim olmu\u015f; bu ilkeler \u0131\u015f\u0131\u011f\u0131nda e\u011fitim verilmeye \u00e7al\u0131\u015f\u0131lm\u0131\u015ft\u0131r. Fikri hu\u0308r, irfan\u0131 hu\u0308r,<span class=\"excerpt-hellip\"> [\u2026]<\/span><\/p>\n","protected":false},"featured_media":0,"template":"","meta":{"_monsterinsights_skip_tracking":false,"_monsterinsights_sitenote_active":false,"_monsterinsights_sitenote_note":"","_monsterinsights_sitenote_category":0},"product_brand":[],"product_cat":[12304,13493],"product_tag":[],"class_list":{"0":"post-759420","1":"product","2":"type-product","3":"status-publish","5":"product_cat-tarih","6":"product_cat-turkiye-ve-cumhuriyet-tarihi","7":"pa_cilt-ciltsiz","8":"pa_tur-kitap","9":"pa_yayinevi-divan-kitap","10":"pa_yazar-muhammet-akyuz","12":"first","13":"instock","14":"sale","15":"shipping-taxable","16":"purchasable","17":"product-type-simple"},"_links":{"self":[{"href":"https:\/\/roveyayinevi.com.tr\/index.php\/wp-json\/wp\/v2\/product\/759420","targetHints":{"allow":["GET"]}}],"collection":[{"href":"https:\/\/roveyayinevi.com.tr\/index.php\/wp-json\/wp\/v2\/product"}],"about":[{"href":"https:\/\/roveyayinevi.com.tr\/index.php\/wp-json\/wp\/v2\/types\/product"}],"wp:attachment":[{"href":"https:\/\/roveyayinevi.com.tr\/index.php\/wp-json\/wp\/v2\/media?parent=759420"}],"wp:term":[{"taxonomy":"product_brand","embeddable":true,"href":"https:\/\/roveyayinevi.com.tr\/index.php\/wp-json\/wp\/v2\/product_brand?post=759420"},{"taxonomy":"product_cat","embeddable":true,"href":"https:\/\/roveyayinevi.com.tr\/index.php\/wp-json\/wp\/v2\/product_cat?post=759420"},{"taxonomy":"product_tag","embeddable":true,"href":"https:\/\/roveyayinevi.com.tr\/index.php\/wp-json\/wp\/v2\/product_tag?post=759420"}],"curies":[{"name":"wp","href":"https:\/\/api.w.org\/{rel}","templated":true}]}}