{"id":759418,"date":"2025-08-28T08:34:13","date_gmt":"2025-08-28T05:34:13","guid":{"rendered":"https:\/\/roveyayinevi.com.tr\/index.php\/urun\/istasyonda-vals\/"},"modified":"2026-04-16T03:12:32","modified_gmt":"2026-04-16T00:12:32","slug":"istasyonda-vals","status":"publish","type":"product","link":"https:\/\/roveyayinevi.com.tr\/index.php\/urun\/istasyonda-vals\/","title":{"rendered":"\u0130stasyonda Vals"},"content":{"rendered":"<p>\u0130stasyon Meydan\u0131, lunapark\u0131, pastanesi, berberi, \u00e7i\u00e7ek\u00e7isi, sessiz filmler g\u00f6steren sinemas\u0131 ve orkestras\u0131yla birbirinden renkli karakterle dolu bir meydand\u0131r. G\u00fcn\u00fcn birinde, orkestran\u0131n \u015fehir merkezindeki al\u0131\u015fveri\u015f merkezinden teklif almas\u0131 ve meydan\u0131 terk etmesiyle i\u015fler de\u011fi\u015fir.   \u00c7a\u011fda\u015f \u00e7ocuk edebiyat\u0131n\u0131n \u00f6d\u00fcll\u00fc yazar\u0131 Burcu Akta\u015f, hayat\u0131m\u0131zdaki de\u011ferleri, kaybettiklerimizi, \u00f6zlediklerimizi ve korumak i\u00e7in m\u00fccadele verdiklerimizi ak\u0131c\u0131 dili ve \u00f6zg\u00fcn kurgusuyla anlat\u0131yor. <\/p>\n","protected":false},"excerpt":{"rendered":"<p>\u0130stasyon Meydan\u0131, lunapark\u0131, pastanesi, berberi, \u00e7i\u00e7ek\u00e7isi, sessiz filmler g\u00f6steren sinemas\u0131 ve orkestras\u0131yla birbirinden renkli karakterle dolu bir meydand\u0131r. G\u00fcn\u00fcn birinde, orkestran\u0131n \u015fehir merkezindeki al\u0131\u015fveri\u015f merkezinden teklif<span class=\"excerpt-hellip\"> [\u2026]<\/span><\/p>\n","protected":false},"featured_media":0,"template":"","meta":{"_monsterinsights_skip_tracking":false,"_monsterinsights_sitenote_active":false,"_monsterinsights_sitenote_note":"","_monsterinsights_sitenote_category":0},"product_brand":[],"product_cat":[12291,12711],"product_tag":[],"class_list":{"0":"post-759418","1":"product","2":"type-product","3":"status-publish","5":"product_cat-edebiyat","6":"product_cat-roman-oyku","7":"pa_cilt-ciltsiz","8":"pa_tur-kitap","9":"pa_yayinevi-redhouse-kidz-yayinlari","10":"pa_yazar-burcu-aktas","12":"first","13":"instock","14":"sale","15":"shipping-taxable","16":"purchasable","17":"product-type-simple"},"_links":{"self":[{"href":"https:\/\/roveyayinevi.com.tr\/index.php\/wp-json\/wp\/v2\/product\/759418","targetHints":{"allow":["GET"]}}],"collection":[{"href":"https:\/\/roveyayinevi.com.tr\/index.php\/wp-json\/wp\/v2\/product"}],"about":[{"href":"https:\/\/roveyayinevi.com.tr\/index.php\/wp-json\/wp\/v2\/types\/product"}],"wp:attachment":[{"href":"https:\/\/roveyayinevi.com.tr\/index.php\/wp-json\/wp\/v2\/media?parent=759418"}],"wp:term":[{"taxonomy":"product_brand","embeddable":true,"href":"https:\/\/roveyayinevi.com.tr\/index.php\/wp-json\/wp\/v2\/product_brand?post=759418"},{"taxonomy":"product_cat","embeddable":true,"href":"https:\/\/roveyayinevi.com.tr\/index.php\/wp-json\/wp\/v2\/product_cat?post=759418"},{"taxonomy":"product_tag","embeddable":true,"href":"https:\/\/roveyayinevi.com.tr\/index.php\/wp-json\/wp\/v2\/product_tag?post=759418"}],"curies":[{"name":"wp","href":"https:\/\/api.w.org\/{rel}","templated":true}]}}