{"id":759417,"date":"2025-08-28T08:34:12","date_gmt":"2025-08-28T05:34:12","guid":{"rendered":"https:\/\/roveyayinevi.com.tr\/index.php\/urun\/seks-yapma-hakki\/"},"modified":"2026-04-16T03:12:32","modified_gmt":"2026-04-16T00:12:32","slug":"seks-yapma-hakki","status":"publish","type":"product","link":"https:\/\/roveyayinevi.com.tr\/index.php\/urun\/seks-yapma-hakki\/","title":{"rendered":"Seks Yapma Hakk\u0131"},"content":{"rendered":"<p>Seks yapmak bir \u201chak\u201d m\u0131? Herkesin seks yapma hakk\u0131 var m\u0131? Ya da herkesin sevi\u015fme \u201cimk\u00e2n\u201d\u0131 mevcut mudur? Kim kimle sevi\u015febilir, kimle sevi\u015femez? Seks i\u00e7in r\u0131za yeterli midir? \u00dcretilen r\u0131za ile i\u00e7ten gelen istek ayn\u0131 kefeye konabilir mi?   Seks \u00fczerine d\u00fc\u015f\u00fcnmek gerekli ama zor; seks hakk\u0131nda konu\u015fmaksa daha da zor\u2026 \u0130\u015fin bir yan\u0131 hayat\u0131n tuzu biberi say\u0131labilecek cinsten: cinsel \u00e7ekim, i\u00e7g\u00fcd\u00fcler, arzu, tutku ve istek\u2026 Madalyonun di\u011fer y\u00fcz\u00fc ise g\u00fc\u00e7 ili\u015fkileri, tahakk\u00fcm, istismar gibi hem ki\u015fisel hem de toplumsal meselelere i\u015faret ediyor. \u00dcstelik seksin nas\u0131l alg\u0131land\u0131\u011f\u0131 \u00e7a\u011fdan \u00e7a\u011fa, toplumdan topluma de\u011fi\u015fiyor, haliyle mesele iyice karma\u015f\u0131kla\u015f\u0131yor!   Amia Srinivasan, Seks Yapma Hakk\u0131\u2019nda seksi t\u00fcm karma\u015f\u0131kl\u0131\u011f\u0131yla, toplumsal cinsiyet, s\u0131n\u0131f, \u0131rk ve g\u00fc\u00e7le olan ili\u015fkisi i\u00e7inde ele al\u0131yor. Hem art\u0131k kendimizi seks \u00fczerinden tan\u0131mlayabildi\u011fimiz, kimi sevip kimle sevi\u015febilece\u011fimiz hakk\u0131nda daha \u00e7ok d\u00fc\u015f\u00fcnd\u00fc\u011f\u00fcm\u00fcz hem de cinsel su\u00e7lara kar\u015f\u0131 #MeToo hareketi gibi kitlesel hareketler olu\u015fturabildi\u011fimiz d\u00fcnyam\u0131zda seksin bug\u00fcnk\u00fc anlam\u0131n\u0131n izini s\u00fcr\u00fcyor; ayr\u0131mc\u0131l\u0131k ve tercih, pornografi ve \u00f6zg\u00fcrl\u00fck, tecav\u00fcz ve \u0131rksal adaletsizlik, ceza ve sorumluluk, \u00f6\u011frenciler ve \u00f6\u011fretmenler, zevk ve g\u00fc\u00e7 aras\u0131ndaki endi\u015fe verici ili\u015fkileri tart\u0131\u015f\u0131yor.   Oxford \u00dcniversitesi\u2019nde 1870 y\u0131l\u0131nda Henry Chichele onuruna olu\u015fturulan Chichele Profes\u00f6rl\u00fck K\u00fcrs\u00fcs\u00fc\u2019n\u00fcn ilk kad\u0131n ve ilk beyaz olmayan toplumsal ve siyasi teori akademisyeni Amia Srinivasan, seks politikalar\u0131n\u0131 tart\u0131\u015fma tarz\u0131m\u0131z\u0131 da, bu alandaki sorunlar\u0131 tart\u0131\u015fmaktan ka\u00e7\u0131nma \u015feklimizi de alt\u00fcst ediyor.   Seks Yapma Hakk\u0131, \u00f6zg\u00fcr olman\u0131n ne anlama gelebilece\u011fini sorgulayan bir provokasyon ve bir vaat. <\/p>\n","protected":false},"excerpt":{"rendered":"<p>Seks yapmak bir \u201chak\u201d m\u0131? Herkesin seks yapma hakk\u0131 var m\u0131? Ya da herkesin sevi\u015fme \u201cimk\u00e2n\u201d\u0131 mevcut mudur? Kim kimle sevi\u015febilir, kimle sevi\u015femez? Seks i\u00e7in r\u0131za<span class=\"excerpt-hellip\"> [\u2026]<\/span><\/p>\n","protected":false},"featured_media":0,"template":"","meta":{"_monsterinsights_skip_tracking":false,"_monsterinsights_sitenote_active":false,"_monsterinsights_sitenote_note":"","_monsterinsights_sitenote_category":0},"product_brand":[],"product_cat":[12325,12324],"product_tag":[],"class_list":{"0":"post-759417","1":"product","2":"type-product","3":"status-publish","5":"product_cat-diger-sosyoloji","6":"product_cat-sosyoloji","7":"pa_cilt-ciltsiz","8":"pa_tur-kitap","9":"pa_yayinevi-mundi","10":"pa_yazar-amia-srinivasan","12":"first","13":"instock","14":"sale","15":"shipping-taxable","16":"purchasable","17":"product-type-simple"},"_links":{"self":[{"href":"https:\/\/roveyayinevi.com.tr\/index.php\/wp-json\/wp\/v2\/product\/759417","targetHints":{"allow":["GET"]}}],"collection":[{"href":"https:\/\/roveyayinevi.com.tr\/index.php\/wp-json\/wp\/v2\/product"}],"about":[{"href":"https:\/\/roveyayinevi.com.tr\/index.php\/wp-json\/wp\/v2\/types\/product"}],"wp:attachment":[{"href":"https:\/\/roveyayinevi.com.tr\/index.php\/wp-json\/wp\/v2\/media?parent=759417"}],"wp:term":[{"taxonomy":"product_brand","embeddable":true,"href":"https:\/\/roveyayinevi.com.tr\/index.php\/wp-json\/wp\/v2\/product_brand?post=759417"},{"taxonomy":"product_cat","embeddable":true,"href":"https:\/\/roveyayinevi.com.tr\/index.php\/wp-json\/wp\/v2\/product_cat?post=759417"},{"taxonomy":"product_tag","embeddable":true,"href":"https:\/\/roveyayinevi.com.tr\/index.php\/wp-json\/wp\/v2\/product_tag?post=759417"}],"curies":[{"name":"wp","href":"https:\/\/api.w.org\/{rel}","templated":true}]}}