{"id":759416,"date":"2025-08-28T08:34:10","date_gmt":"2025-08-28T05:34:10","guid":{"rendered":"https:\/\/roveyayinevi.com.tr\/index.php\/urun\/gunluk-kokusu\/"},"modified":"2026-04-16T03:12:32","modified_gmt":"2026-04-16T00:12:32","slug":"gunluk-kokusu","status":"publish","type":"product","link":"https:\/\/roveyayinevi.com.tr\/index.php\/urun\/gunluk-kokusu\/","title":{"rendered":"G\u00fcnl\u00fck Kokusu"},"content":{"rendered":"<p>\u201cAyr\u0131m yok, y\u0131ld\u0131zken kayarak d\u00fcnyaya gelmekle \u00f6ld\u00fckten sonra y\u0131ld\u0131z olmak aras\u0131nda&#8230;\u201d Dopdolu bir \u00f6mr\u00fc \u015fenlendiren ger\u00e7ek bir sevda, o sevdaya selam du- ran derin bir yas&#8230; Bilge Bener, ba\u011f kurmak \u00fczerine incelikli bir mo- nolog sunan G\u00fcnl\u00fck Kokusu\u2019nda, ilk g\u00fcnden son g\u00fcne, merhaba\u2019dan ho\u00e7a kal\u2019a uzanan o tan\u0131d\u0131k ama biricik hik\u00e2yeyi, kahraman\u0131n\u0131n ru- hundan-belle\u011finden yans\u0131yanlarla tekrar kurguluyor: \u00c7ift katman- l\u0131 anlat\u0131, bir yandan ili\u015fkilerin temelindeki \u00e7at\u0131\u015fmalara-uzla\u015fmalara odaklan\u0131rken, bir yandan da 60\u2019lardan 90\u2019lara, toplumumuza \u0131\u015f\u0131k tutan de\u011ferlere ve kemikle\u015fmi\u015f yarg\u0131lara bak\u0131yor. Bener ailesinin de- \u011ferli k\u00fclliyat\u0131n\u0131n \u00f6nemli bir par\u00e7as\u0131 daha g\u00fcn\u0131\u015f\u0131\u011f\u0131na \u00e7\u0131k\u0131yor&#8230; Saat: 00:53. Yalvaran bak\u0131\u015flar\u0131nda su \u00f6zlemi. Ama ben sana o \u00e7ok sevdi\u011fin suyu veremiyorum. Ba\u015f\u0131dumanl\u0131 Ilgaz Da\u011flar\u0131\u2019na yasl\u0131 kentin bek\u00e2r odas\u0131ndan \u00e7\u0131k\u0131p gece yar\u0131s\u0131 uykulu g\u00f6zlerle bir s\u0131z\u0131nt\u0131n\u0131n pe\u015finde suyu arayan adam! Sana su veremiyorum. Yaln\u0131zca \u0131slak pamuklar gezdirebiliyorum \u00e7atlayan dudaklar\u0131nda.<\/p>\n","protected":false},"excerpt":{"rendered":"<p>\u201cAyr\u0131m yok, y\u0131ld\u0131zken kayarak d\u00fcnyaya gelmekle \u00f6ld\u00fckten sonra y\u0131ld\u0131z olmak aras\u0131nda&#8230;\u201d Dopdolu bir \u00f6mr\u00fc \u015fenlendiren ger\u00e7ek bir sevda, o sevdaya selam du- ran derin bir yas&#8230;<span class=\"excerpt-hellip\"> [\u2026]<\/span><\/p>\n","protected":false},"featured_media":0,"template":"","meta":{"_monsterinsights_skip_tracking":false,"_monsterinsights_sitenote_active":false,"_monsterinsights_sitenote_note":"","_monsterinsights_sitenote_category":0},"product_brand":[],"product_cat":[12291,12711],"product_tag":[],"class_list":{"0":"post-759416","1":"product","2":"type-product","3":"status-publish","5":"product_cat-edebiyat","6":"product_cat-roman-oyku","7":"pa_cilt-ciltsiz","8":"pa_tur-kitap","9":"pa_yayinevi-everest-yayinlari","10":"pa_yazar-bilge-bener-bolukbasi","12":"first","13":"instock","14":"sale","15":"shipping-taxable","16":"purchasable","17":"product-type-simple"},"_links":{"self":[{"href":"https:\/\/roveyayinevi.com.tr\/index.php\/wp-json\/wp\/v2\/product\/759416","targetHints":{"allow":["GET"]}}],"collection":[{"href":"https:\/\/roveyayinevi.com.tr\/index.php\/wp-json\/wp\/v2\/product"}],"about":[{"href":"https:\/\/roveyayinevi.com.tr\/index.php\/wp-json\/wp\/v2\/types\/product"}],"wp:attachment":[{"href":"https:\/\/roveyayinevi.com.tr\/index.php\/wp-json\/wp\/v2\/media?parent=759416"}],"wp:term":[{"taxonomy":"product_brand","embeddable":true,"href":"https:\/\/roveyayinevi.com.tr\/index.php\/wp-json\/wp\/v2\/product_brand?post=759416"},{"taxonomy":"product_cat","embeddable":true,"href":"https:\/\/roveyayinevi.com.tr\/index.php\/wp-json\/wp\/v2\/product_cat?post=759416"},{"taxonomy":"product_tag","embeddable":true,"href":"https:\/\/roveyayinevi.com.tr\/index.php\/wp-json\/wp\/v2\/product_tag?post=759416"}],"curies":[{"name":"wp","href":"https:\/\/api.w.org\/{rel}","templated":true}]}}