{"id":759415,"date":"2025-08-28T08:34:09","date_gmt":"2025-08-28T05:34:09","guid":{"rendered":"https:\/\/roveyayinevi.com.tr\/index.php\/urun\/orgutsel-etik-iklim-ve-narsisizmin-schadenfreude-egilimi-uzerindeki-etkisinin-incelenmesi\/"},"modified":"2026-04-16T03:12:32","modified_gmt":"2026-04-16T00:12:32","slug":"orgutsel-etik-iklim-ve-narsisizmin-schadenfreude-egilimi-uzerindeki-etkisinin-incelenmesi","status":"publish","type":"product","link":"https:\/\/roveyayinevi.com.tr\/index.php\/urun\/orgutsel-etik-iklim-ve-narsisizmin-schadenfreude-egilimi-uzerindeki-etkisinin-incelenmesi\/","title":{"rendered":"\u00d6rg\u00fctsel Etik \u0130klim ve Narsisizmin Schadenfreude E\u011filimi \u00dczerindeki Etkisinin \u0130ncelenmesi"},"content":{"rendered":"<p>\u0130\u00e7indekiler :     \u00b7         B\u0130R\u0130NC\u0130 B\u00d6L\u00dcM \u00d6RG\u00dcTSEL ET\u0130K \u0130KL\u0130M   \u00b7         \u0130K\u0130NC\u0130 B\u00d6L\u00dcM NARS\u0130S\u0130ZM   \u00b7         \u00dc\u00c7\u00dcNC\u00dc B\u00d6L\u00dcM SCHADENFREUDE   \u00b7         D\u00d6RD\u00dcNC\u00dc B\u00d6L\u00dcM ARA\u015eTIRMANIN TASARIMI VE Y\u00d6NET\u0130M\u0130 <\/p>\n","protected":false},"excerpt":{"rendered":"<p>\u0130\u00e7indekiler : \u00b7 B\u0130R\u0130NC\u0130 B\u00d6L\u00dcM \u00d6RG\u00dcTSEL ET\u0130K \u0130KL\u0130M \u00b7 \u0130K\u0130NC\u0130 B\u00d6L\u00dcM NARS\u0130S\u0130ZM \u00b7 \u00dc\u00c7\u00dcNC\u00dc B\u00d6L\u00dcM SCHADENFREUDE \u00b7 D\u00d6RD\u00dcNC\u00dc B\u00d6L\u00dcM ARA\u015eTIRMANIN TASARIMI VE Y\u00d6NET\u0130M\u0130<\/p>\n","protected":false},"featured_media":0,"template":"","meta":{"_monsterinsights_skip_tracking":false,"_monsterinsights_sitenote_active":false,"_monsterinsights_sitenote_note":"","_monsterinsights_sitenote_category":0},"product_brand":[],"product_cat":[13005,40995],"product_tag":[],"class_list":{"0":"post-759415","1":"product","2":"type-product","3":"status-publish","5":"product_cat-bilim-muhendislik","6":"product_cat-sosyal-bilimler","7":"pa_cilt-ciltsiz","8":"pa_tur-kitap","9":"pa_yayinevi-gazi-kitabevi","10":"pa_yazar-fatih-yildirim-ridvan-akin","12":"first","13":"instock","14":"sale","15":"shipping-taxable","16":"purchasable","17":"product-type-simple"},"_links":{"self":[{"href":"https:\/\/roveyayinevi.com.tr\/index.php\/wp-json\/wp\/v2\/product\/759415","targetHints":{"allow":["GET"]}}],"collection":[{"href":"https:\/\/roveyayinevi.com.tr\/index.php\/wp-json\/wp\/v2\/product"}],"about":[{"href":"https:\/\/roveyayinevi.com.tr\/index.php\/wp-json\/wp\/v2\/types\/product"}],"wp:attachment":[{"href":"https:\/\/roveyayinevi.com.tr\/index.php\/wp-json\/wp\/v2\/media?parent=759415"}],"wp:term":[{"taxonomy":"product_brand","embeddable":true,"href":"https:\/\/roveyayinevi.com.tr\/index.php\/wp-json\/wp\/v2\/product_brand?post=759415"},{"taxonomy":"product_cat","embeddable":true,"href":"https:\/\/roveyayinevi.com.tr\/index.php\/wp-json\/wp\/v2\/product_cat?post=759415"},{"taxonomy":"product_tag","embeddable":true,"href":"https:\/\/roveyayinevi.com.tr\/index.php\/wp-json\/wp\/v2\/product_tag?post=759415"}],"curies":[{"name":"wp","href":"https:\/\/api.w.org\/{rel}","templated":true}]}}