{"id":759414,"date":"2025-08-28T08:34:08","date_gmt":"2025-08-28T05:34:08","guid":{"rendered":"https:\/\/roveyayinevi.com.tr\/index.php\/urun\/yoneticinin-karanlik-kisilik-ozellikleri-ve-nepotizm\/"},"modified":"2026-04-16T03:12:32","modified_gmt":"2026-04-16T00:12:32","slug":"yoneticinin-karanlik-kisilik-ozellikleri-ve-nepotizm","status":"publish","type":"product","link":"https:\/\/roveyayinevi.com.tr\/index.php\/urun\/yoneticinin-karanlik-kisilik-ozellikleri-ve-nepotizm\/","title":{"rendered":"Y\u00f6neticinin Karanl\u0131k Ki\u015filik \u00d6zellikleri Ve Nepotizm"},"content":{"rendered":"<p>\u0130\u00e7indekiler :     \u00b7         B\u0130R\u0130NC\u0130 B\u00d6L\u00dcM NEPOT\u0130ZM   \u00b7         \u0130K\u0130NC\u0130 B\u00d6L\u00dcM Y\u00d6NET\u0130C\u0130LER\u0130N KARANLIK K\u0130\u015e\u0130L\u0130K \u00d6ZELL\u0130KLER\u0130   \u00b7         \u00dc\u00c7\u00dcNC\u00dc B\u00d6L\u00dcM ARA\u015eTIRMA <\/p>\n","protected":false},"excerpt":{"rendered":"<p>\u0130\u00e7indekiler : \u00b7 B\u0130R\u0130NC\u0130 B\u00d6L\u00dcM NEPOT\u0130ZM \u00b7 \u0130K\u0130NC\u0130 B\u00d6L\u00dcM Y\u00d6NET\u0130C\u0130LER\u0130N KARANLIK K\u0130\u015e\u0130L\u0130K \u00d6ZELL\u0130KLER\u0130 \u00b7 \u00dc\u00c7\u00dcNC\u00dc B\u00d6L\u00dcM ARA\u015eTIRMA<\/p>\n","protected":false},"featured_media":0,"template":"","meta":{"_monsterinsights_skip_tracking":false,"_monsterinsights_sitenote_active":false,"_monsterinsights_sitenote_note":"","_monsterinsights_sitenote_category":0},"product_brand":[],"product_cat":[13005,40995],"product_tag":[],"class_list":{"0":"post-759414","1":"product","2":"type-product","3":"status-publish","5":"product_cat-bilim-muhendislik","6":"product_cat-sosyal-bilimler","7":"pa_cilt-ciltsiz","8":"pa_tur-kitap","9":"pa_yayinevi-gazi-kitabevi","10":"pa_yazar-fatih-baltaci-fatih-yildirim","12":"first","13":"instock","14":"sale","15":"shipping-taxable","16":"purchasable","17":"product-type-simple"},"_links":{"self":[{"href":"https:\/\/roveyayinevi.com.tr\/index.php\/wp-json\/wp\/v2\/product\/759414","targetHints":{"allow":["GET"]}}],"collection":[{"href":"https:\/\/roveyayinevi.com.tr\/index.php\/wp-json\/wp\/v2\/product"}],"about":[{"href":"https:\/\/roveyayinevi.com.tr\/index.php\/wp-json\/wp\/v2\/types\/product"}],"wp:attachment":[{"href":"https:\/\/roveyayinevi.com.tr\/index.php\/wp-json\/wp\/v2\/media?parent=759414"}],"wp:term":[{"taxonomy":"product_brand","embeddable":true,"href":"https:\/\/roveyayinevi.com.tr\/index.php\/wp-json\/wp\/v2\/product_brand?post=759414"},{"taxonomy":"product_cat","embeddable":true,"href":"https:\/\/roveyayinevi.com.tr\/index.php\/wp-json\/wp\/v2\/product_cat?post=759414"},{"taxonomy":"product_tag","embeddable":true,"href":"https:\/\/roveyayinevi.com.tr\/index.php\/wp-json\/wp\/v2\/product_tag?post=759414"}],"curies":[{"name":"wp","href":"https:\/\/api.w.org\/{rel}","templated":true}]}}