{"id":759412,"date":"2025-08-28T08:34:04","date_gmt":"2025-08-28T05:34:04","guid":{"rendered":"https:\/\/roveyayinevi.com.tr\/index.php\/urun\/turkiye-ve-turkmenistan-turkcesinde-temalarinagore-aciklamali-alkislar-dilekler-iyi-hayir-dualar\/"},"modified":"2026-04-16T03:12:32","modified_gmt":"2026-04-16T00:12:32","slug":"turkiye-ve-turkmenistan-turkcesinde-temalarinagore-aciklamali-alkislar-dilekler-iyi-hayir-dualar","status":"publish","type":"product","link":"https:\/\/roveyayinevi.com.tr\/index.php\/urun\/turkiye-ve-turkmenistan-turkcesinde-temalarinagore-aciklamali-alkislar-dilekler-iyi-hayir-dualar\/","title":{"rendered":"T\u00fcrkiye ve T\u00fcrkmenistan T\u00fcrk\u00e7esinde Temalar\u0131nag\u00f6re A\u00e7\u0131klamal\u0131 Alk\u0131\u015flar-Dilekler (\u0130yi\/Hay\u0131r Dualar)"},"content":{"rendered":"<p>\u0130\u00e7indekiler :     1.      ALKI\u015e, D\u0130LEK, DUA-BEDDUA VB. TER\u0130MLER\u0130N ANLAM VE B\u0130\u00c7\u0130M \u00d6ZELL\u0130KLER\u0130   2.      \u00c7A\u011eDA\u015e VE TAR\u0130H\u0130 T\u00dcRK LEH\u00c7ELER\u0130NDEK\u0130 \u00d6RNEK MET\u0130NLERDE GE\u00c7EN ALKI\u015eLAR-D\u0130LEKLER   3.      T\u00dcRKMEN\u0130STAN\u2019DA YAYINLANAN ESERLERDE VE IRAK T\u00dcRKMENLER\u0130N\u0130N S\u00d6YLED\u0130\u011e\u0130 ALKI\u015eLAR-D\u0130LEKLER   4.      KONYA, KARAMAN, I\u011eDIR, K\u00dcTAHYA, \u00c7ORUM Y\u00d6RES\u0130NDEN ve D\u0130\u011eER A\u011eIZLARDAN DERLENEN ALKI\u015eLAR-D\u0130LEKLER   5.      T\u00dcRK\u0130YE VE T\u00dcRKMEN\u0130STAN T\u00dcRK\u00c7ES\u0130NDE TEMALARINA G\u00d6RE A\u00c7IKLAMALI ALKI\u015eLAR\u2013 D\u0130LEKLER   6.      T\u00dcRK\u0130YE VE T\u00dcRKMEN\u0130STAN T\u00dcRK\u00c7ES\u0130NDE GE\u00c7EN ALKI\u015e-D\u0130LEKLER\u0130N ALFABET\u0130K SIRAYA G\u00d6RE D\u0130Z\u0130M\u0130 <\/p>\n","protected":false},"excerpt":{"rendered":"<p>\u0130\u00e7indekiler : 1. ALKI\u015e, D\u0130LEK, DUA-BEDDUA VB. TER\u0130MLER\u0130N ANLAM VE B\u0130\u00c7\u0130M \u00d6ZELL\u0130KLER\u0130 2. \u00c7A\u011eDA\u015e VE TAR\u0130H\u0130 T\u00dcRK LEH\u00c7ELER\u0130NDEK\u0130 \u00d6RNEK MET\u0130NLERDE GE\u00c7EN ALKI\u015eLAR-D\u0130LEKLER 3. T\u00dcRKMEN\u0130STAN\u2019DA YAYINLANAN ESERLERDE<span class=\"excerpt-hellip\"> [\u2026]<\/span><\/p>\n","protected":false},"featured_media":0,"template":"","meta":{"_monsterinsights_skip_tracking":false,"_monsterinsights_sitenote_active":false,"_monsterinsights_sitenote_note":"","_monsterinsights_sitenote_category":0},"product_brand":[],"product_cat":[13005,40995],"product_tag":[],"class_list":{"0":"post-759412","1":"product","2":"type-product","3":"status-publish","5":"product_cat-bilim-muhendislik","6":"product_cat-sosyal-bilimler","7":"pa_cilt-ciltsiz","8":"pa_tur-kitap","9":"pa_yayinevi-gazi-kitabevi","10":"pa_yazar-ramazan-cakir","12":"first","13":"instock","14":"sale","15":"shipping-taxable","16":"purchasable","17":"product-type-simple"},"_links":{"self":[{"href":"https:\/\/roveyayinevi.com.tr\/index.php\/wp-json\/wp\/v2\/product\/759412","targetHints":{"allow":["GET"]}}],"collection":[{"href":"https:\/\/roveyayinevi.com.tr\/index.php\/wp-json\/wp\/v2\/product"}],"about":[{"href":"https:\/\/roveyayinevi.com.tr\/index.php\/wp-json\/wp\/v2\/types\/product"}],"wp:attachment":[{"href":"https:\/\/roveyayinevi.com.tr\/index.php\/wp-json\/wp\/v2\/media?parent=759412"}],"wp:term":[{"taxonomy":"product_brand","embeddable":true,"href":"https:\/\/roveyayinevi.com.tr\/index.php\/wp-json\/wp\/v2\/product_brand?post=759412"},{"taxonomy":"product_cat","embeddable":true,"href":"https:\/\/roveyayinevi.com.tr\/index.php\/wp-json\/wp\/v2\/product_cat?post=759412"},{"taxonomy":"product_tag","embeddable":true,"href":"https:\/\/roveyayinevi.com.tr\/index.php\/wp-json\/wp\/v2\/product_tag?post=759412"}],"curies":[{"name":"wp","href":"https:\/\/api.w.org\/{rel}","templated":true}]}}