{"id":759407,"date":"2025-08-28T08:33:54","date_gmt":"2025-08-28T05:33:54","guid":{"rendered":"https:\/\/roveyayinevi.com.tr\/index.php\/urun\/ovgudur-batimina-gulun\/"},"modified":"2026-01-30T03:50:41","modified_gmt":"2026-01-30T00:50:41","slug":"ovgudur-batimina-gulun","status":"publish","type":"product","link":"https:\/\/roveyayinevi.com.tr\/index.php\/urun\/ovgudur-batimina-gulun\/","title":{"rendered":"\u00d6vg\u00fcd\u00fcr Bat\u0131m\u0131na G\u00fcl\u00fcn"},"content":{"rendered":"<p>Kurtar\u0131r kendini kurtar\u0131r,kendini kurtar\u0131r zaman\u0131n ellerindenesaretiesaretin sabr\u0131 bo\u015flukta.G\u00fcnler erir, g\u00fcnler erir.G\u00f6lgelerin ritmi ka\u00e7\u0131\u015fta.Koru kendini, akl\u0131n darg\u0131nl\u0131klar\u0131n\u0131 tutu\u015ftur.Baht\u0131 kara ku\u015fun,akl\u0131 ka\u00e7\u0131k \u00f6t\u00fc\u015f\u00fcn.Buhurda teselli, ritmi zor s\u00f6z\u00fcn.   Eda P\u0131nar\u2019\u0131n kaleminden dam\u0131t\u0131lm\u0131\u015f \u015fiirler, okuyucunun be\u011fenisine sunulmu\u015ftur. <\/p>\n","protected":false},"excerpt":{"rendered":"<p>Kurtar\u0131r kendini kurtar\u0131r,kendini kurtar\u0131r zaman\u0131n ellerindenesaretiesaretin sabr\u0131 bo\u015flukta.G\u00fcnler erir, g\u00fcnler erir.G\u00f6lgelerin ritmi ka\u00e7\u0131\u015fta.Koru kendini, akl\u0131n darg\u0131nl\u0131klar\u0131n\u0131 tutu\u015ftur.Baht\u0131 kara ku\u015fun,akl\u0131 ka\u00e7\u0131k \u00f6t\u00fc\u015f\u00fcn.Buhurda teselli, ritmi zor s\u00f6z\u00fcn. Eda<span class=\"excerpt-hellip\"> [\u2026]<\/span><\/p>\n","protected":false},"featured_media":0,"template":"","meta":{"_monsterinsights_skip_tracking":false,"_monsterinsights_sitenote_active":false,"_monsterinsights_sitenote_note":"","_monsterinsights_sitenote_category":0},"product_brand":[],"product_cat":[12291,12509],"product_tag":[],"class_list":{"0":"post-759407","1":"product","2":"type-product","3":"status-publish","5":"product_cat-edebiyat","6":"product_cat-siir","7":"pa_cilt-ciltsiz","8":"pa_tur-kitap","9":"pa_yayinevi-mimas-yayinlari","10":"pa_yazar-eda-pinar","12":"first","13":"instock","14":"sale","15":"shipping-taxable","16":"purchasable","17":"product-type-simple"},"_links":{"self":[{"href":"https:\/\/roveyayinevi.com.tr\/index.php\/wp-json\/wp\/v2\/product\/759407","targetHints":{"allow":["GET"]}}],"collection":[{"href":"https:\/\/roveyayinevi.com.tr\/index.php\/wp-json\/wp\/v2\/product"}],"about":[{"href":"https:\/\/roveyayinevi.com.tr\/index.php\/wp-json\/wp\/v2\/types\/product"}],"wp:attachment":[{"href":"https:\/\/roveyayinevi.com.tr\/index.php\/wp-json\/wp\/v2\/media?parent=759407"}],"wp:term":[{"taxonomy":"product_brand","embeddable":true,"href":"https:\/\/roveyayinevi.com.tr\/index.php\/wp-json\/wp\/v2\/product_brand?post=759407"},{"taxonomy":"product_cat","embeddable":true,"href":"https:\/\/roveyayinevi.com.tr\/index.php\/wp-json\/wp\/v2\/product_cat?post=759407"},{"taxonomy":"product_tag","embeddable":true,"href":"https:\/\/roveyayinevi.com.tr\/index.php\/wp-json\/wp\/v2\/product_tag?post=759407"}],"curies":[{"name":"wp","href":"https:\/\/api.w.org\/{rel}","templated":true}]}}