{"id":759404,"date":"2025-08-28T08:33:47","date_gmt":"2025-08-28T05:33:47","guid":{"rendered":"https:\/\/roveyayinevi.com.tr\/index.php\/urun\/dalgakiran-yazilar\/"},"modified":"2026-01-30T03:50:41","modified_gmt":"2026-01-30T00:50:41","slug":"dalgakiran-yazilar","status":"publish","type":"product","link":"https:\/\/roveyayinevi.com.tr\/index.php\/urun\/dalgakiran-yazilar\/","title":{"rendered":"Dalgak\u0131ran Yaz\u0131lar"},"content":{"rendered":"<p>Dalgak\u0131ran Yaz\u0131lar, Aylin Y\u0131lmazer\u2019in dalgak\u0131ran metaforu ekseninde, ya\u015fam, yaz\u0131 ve a\u015fk \u00fczerine yazd\u0131\u011f\u0131 inceleme, s\u00f6yle\u015fi ve denemelerinden olu\u015fuyor. S\u00f6zc\u00fcklerin dalgak\u0131ran\u0131n bir par\u00e7as\u0131 oldu\u011fu bu kitap, okurun d\u00fc\u015f\u00fcnsel evreninde yeni bir pencere a\u00e7acakt\u0131r. <\/p>\n","protected":false},"excerpt":{"rendered":"<p>Dalgak\u0131ran Yaz\u0131lar, Aylin Y\u0131lmazer\u2019in dalgak\u0131ran metaforu ekseninde, ya\u015fam, yaz\u0131 ve a\u015fk \u00fczerine yazd\u0131\u011f\u0131 inceleme, s\u00f6yle\u015fi ve denemelerinden olu\u015fuyor. S\u00f6zc\u00fcklerin dalgak\u0131ran\u0131n bir par\u00e7as\u0131 oldu\u011fu bu kitap, okurun<span class=\"excerpt-hellip\"> [\u2026]<\/span><\/p>\n","protected":false},"featured_media":0,"template":"","meta":{"_monsterinsights_skip_tracking":false,"_monsterinsights_sitenote_active":false,"_monsterinsights_sitenote_note":"","_monsterinsights_sitenote_category":0},"product_brand":[],"product_cat":[12777,12291],"product_tag":[],"class_list":{"0":"post-759404","1":"product","2":"type-product","3":"status-publish","5":"product_cat-deneme","6":"product_cat-edebiyat","7":"pa_cilt-ciltsiz","8":"pa_tur-kitap","9":"pa_yayinevi-mimas-yayinlari","10":"pa_yazar-aylin-yilmazer","12":"first","13":"instock","14":"sale","15":"shipping-taxable","16":"purchasable","17":"product-type-simple"},"_links":{"self":[{"href":"https:\/\/roveyayinevi.com.tr\/index.php\/wp-json\/wp\/v2\/product\/759404","targetHints":{"allow":["GET"]}}],"collection":[{"href":"https:\/\/roveyayinevi.com.tr\/index.php\/wp-json\/wp\/v2\/product"}],"about":[{"href":"https:\/\/roveyayinevi.com.tr\/index.php\/wp-json\/wp\/v2\/types\/product"}],"wp:attachment":[{"href":"https:\/\/roveyayinevi.com.tr\/index.php\/wp-json\/wp\/v2\/media?parent=759404"}],"wp:term":[{"taxonomy":"product_brand","embeddable":true,"href":"https:\/\/roveyayinevi.com.tr\/index.php\/wp-json\/wp\/v2\/product_brand?post=759404"},{"taxonomy":"product_cat","embeddable":true,"href":"https:\/\/roveyayinevi.com.tr\/index.php\/wp-json\/wp\/v2\/product_cat?post=759404"},{"taxonomy":"product_tag","embeddable":true,"href":"https:\/\/roveyayinevi.com.tr\/index.php\/wp-json\/wp\/v2\/product_tag?post=759404"}],"curies":[{"name":"wp","href":"https:\/\/api.w.org\/{rel}","templated":true}]}}