{"id":759403,"date":"2025-08-28T08:33:44","date_gmt":"2025-08-28T05:33:44","guid":{"rendered":"https:\/\/roveyayinevi.com.tr\/index.php\/urun\/deniz-dinozorunun-sirri\/"},"modified":"2026-04-16T03:12:32","modified_gmt":"2026-04-16T00:12:32","slug":"deniz-dinozorunun-sirri","status":"publish","type":"product","link":"https:\/\/roveyayinevi.com.tr\/index.php\/urun\/deniz-dinozorunun-sirri\/","title":{"rendered":"Deniz Dinozorunun S\u0131rr\u0131"},"content":{"rendered":"<p>Deniz g\u00f6zl\u00fcklerinizi tak\u0131n. T\u00fcrkiye&#8217;nin denizlerini ke\u015ffe \u00e7\u0131k\u0131yoruz!Kaybolmaktan korkmay\u0131n sak\u0131n \u00e7\u00fcnk\u00fc yolculuk boyunca su alt\u0131nda ya\u015fayan dostlar\u0131m\u0131z bize e\u015flik edecek.Marmara Denizi&#8217;nde ya\u015fayan l\u00fcfer karde\u015fler, bir yandan g\u00f6\u00e7 etmeye haz\u0131rlan\u0131rken di\u011fer yandan denizlerimize musallat olan m\u00fcsilaj sorununa \u00e7\u00f6z\u00fcm aramaktad\u0131r. \u00c7\u0131kt\u0131klar\u0131 yolculuk onlar\u0131 nesli t\u00fckenmekte olan deniz canl\u0131lar\u0131na g\u00f6t\u00fcr\u00fcr. Kahramanlar\u0131m\u0131z, bilmedikleri sularda, inmedikleri derinliklerde T\u00fcrkiye&#8217;nin deniz biyo\u00e7e\u015fitlili\u011fini \u00f6\u011frenirken iklim krizi, yasak avc\u0131l\u0131k ve istilac\u0131 t\u00fcrlerle de m\u00fccadele etmek zorunda kal\u0131r.\u0130ki l\u00fcfer karde\u015f efsanelere konu olan o deniz canl\u0131s\u0131yla kar\u015f\u0131- la\u015ft\u0131klar\u0131nda kendilerini bekleyen olaylardan habersizdir&#8230;Bir Su Bilimleri M\u00fchendisi olan Ecem Kodak&#8217;\u0131n ilk kitab\u0131 Deniz Dinozorunun S\u0131rr\u0131.\u00dclkemizi \u00e7evreleyen denizleri, deniz canl\u0131lar\u0131n\u0131 ve biyo\u00e7e\u015fitlili- \u011fini etkileyen \u00e7evresel sorunlar\u0131 \u00e7ocuklar i\u00e7in ak\u0131c\u0131 bir dille ve heyecan dolu bir \u00f6yk\u00fcyle anlat\u0131yor.<\/p>\n","protected":false},"excerpt":{"rendered":"<p>Deniz g\u00f6zl\u00fcklerinizi tak\u0131n. T\u00fcrkiye&#8217;nin denizlerini ke\u015ffe \u00e7\u0131k\u0131yoruz!Kaybolmaktan korkmay\u0131n sak\u0131n \u00e7\u00fcnk\u00fc yolculuk boyunca su alt\u0131nda ya\u015fayan dostlar\u0131m\u0131z bize e\u015flik edecek.Marmara Denizi&#8217;nde ya\u015fayan l\u00fcfer karde\u015fler, bir yandan g\u00f6\u00e7<span class=\"excerpt-hellip\"> [\u2026]<\/span><\/p>\n","protected":false},"featured_media":0,"template":"","meta":{"_monsterinsights_skip_tracking":false,"_monsterinsights_sitenote_active":false,"_monsterinsights_sitenote_note":"","_monsterinsights_sitenote_category":0},"product_brand":[],"product_cat":[12274,12284],"product_tag":[],"class_list":{"0":"post-759403","1":"product","2":"type-product","3":"status-publish","5":"product_cat-cocuk-ve-genclik-kitaplari","6":"product_cat-hikayeler","7":"pa_cilt-ciltsiz","8":"pa_tur-kitap","9":"pa_yayinevi-altin-kitaplar-ozel-urun","10":"pa_yazar-ecem-kodak","12":"first","13":"instock","14":"sale","15":"shipping-taxable","16":"purchasable","17":"product-type-simple"},"_links":{"self":[{"href":"https:\/\/roveyayinevi.com.tr\/index.php\/wp-json\/wp\/v2\/product\/759403","targetHints":{"allow":["GET"]}}],"collection":[{"href":"https:\/\/roveyayinevi.com.tr\/index.php\/wp-json\/wp\/v2\/product"}],"about":[{"href":"https:\/\/roveyayinevi.com.tr\/index.php\/wp-json\/wp\/v2\/types\/product"}],"wp:attachment":[{"href":"https:\/\/roveyayinevi.com.tr\/index.php\/wp-json\/wp\/v2\/media?parent=759403"}],"wp:term":[{"taxonomy":"product_brand","embeddable":true,"href":"https:\/\/roveyayinevi.com.tr\/index.php\/wp-json\/wp\/v2\/product_brand?post=759403"},{"taxonomy":"product_cat","embeddable":true,"href":"https:\/\/roveyayinevi.com.tr\/index.php\/wp-json\/wp\/v2\/product_cat?post=759403"},{"taxonomy":"product_tag","embeddable":true,"href":"https:\/\/roveyayinevi.com.tr\/index.php\/wp-json\/wp\/v2\/product_tag?post=759403"}],"curies":[{"name":"wp","href":"https:\/\/api.w.org\/{rel}","templated":true}]}}