{"id":759402,"date":"2025-08-28T08:33:43","date_gmt":"2025-08-28T05:33:43","guid":{"rendered":"https:\/\/roveyayinevi.com.tr\/index.php\/urun\/bir-annenin-anilari-2\/"},"modified":"2026-04-16T03:12:31","modified_gmt":"2026-04-16T00:12:31","slug":"bir-annenin-anilari-2","status":"publish","type":"product","link":"https:\/\/roveyayinevi.com.tr\/index.php\/urun\/bir-annenin-anilari-2\/","title":{"rendered":"Bir Annenin An\u0131lar\u0131"},"content":{"rendered":"<p>Mehmet Meran Pakel, iyi bir dost, karde\u015ften de \u00f6te, ayd\u0131n, samimi, m\u00fctevaz\u0131, esprili, yaz\u0131s\u0131 ve \u00e7izgileri ola\u011fan\u00fcst\u00fc, \u00e7ocukluk ve gen\u00e7lik an\u0131lar\u0131n\u0131 \u00e7izgileriyle s\u00fcsleyen, ara\u015ft\u0131r\u0131p payla\u015fan, \u2018B\u00fct\u00fcn D\u00fcnya\u2019 format\u0131nda \u201c3 KURU\u015e BLOG Hayata Dair\u201d sayfas\u0131nda bizleri bilgilendiren bir de\u011fer. \u00dc\u00e7 y\u00fcze yak\u0131n yaz\u0131, alt\u0131 y\u00fczden fazla foto\u011fraf\u0131 payla\u015ft\u0131 bizlerle. Ben ancak bir k\u0131sm\u0131n\u0131 payla\u015fabildim sizlerle. Umar\u0131m ilginizi \u00e7eker. Bilesiniz ki bu k\u00fc\u00e7\u00fck kitap\u00e7\u0131\u011f\u0131n devam\u0131 olacak. Bu kitab\u0131 derlememe izin derdi\u011fi i\u00e7in kedisine bir te\u015fekk\u00fcr bor\u00e7luyum. 60 y\u0131ldan daha fazla bir arkada\u015fl\u0131k. Okul yolunda, gidip gelirken yap\u0131lan sohbetler, bu g\u00fcn de devam eden ciddi konular, tak\u0131lmalar, sulu \u015fakalar, payla\u015f\u0131mlar, sa\u011fl\u0131k \u00f6nerileri vs vs\u2026 \u0130yi ki vars\u0131n Meran karde\u015fim. <\/p>\n","protected":false},"excerpt":{"rendered":"<p>Mehmet Meran Pakel, iyi bir dost, karde\u015ften de \u00f6te, ayd\u0131n, samimi, m\u00fctevaz\u0131, esprili, yaz\u0131s\u0131 ve \u00e7izgileri ola\u011fan\u00fcst\u00fc, \u00e7ocukluk ve gen\u00e7lik an\u0131lar\u0131n\u0131 \u00e7izgileriyle s\u00fcsleyen, ara\u015ft\u0131r\u0131p payla\u015fan, \u2018B\u00fct\u00fcn<span class=\"excerpt-hellip\"> [\u2026]<\/span><\/p>\n","protected":false},"featured_media":0,"template":"","meta":{"_monsterinsights_skip_tracking":false,"_monsterinsights_sitenote_active":false,"_monsterinsights_sitenote_note":"","_monsterinsights_sitenote_category":0},"product_brand":[],"product_cat":[13633,12324],"product_tag":[],"class_list":{"0":"post-759402","1":"product","2":"type-product","3":"status-publish","5":"product_cat-kultur-ve-bilim","6":"product_cat-sosyoloji","7":"pa_cilt-ciltsiz","8":"pa_tur-kitap","9":"pa_yayinevi-soncag","10":"pa_yazar-mehmet-meran-pakel","12":"first","13":"instock","14":"sale","15":"shipping-taxable","16":"purchasable","17":"product-type-simple"},"_links":{"self":[{"href":"https:\/\/roveyayinevi.com.tr\/index.php\/wp-json\/wp\/v2\/product\/759402","targetHints":{"allow":["GET"]}}],"collection":[{"href":"https:\/\/roveyayinevi.com.tr\/index.php\/wp-json\/wp\/v2\/product"}],"about":[{"href":"https:\/\/roveyayinevi.com.tr\/index.php\/wp-json\/wp\/v2\/types\/product"}],"wp:attachment":[{"href":"https:\/\/roveyayinevi.com.tr\/index.php\/wp-json\/wp\/v2\/media?parent=759402"}],"wp:term":[{"taxonomy":"product_brand","embeddable":true,"href":"https:\/\/roveyayinevi.com.tr\/index.php\/wp-json\/wp\/v2\/product_brand?post=759402"},{"taxonomy":"product_cat","embeddable":true,"href":"https:\/\/roveyayinevi.com.tr\/index.php\/wp-json\/wp\/v2\/product_cat?post=759402"},{"taxonomy":"product_tag","embeddable":true,"href":"https:\/\/roveyayinevi.com.tr\/index.php\/wp-json\/wp\/v2\/product_tag?post=759402"}],"curies":[{"name":"wp","href":"https:\/\/api.w.org\/{rel}","templated":true}]}}