{"id":759401,"date":"2025-08-28T08:33:41","date_gmt":"2025-08-28T05:33:41","guid":{"rendered":"https:\/\/roveyayinevi.com.tr\/index.php\/urun\/gokcen-2-geride-kalanlar\/"},"modified":"2026-04-16T03:12:31","modified_gmt":"2026-04-16T00:12:31","slug":"gokcen-2-geride-kalanlar","status":"publish","type":"product","link":"https:\/\/roveyayinevi.com.tr\/index.php\/urun\/gokcen-2-geride-kalanlar\/","title":{"rendered":"G\u00f6k\u00e7en &#8211; 2 Geride Kalanlar"},"content":{"rendered":"<p>&#8220;Biz GER\u0130DE KALANLAR, asla tam olmayacak olanlard\u0131k. Yar\u0131m kalmaya mahk\u00fbm olanlard\u0131k.&#8221;   Ge\u00e7mi\u015f, gelece\u011fi i\u00e7inde saklayan bir aynad\u0131r. Bu aynan\u0131n i\u00e7inde s\u0131k\u0131\u015f\u0131p kalan, kalp ve mant\u0131k aras\u0131nda derin bir sava\u015fa giren Murathan ile G\u00f6k\u00e7en i\u00e7in b\u00fct\u00fcn yollar ayn\u0131 soka\u011fa \u00e7\u0131km\u0131\u015ft\u0131r. A\u015fka&#8230;   Kader aralar\u0131ndaki derin ba\u011fa bir d\u00fc\u011f\u00fcm daha atarken geride kalanlar i\u00e7in de y\u00fczle\u015fme vakti gelmi\u015ftir.   \u00d6nlerinde yine bir yol ayr\u0131m\u0131 vard\u0131r. Ya zaman her \u015feyi yenecektir ya da hayatlar\u0131na bir k\u00f6rd\u00fc\u011f\u00fcm daha atacakt\u0131r.   &#8220;G\u00d6K\u00c7EN 1: UNUTULAN \u00c7\u0130\u00c7EKLER&#8221; \u0130LE OKURLARIN SEVG\u0130S\u0130N\u0130 KAZANAN LORES\u0130MA, SER\u0130N\u0130N \u0130K\u0130NC\u0130 K\u0130TABI &#8220;G\u00d6K\u00c7EN 2: GER\u0130DE KALANLAR&#8221; \u0130LE S\u0130ZLERLE! <\/p>\n","protected":false},"excerpt":{"rendered":"<p>&#8220;Biz GER\u0130DE KALANLAR, asla tam olmayacak olanlard\u0131k. Yar\u0131m kalmaya mahk\u00fbm olanlard\u0131k.&#8221; Ge\u00e7mi\u015f, gelece\u011fi i\u00e7inde saklayan bir aynad\u0131r. Bu aynan\u0131n i\u00e7inde s\u0131k\u0131\u015f\u0131p kalan, kalp ve mant\u0131k aras\u0131nda<span class=\"excerpt-hellip\"> [\u2026]<\/span><\/p>\n","protected":false},"featured_media":0,"template":"","meta":{"_monsterinsights_skip_tracking":false,"_monsterinsights_sitenote_active":false,"_monsterinsights_sitenote_note":"","_monsterinsights_sitenote_category":0},"product_brand":[],"product_cat":[12291,12711],"product_tag":[],"class_list":{"0":"post-759401","1":"product","2":"type-product","3":"status-publish","5":"product_cat-edebiyat","6":"product_cat-roman-oyku","7":"pa_cilt-ciltsiz","8":"pa_tur-kitap","9":"pa_yayinevi-ephesus-yayinlari","10":"pa_yazar-loresima","12":"first","13":"instock","14":"sale","15":"shipping-taxable","16":"purchasable","17":"product-type-simple"},"_links":{"self":[{"href":"https:\/\/roveyayinevi.com.tr\/index.php\/wp-json\/wp\/v2\/product\/759401","targetHints":{"allow":["GET"]}}],"collection":[{"href":"https:\/\/roveyayinevi.com.tr\/index.php\/wp-json\/wp\/v2\/product"}],"about":[{"href":"https:\/\/roveyayinevi.com.tr\/index.php\/wp-json\/wp\/v2\/types\/product"}],"wp:attachment":[{"href":"https:\/\/roveyayinevi.com.tr\/index.php\/wp-json\/wp\/v2\/media?parent=759401"}],"wp:term":[{"taxonomy":"product_brand","embeddable":true,"href":"https:\/\/roveyayinevi.com.tr\/index.php\/wp-json\/wp\/v2\/product_brand?post=759401"},{"taxonomy":"product_cat","embeddable":true,"href":"https:\/\/roveyayinevi.com.tr\/index.php\/wp-json\/wp\/v2\/product_cat?post=759401"},{"taxonomy":"product_tag","embeddable":true,"href":"https:\/\/roveyayinevi.com.tr\/index.php\/wp-json\/wp\/v2\/product_tag?post=759401"}],"curies":[{"name":"wp","href":"https:\/\/api.w.org\/{rel}","templated":true}]}}