{"id":759400,"date":"2025-08-28T08:33:39","date_gmt":"2025-08-28T05:33:39","guid":{"rendered":"https:\/\/roveyayinevi.com.tr\/index.php\/urun\/gash-bell-1\/"},"modified":"2026-04-16T03:12:31","modified_gmt":"2026-04-16T00:12:31","slug":"gash-bell-1","status":"publish","type":"product","link":"https:\/\/roveyayinevi.com.tr\/index.php\/urun\/gash-bell-1\/","title":{"rendered":"Gash Bell 1"},"content":{"rendered":"<p>2003 y\u0131l\u0131nda Shogakukan En \u0130yi Shonen Serisi \u00f6d\u00fcl\u00fcn\u00fc alan muhte\u015fem seri kar\u015f\u0131n\u0131zda! Kiyomaro, hayatta ne yapaca\u011f\u0131n\u0131 bilemiyor. Okuldan ve etraf\u0131ndaki herkesten b\u0131km\u0131\u015f haldeki gen\u00e7 dahi, g\u00fcnlerini sadece vakit \u00f6ld\u00fcrerek ge\u00e7iriyor. Ta ki babas\u0131n\u0131n \u00e7ok garip do\u011fum g\u00fcn\u00fc hediyesini alana kadar&#8230; Bu hediye, elinde g\u00f6r\u00fcn\u00fc\u015fte okunamaz yaz\u0131larla dolu k\u0131rm\u0131z\u0131 bir kitap ta\u015f\u0131yan, Gash Bell ad\u0131ndaki k\u00fc\u00e7\u00fck bir \u00e7ocuk! Bu \u00e7ocuk ve kitab\u0131 nereden geldi? Kitab\u0131n sayfalar\u0131nda nas\u0131l bir g\u00fc\u00e7 gizli? Kiyomaro&#8217;nun ba\u015f\u0131 neden beladan kurtulmamaya ba\u015flad\u0131? \u0130nsan bir gecede kahraman olabilir mi?<\/p>\n","protected":false},"excerpt":{"rendered":"<p>2003 y\u0131l\u0131nda Shogakukan En \u0130yi Shonen Serisi \u00f6d\u00fcl\u00fcn\u00fc alan muhte\u015fem seri kar\u015f\u0131n\u0131zda! Kiyomaro, hayatta ne yapaca\u011f\u0131n\u0131 bilemiyor. Okuldan ve etraf\u0131ndaki herkesten b\u0131km\u0131\u015f haldeki gen\u00e7 dahi, g\u00fcnlerini<span class=\"excerpt-hellip\"> [\u2026]<\/span><\/p>\n","protected":false},"featured_media":0,"template":"","meta":{"_monsterinsights_skip_tracking":false,"_monsterinsights_sitenote_active":false,"_monsterinsights_sitenote_note":"","_monsterinsights_sitenote_category":0},"product_brand":[],"product_cat":[12416,12291],"product_tag":[],"class_list":{"0":"post-759400","1":"product","2":"type-product","3":"status-publish","5":"product_cat-cizgi-roman","6":"product_cat-edebiyat","7":"pa_cilt-ciltsiz","8":"pa_tur-kitap","9":"pa_yayinevi-kayip-kita-yayinlari","10":"pa_yazar-makoto-raiku","12":"first","13":"instock","14":"sale","15":"shipping-taxable","16":"purchasable","17":"product-type-simple"},"_links":{"self":[{"href":"https:\/\/roveyayinevi.com.tr\/index.php\/wp-json\/wp\/v2\/product\/759400","targetHints":{"allow":["GET"]}}],"collection":[{"href":"https:\/\/roveyayinevi.com.tr\/index.php\/wp-json\/wp\/v2\/product"}],"about":[{"href":"https:\/\/roveyayinevi.com.tr\/index.php\/wp-json\/wp\/v2\/types\/product"}],"wp:attachment":[{"href":"https:\/\/roveyayinevi.com.tr\/index.php\/wp-json\/wp\/v2\/media?parent=759400"}],"wp:term":[{"taxonomy":"product_brand","embeddable":true,"href":"https:\/\/roveyayinevi.com.tr\/index.php\/wp-json\/wp\/v2\/product_brand?post=759400"},{"taxonomy":"product_cat","embeddable":true,"href":"https:\/\/roveyayinevi.com.tr\/index.php\/wp-json\/wp\/v2\/product_cat?post=759400"},{"taxonomy":"product_tag","embeddable":true,"href":"https:\/\/roveyayinevi.com.tr\/index.php\/wp-json\/wp\/v2\/product_tag?post=759400"}],"curies":[{"name":"wp","href":"https:\/\/api.w.org\/{rel}","templated":true}]}}