{"id":759397,"date":"2025-08-28T08:33:33","date_gmt":"2025-08-28T05:33:33","guid":{"rendered":"https:\/\/roveyayinevi.com.tr\/index.php\/urun\/yalnizlik-son-ceyrek\/"},"modified":"2026-04-16T03:12:31","modified_gmt":"2026-04-16T00:12:31","slug":"yalnizlik-son-ceyrek","status":"publish","type":"product","link":"https:\/\/roveyayinevi.com.tr\/index.php\/urun\/yalnizlik-son-ceyrek\/","title":{"rendered":"Yaln\u0131zl\u0131k: Son \u00c7eyrek"},"content":{"rendered":"<p>\u015eiirler, hayat\u0131n\u0131zda olduk\u00e7a \u00f6nemli bir yere sahiptir. Size ger\u00e7ekleri \u00e7e\u015fitli duygu durumlar\u0131 ile anlat\u0131rlar. Ruhu besleyen en g\u00fczel g\u0131da \u015fiirdir. Hi\u00e7bir zaman hayat\u0131n\u0131zdan \u015fiirleri \u00e7\u0131karmay\u0131n. Size benden bir par\u00e7a de\u011fil, size sizden bir par\u00e7a b\u0131rak\u0131yorum.Yaln\u0131zl\u0131k art\u0131k son \u00e7eyrek, Bitti zaman, Korku sard\u0131 i\u00e7imizi iyice, Yaln\u0131zl\u0131klarla dolu bir \u00f6m\u00fcrde, Ya\u015fanmas\u0131n istiyoruz her neyse, Aranan o mutluluklar, Gelmesin kimse \u00f6mr\u00fcm\u00fcze, B\u0131rak\u0131n yaln\u0131zl\u0131\u011f\u0131m\u0131! <\/p>\n","protected":false},"excerpt":{"rendered":"<p>\u015eiirler, hayat\u0131n\u0131zda olduk\u00e7a \u00f6nemli bir yere sahiptir. Size ger\u00e7ekleri \u00e7e\u015fitli duygu durumlar\u0131 ile anlat\u0131rlar. Ruhu besleyen en g\u00fczel g\u0131da \u015fiirdir. Hi\u00e7bir zaman hayat\u0131n\u0131zdan \u015fiirleri \u00e7\u0131karmay\u0131n. Size<span class=\"excerpt-hellip\"> [\u2026]<\/span><\/p>\n","protected":false},"featured_media":0,"template":"","meta":{"_monsterinsights_skip_tracking":false,"_monsterinsights_sitenote_active":false,"_monsterinsights_sitenote_note":"","_monsterinsights_sitenote_category":0},"product_brand":[],"product_cat":[12291,12509],"product_tag":[],"class_list":{"0":"post-759397","1":"product","2":"type-product","3":"status-publish","5":"product_cat-edebiyat","6":"product_cat-siir","7":"pa_cilt-ciltsiz","8":"pa_tur-kitap","9":"pa_yayinevi-kitap-muptelasi-yayinlari","10":"pa_yazar-seref-enes-varol","12":"first","13":"instock","14":"sale","15":"shipping-taxable","16":"purchasable","17":"product-type-simple"},"_links":{"self":[{"href":"https:\/\/roveyayinevi.com.tr\/index.php\/wp-json\/wp\/v2\/product\/759397","targetHints":{"allow":["GET"]}}],"collection":[{"href":"https:\/\/roveyayinevi.com.tr\/index.php\/wp-json\/wp\/v2\/product"}],"about":[{"href":"https:\/\/roveyayinevi.com.tr\/index.php\/wp-json\/wp\/v2\/types\/product"}],"wp:attachment":[{"href":"https:\/\/roveyayinevi.com.tr\/index.php\/wp-json\/wp\/v2\/media?parent=759397"}],"wp:term":[{"taxonomy":"product_brand","embeddable":true,"href":"https:\/\/roveyayinevi.com.tr\/index.php\/wp-json\/wp\/v2\/product_brand?post=759397"},{"taxonomy":"product_cat","embeddable":true,"href":"https:\/\/roveyayinevi.com.tr\/index.php\/wp-json\/wp\/v2\/product_cat?post=759397"},{"taxonomy":"product_tag","embeddable":true,"href":"https:\/\/roveyayinevi.com.tr\/index.php\/wp-json\/wp\/v2\/product_tag?post=759397"}],"curies":[{"name":"wp","href":"https:\/\/api.w.org\/{rel}","templated":true}]}}