{"id":759393,"date":"2025-08-28T08:33:26","date_gmt":"2025-08-28T05:33:26","guid":{"rendered":"https:\/\/roveyayinevi.com.tr\/index.php\/urun\/ecmen-takimi\/"},"modified":"2026-04-16T03:12:31","modified_gmt":"2026-04-16T00:12:31","slug":"ecmen-takimi","status":"publish","type":"product","link":"https:\/\/roveyayinevi.com.tr\/index.php\/urun\/ecmen-takimi\/","title":{"rendered":"Ecmen Tak\u0131m\u0131"},"content":{"rendered":"<p>Polisiye tad\u0131nda kurgular\u0131 mizahla renklendiren \u00f6d\u00fcll\u00fc yazar G\u00fclsevin K\u0131ral, bilim projesi i\u00e7in kar\u0131\u015fan s\u0131n\u0131ftaki \u00f6\u011frencilerin tatl\u0131 rekabetini anlat\u0131yor. \u00d6d\u00fcle kilitlenen \u00f6\u011frencilerin, tak\u0131m kurma tela\u015f\u0131 i\u00e7inde g\u00f6zden ka\u00e7\u0131rd\u0131\u011f\u0131 ak\u0131lc\u0131 ve bilimsel d\u00fc\u015f\u00fcnme yollar\u0131n\u0131 \u00f6rnekliyor. Aralar\u0131ndan \u00fc\u00e7 arkada\u015f\u0131n ki\u015fisel \u00f6yk\u00fcleriyle zenginle\u015fen roman, gelece\u011fi ya\u015fan\u0131r k\u0131lacak yarat\u0131c\u0131 bulu\u015flar\u0131 d\u00fc\u015f\u00fcnd\u00fcr\u00fcyor, teknoloji sayesinde ula\u015f\u0131labilecek olumlu geli\u015fmeleri i\u015faret ediyor. Fen \u00f6\u011fretmeni, okulun ilk g\u00fcn\u00fc, tak\u0131mlar kurup projeler haz\u0131rlamalar\u0131n\u0131 ve se\u00e7ilecek on \u00f6\u011frencinin \u0130talya&#8217;ya gidece\u011fini duyurur. Projenin konusu, gelece\u011fe dair bulu\u015flar hayal etmektir. S\u0131n\u0131fta k\u0131ran k\u0131rana bir tak\u0131m kurma m\u00fccadelesi ba\u015flar, teklifler havada u\u00e7u\u015fur, dostluklar s\u0131nan\u0131r. Ege, Defne ve Esin, ailelerine destek olmaya \u00e7al\u0131\u015f\u0131rken, yazd\u0131klar\u0131 \u00f6yk\u00fclerle de projeyi kurgularlar. Ege&#8217;nin fikri, Defne&#8217;nin y\u00f6ntemi ve Esin&#8217;in \u00e7abas\u0131 i\u015fe yarayacak gibidir&#8230;<\/p>\n","protected":false},"excerpt":{"rendered":"<p>Polisiye tad\u0131nda kurgular\u0131 mizahla renklendiren \u00f6d\u00fcll\u00fc yazar G\u00fclsevin K\u0131ral, bilim projesi i\u00e7in kar\u0131\u015fan s\u0131n\u0131ftaki \u00f6\u011frencilerin tatl\u0131 rekabetini anlat\u0131yor. \u00d6d\u00fcle kilitlenen \u00f6\u011frencilerin, tak\u0131m kurma tela\u015f\u0131 i\u00e7inde g\u00f6zden<span class=\"excerpt-hellip\"> [\u2026]<\/span><\/p>\n","protected":false},"featured_media":0,"template":"","meta":{"_monsterinsights_skip_tracking":false,"_monsterinsights_sitenote_active":false,"_monsterinsights_sitenote_note":"","_monsterinsights_sitenote_category":0},"product_brand":[],"product_cat":[12274,12284],"product_tag":[],"class_list":{"0":"post-759393","1":"product","2":"type-product","3":"status-publish","5":"product_cat-cocuk-ve-genclik-kitaplari","6":"product_cat-hikayeler","7":"pa_cilt-ciltsiz","8":"pa_tur-kitap","9":"pa_yayinevi-gunisigi-kitapligi","10":"pa_yazar-gulsevin-kiral","12":"first","13":"instock","14":"sale","15":"shipping-taxable","16":"purchasable","17":"product-type-simple"},"_links":{"self":[{"href":"https:\/\/roveyayinevi.com.tr\/index.php\/wp-json\/wp\/v2\/product\/759393","targetHints":{"allow":["GET"]}}],"collection":[{"href":"https:\/\/roveyayinevi.com.tr\/index.php\/wp-json\/wp\/v2\/product"}],"about":[{"href":"https:\/\/roveyayinevi.com.tr\/index.php\/wp-json\/wp\/v2\/types\/product"}],"wp:attachment":[{"href":"https:\/\/roveyayinevi.com.tr\/index.php\/wp-json\/wp\/v2\/media?parent=759393"}],"wp:term":[{"taxonomy":"product_brand","embeddable":true,"href":"https:\/\/roveyayinevi.com.tr\/index.php\/wp-json\/wp\/v2\/product_brand?post=759393"},{"taxonomy":"product_cat","embeddable":true,"href":"https:\/\/roveyayinevi.com.tr\/index.php\/wp-json\/wp\/v2\/product_cat?post=759393"},{"taxonomy":"product_tag","embeddable":true,"href":"https:\/\/roveyayinevi.com.tr\/index.php\/wp-json\/wp\/v2\/product_tag?post=759393"}],"curies":[{"name":"wp","href":"https:\/\/api.w.org\/{rel}","templated":true}]}}