{"id":759392,"date":"2025-08-28T08:33:25","date_gmt":"2025-08-28T05:33:25","guid":{"rendered":"https:\/\/roveyayinevi.com.tr\/index.php\/urun\/duru-68\/"},"modified":"2026-04-16T03:12:31","modified_gmt":"2026-04-16T00:12:31","slug":"duru-68","status":"publish","type":"product","link":"https:\/\/roveyayinevi.com.tr\/index.php\/urun\/duru-68\/","title":{"rendered":"Duru 68"},"content":{"rendered":"<p>\u201cKollar\u0131 olmasa da Akasya, be\u015f ya\u015f\u0131nda hemen evlerinin yak\u0131n\u0131ndaki okulun yolunu tutar. Bu kez de okul \u00e7ocuklar\u0131 ona k\u00fcfreder, y\u00fcz\u00fcne t\u00fck\u00fcr\u00fcr, tartaklar. Neden b\u00f6yle yap\u0131yordur ki bu \u00e7ocuklar? Oysa o yanlar\u0131na dahi yakla\u015fm\u0131yordur? Neden? Neden? \u00c7ocuklar onunla, o sorularla bo\u011fu\u015furken balaban bir \u00e7ocuk, \u2018Senin kollar\u0131n yok! Git buradan!\u2019 diye avaz\u0131 \u00e7\u0131kt\u0131\u011f\u0131nca hayk\u0131r\u0131r. Akasya, \u2018\u00c7\u0131kacak ki benim kollar\u0131m. Sizin nas\u0131l \u00e7\u0131kt\u0131.\u2019 der.\u201d Beton denilince akl\u0131n\u0131za ne gelir? Deprem? Kentsel d\u00f6n\u00fc\u015f\u00fcm? Belki de sevdiklerimizle \u015fenlenmi\u015f bir yuva\u2026 Temas ederek izler b\u0131rakt\u0131klar\u0131m\u0131z dile gelselerdi neler anlat\u0131rlard\u0131? An\u0131lar\u0131m\u0131z\u0131, ac\u0131lar\u0131m\u0131z\u0131, \u00f6fkelerimizi, kay\u0131plar\u0131m\u0131z\u0131 ya da kazand\u0131klar\u0131m\u0131z\u0131, arzular\u0131m\u0131z\u0131 ve vazge\u00e7tiklerimizi biriktirirken acaba \u2018betonda\u015flar\u0131n\u2019 ak\u0131llar\u0131ndan neler ge\u00e7iyor merak ettiniz mi hi\u00e7? \u0130ntak (konu\u015fturma) sanat\u0131n\u0131n en \u00f6zel \u00f6rneklerinden biri olan bu kitap, okurlar\u0131 bamba\u015fka bir d\u00fcnyaya davet ediyor\u2026 <\/p>\n","protected":false},"excerpt":{"rendered":"<p>\u201cKollar\u0131 olmasa da Akasya, be\u015f ya\u015f\u0131nda hemen evlerinin yak\u0131n\u0131ndaki okulun yolunu tutar. Bu kez de okul \u00e7ocuklar\u0131 ona k\u00fcfreder, y\u00fcz\u00fcne t\u00fck\u00fcr\u00fcr, tartaklar. Neden b\u00f6yle yap\u0131yordur ki<span class=\"excerpt-hellip\"> [\u2026]<\/span><\/p>\n","protected":false},"featured_media":0,"template":"","meta":{"_monsterinsights_skip_tracking":false,"_monsterinsights_sitenote_active":false,"_monsterinsights_sitenote_note":"","_monsterinsights_sitenote_category":0},"product_brand":[],"product_cat":[12291,18202],"product_tag":[],"class_list":{"0":"post-759392","1":"product","2":"type-product","3":"status-publish","5":"product_cat-edebiyat","6":"product_cat-hikaye","7":"pa_cilt-ciltsiz","8":"pa_tur-kitap","9":"pa_yayinevi-perseus","10":"pa_yazar-kiymet-ercek","12":"first","13":"instock","14":"sale","15":"shipping-taxable","16":"purchasable","17":"product-type-simple"},"_links":{"self":[{"href":"https:\/\/roveyayinevi.com.tr\/index.php\/wp-json\/wp\/v2\/product\/759392","targetHints":{"allow":["GET"]}}],"collection":[{"href":"https:\/\/roveyayinevi.com.tr\/index.php\/wp-json\/wp\/v2\/product"}],"about":[{"href":"https:\/\/roveyayinevi.com.tr\/index.php\/wp-json\/wp\/v2\/types\/product"}],"wp:attachment":[{"href":"https:\/\/roveyayinevi.com.tr\/index.php\/wp-json\/wp\/v2\/media?parent=759392"}],"wp:term":[{"taxonomy":"product_brand","embeddable":true,"href":"https:\/\/roveyayinevi.com.tr\/index.php\/wp-json\/wp\/v2\/product_brand?post=759392"},{"taxonomy":"product_cat","embeddable":true,"href":"https:\/\/roveyayinevi.com.tr\/index.php\/wp-json\/wp\/v2\/product_cat?post=759392"},{"taxonomy":"product_tag","embeddable":true,"href":"https:\/\/roveyayinevi.com.tr\/index.php\/wp-json\/wp\/v2\/product_tag?post=759392"}],"curies":[{"name":"wp","href":"https:\/\/api.w.org\/{rel}","templated":true}]}}