{"id":759390,"date":"2025-08-28T08:33:20","date_gmt":"2025-08-28T05:33:20","guid":{"rendered":"https:\/\/roveyayinevi.com.tr\/index.php\/urun\/lanetli-kalp-iii\/"},"modified":"2026-04-16T03:12:31","modified_gmt":"2026-04-16T00:12:31","slug":"lanetli-kalp-iii","status":"publish","type":"product","link":"https:\/\/roveyayinevi.com.tr\/index.php\/urun\/lanetli-kalp-iii\/","title":{"rendered":"Lanetli Kalp III"},"content":{"rendered":"<p>Da\u011f\u0131lan arkada\u015fl\u0131klar\u0131, k\u0131r\u0131lan kalbi ve silinen Ya\u015fam \u00c7izgileri ile \u00c7ise&#8217;nin maceras\u0131 &#8216;Lanetli Kalp: ge\u00e7mi\u015fin g\u00f6lgesi&#8217; ile birlikte sona eriyor. \u00c7ise, H\u0131rs\u0131z Kral&#8217;dan ald\u0131\u011f\u0131 haritan\u0131n kendini g\u00f6stermesi ile Kay\u0131p Hayatlar&#8217;dan, Orman\u0131n Korucular\u0131&#8217;na, dev kemik kurt Bonwolf&#8217;tan F\u0131s\u0131lt\u0131lar Ma\u011faras\u0131&#8217;na uzanan boyutlar aras\u0131 yolculu\u011fu s\u0131ras\u0131nda kendi ve kaderi ile y\u00fczle\u015fmeye ba\u015fl\u0131yor. Lanetini kald\u0131rabilece\u011fi yeg\u00e2ne yer olan Cesaret Orman\u0131&#8217;na yakla\u015ft\u0131k\u00e7a ya\u015fad\u0131klar\u0131 ta\u015fla\u015fan kalbindeki y\u00fck\u00fc artt\u0131rmaya ba\u015fl\u0131yor ve \u00c7ise&#8217;yi ger\u00e7ekten ne istedi\u011fi konusunda hayat\u0131n\u0131 sorgulamaya y\u00f6nlendiriyor. Peki masum ufakl\u0131k ge\u00e7mi\u015fin g\u00f6lgesi ile y\u00fczle\u015ferek lanetini kald\u0131r\u0131p s\u0131radan ve gams\u0131z bir \u00e7ocuk oldu\u011fu g\u00fcnlere d\u00f6nebilecek mi? \u201cGer\u00e7eklerle ger\u00e7ekten y\u00fczle\u015fmeye haz\u0131r olan, cesaretini toplad\u0131\u011f\u0131 zaman \u00f6nce elini, sonra da y\u00fcre\u011fini korkusuzca o an\u0131n\u0131n \u00fczerine koymal\u0131d\u0131r. \u0130\u015fte o zaman g\u00f6rmek anlamlanacak, ger\u00e7ek kendini g\u00f6sterecek ve kendisi i\u00e7in bir \u015feyleri de\u011fi\u015ftirmesi i\u00e7in \u015fans verecektir.\u201d<\/p>\n","protected":false},"excerpt":{"rendered":"<p>Da\u011f\u0131lan arkada\u015fl\u0131klar\u0131, k\u0131r\u0131lan kalbi ve silinen Ya\u015fam \u00c7izgileri ile \u00c7ise&#8217;nin maceras\u0131 &#8216;Lanetli Kalp: ge\u00e7mi\u015fin g\u00f6lgesi&#8217; ile birlikte sona eriyor. \u00c7ise, H\u0131rs\u0131z Kral&#8217;dan ald\u0131\u011f\u0131 haritan\u0131n kendini g\u00f6stermesi<span class=\"excerpt-hellip\"> [\u2026]<\/span><\/p>\n","protected":false},"featured_media":0,"template":"","meta":{"_monsterinsights_skip_tracking":false,"_monsterinsights_sitenote_active":false,"_monsterinsights_sitenote_note":"","_monsterinsights_sitenote_category":0},"product_brand":[],"product_cat":[12291,12711],"product_tag":[],"class_list":{"0":"post-759390","1":"product","2":"type-product","3":"status-publish","5":"product_cat-edebiyat","6":"product_cat-roman-oyku","7":"pa_cilt-ciltsiz","8":"pa_tur-kitap","9":"pa_yayinevi-perseus","10":"pa_yazar-oytun-demir","12":"first","13":"instock","14":"sale","15":"shipping-taxable","16":"purchasable","17":"product-type-simple"},"_links":{"self":[{"href":"https:\/\/roveyayinevi.com.tr\/index.php\/wp-json\/wp\/v2\/product\/759390","targetHints":{"allow":["GET"]}}],"collection":[{"href":"https:\/\/roveyayinevi.com.tr\/index.php\/wp-json\/wp\/v2\/product"}],"about":[{"href":"https:\/\/roveyayinevi.com.tr\/index.php\/wp-json\/wp\/v2\/types\/product"}],"wp:attachment":[{"href":"https:\/\/roveyayinevi.com.tr\/index.php\/wp-json\/wp\/v2\/media?parent=759390"}],"wp:term":[{"taxonomy":"product_brand","embeddable":true,"href":"https:\/\/roveyayinevi.com.tr\/index.php\/wp-json\/wp\/v2\/product_brand?post=759390"},{"taxonomy":"product_cat","embeddable":true,"href":"https:\/\/roveyayinevi.com.tr\/index.php\/wp-json\/wp\/v2\/product_cat?post=759390"},{"taxonomy":"product_tag","embeddable":true,"href":"https:\/\/roveyayinevi.com.tr\/index.php\/wp-json\/wp\/v2\/product_tag?post=759390"}],"curies":[{"name":"wp","href":"https:\/\/api.w.org\/{rel}","templated":true}]}}