{"id":759389,"date":"2025-08-28T08:33:18","date_gmt":"2025-08-28T05:33:18","guid":{"rendered":"https:\/\/roveyayinevi.com.tr\/index.php\/urun\/zumrut-gozlu-cadi\/"},"modified":"2026-04-16T03:12:31","modified_gmt":"2026-04-16T00:12:31","slug":"zumrut-gozlu-cadi","status":"publish","type":"product","link":"https:\/\/roveyayinevi.com.tr\/index.php\/urun\/zumrut-gozlu-cadi\/","title":{"rendered":"Z\u00fcmr\u00fct G\u00f6zl\u00fc Cad\u0131"},"content":{"rendered":"<p>\u201cUnutmay\u0131n ki en b\u00fcy\u00fck ger\u00e7ekler, masallar arac\u0131l\u0131\u011f\u0131yla anlat\u0131l\u0131r. Evvel zaman i\u00e7inde kalbur saman i\u00e7inde, insano\u011flunun hayal kurma ve s\u0131n\u0131rs\u0131zca sevme ihtiyac\u0131 varm\u0131\u015f. Korku ya da teredd\u00fct duymadan\u2026 Ancak bunu unuttu ve o zamandan beri kendini \u00e7o\u011fu zaman \u00fczg\u00fcn hissediyor. Evvel zaman i\u00e7inde kalbur saman i\u00e7inde, ruhumuzun en g\u00fczel par\u00e7as\u0131n\u0131 canl\u0131 tutmak i\u00e7in masallar do\u011fmu\u015f. Yeti\u015fkin, g\u00fcnl\u00fck hayat\u0131m\u0131zdaki \u00e7ocuklu\u011fumuzu canl\u0131 tutabilmek i\u00e7in. Ve onlar ermi\u015f murad\u0131na biz de \u00e7\u0131kal\u0131m kerevetine!\u201d Fotini Katsali     \u00c7ocuklu\u011fumuzda bizlere anlat\u0131lan masallar\u0131 farkl\u0131 anlat\u0131m\u0131yla okuyucu ile bulu\u015fturan Fotini Katsali bize \u00e7ocuklu\u011fumuzdaki o masum hayallerimizi yeniden hat\u0131rlat\u0131yor. Masallar\u0131n b\u00fcy\u00fcl\u00fc g\u00fcc\u00fcyle asl\u0131nda g\u00fcn\u00fcm\u00fczde unutmaya ba\u015flad\u0131\u011f\u0131m\u0131z sevgi, umut, cesaret ve hayal kurma gibi \u00e7ocuklu\u011fun o saf duygular\u0131yla bizleri bulu\u015fturuyor.<\/p>\n","protected":false},"excerpt":{"rendered":"<p>\u201cUnutmay\u0131n ki en b\u00fcy\u00fck ger\u00e7ekler, masallar arac\u0131l\u0131\u011f\u0131yla anlat\u0131l\u0131r. Evvel zaman i\u00e7inde kalbur saman i\u00e7inde, insano\u011flunun hayal kurma ve s\u0131n\u0131rs\u0131zca sevme ihtiyac\u0131 varm\u0131\u015f. Korku ya da teredd\u00fct<span class=\"excerpt-hellip\"> [\u2026]<\/span><\/p>\n","protected":false},"featured_media":0,"template":"","meta":{"_monsterinsights_skip_tracking":false,"_monsterinsights_sitenote_active":false,"_monsterinsights_sitenote_note":"","_monsterinsights_sitenote_category":0},"product_brand":[],"product_cat":[12291,13706],"product_tag":[],"class_list":{"0":"post-759389","1":"product","2":"type-product","3":"status-publish","5":"product_cat-edebiyat","6":"product_cat-efsane-destan-masal","7":"pa_cilt-ciltsiz","8":"pa_tur-kitap","9":"pa_yayinevi-perseus","10":"pa_yazar-fotini-katsali","12":"first","13":"instock","14":"sale","15":"shipping-taxable","16":"purchasable","17":"product-type-simple"},"_links":{"self":[{"href":"https:\/\/roveyayinevi.com.tr\/index.php\/wp-json\/wp\/v2\/product\/759389","targetHints":{"allow":["GET"]}}],"collection":[{"href":"https:\/\/roveyayinevi.com.tr\/index.php\/wp-json\/wp\/v2\/product"}],"about":[{"href":"https:\/\/roveyayinevi.com.tr\/index.php\/wp-json\/wp\/v2\/types\/product"}],"wp:attachment":[{"href":"https:\/\/roveyayinevi.com.tr\/index.php\/wp-json\/wp\/v2\/media?parent=759389"}],"wp:term":[{"taxonomy":"product_brand","embeddable":true,"href":"https:\/\/roveyayinevi.com.tr\/index.php\/wp-json\/wp\/v2\/product_brand?post=759389"},{"taxonomy":"product_cat","embeddable":true,"href":"https:\/\/roveyayinevi.com.tr\/index.php\/wp-json\/wp\/v2\/product_cat?post=759389"},{"taxonomy":"product_tag","embeddable":true,"href":"https:\/\/roveyayinevi.com.tr\/index.php\/wp-json\/wp\/v2\/product_tag?post=759389"}],"curies":[{"name":"wp","href":"https:\/\/api.w.org\/{rel}","templated":true}]}}