{"id":759387,"date":"2025-08-28T08:33:15","date_gmt":"2025-08-28T05:33:15","guid":{"rendered":"https:\/\/roveyayinevi.com.tr\/index.php\/urun\/kabus-schrodingerin-kedisi-1\/"},"modified":"2026-03-25T20:47:12","modified_gmt":"2026-03-25T17:47:12","slug":"kabus-schrodingerin-kedisi-1","status":"publish","type":"product","link":"https:\/\/roveyayinevi.com.tr\/index.php\/urun\/kabus-schrodingerin-kedisi-1\/","title":{"rendered":"Kabus &#8211; Schr\u00f6dinger\u2019in Kedisi 1"},"content":{"rendered":"<p>2020&#8217;li y\u0131llar&#8230; Postni\u015finde Y\u00dcCE P\u0130R&#8217;in oturdu\u011fu Yeni D\u00fcnya D\u00fczeni tarikat\u0131 iktidar\u0131n\u0131 h\u0131zla g\u00fc\u00e7lendirmektedir. Tarikat\u0131 olu\u015fturan vas\u0131l, salik, m\u00fcrid ve talipler, &#8220;Son Hakikat&#8221; dedikleri d\u00fcnya g\u00f6r\u00fc\u015flerini gezegenin b\u00fct\u00fcn\u00fcne tebli\u011f etmekle y\u00fck\u00fcml\u00fcd\u00fcrler. D\u00fcnya halklar\u0131 ya &#8220;Tekle\u015fmi\u015f Varolu\u015f&#8221;ta eriyecekler ya da genleri yok edilmek suretiyle mutlak bir biyolojik \u00f6l\u00fcmle kar\u015f\u0131 kar\u015f\u0131ya b\u0131rak\u0131lan S\u00f6m\u00fcr\u00fclmezler&#8217;in ve Lanetliler&#8221;in kaderini payla\u015facaklard\u0131r. POSTMODERN FA\u015e\u0130ZM. &#8220;Tek bir d\u00fcnya, tek bir devlet, tek bir bayrak!&#8221; slogan\u0131yla \u00f6zetlenen \u00e7a\u011fda\u015f de\u011ferlerini, evrensel medyan\u0131n t\u00fcm olanaklar\u0131n\u0131 kullanarak dayat\u0131r. Y\u00dcCE P\u0130R&#8217;in KUTSAL KOAL\u0130SYONU ile ba\u015f edebilecek tek bir g\u00fc\u00e7 vard\u0131r: Schr\u00f6dinger&#8217;in Kedisi. Erwin Schr\u00f6dinger&#8217;in kedisi, yeni fizi\u011fin maskotudur. Ayn\u0131 anda \u00f6l\u00fc ve diri olabilmek gibi ak\u0131l almaz bir bilimsel ger\u00e7ekli\u011fi temsil eden Schr\u00f6dinger&#8217;in Kedisi. Y\u00dcCE P\u0130R&#8217;in ve onun KUTSAL KOAL\u0130SYON&#8217;unun \u00f6n\u00fcndeki tek engeldir. Buna kar\u015f\u0131n, SCHR\u00d6D\u0130NER\u2019\u0130N KED\u0130S\u0130 bir bilim-kurgu roman\u0131 de\u011fildir. Tersine, 1950-2035 y\u0131llar\u0131 aras\u0131nda ya\u015fayan \u00c7ank\u0131r\u0131 do\u011fumlu psikoterapist \u0130mre Kad\u0131zade&#8217;nin y\u0131ld\u0131zlar\u0131n \u0130blis&#8217;i recmetmekte kullan\u0131lan ta\u015flar olarak g\u00f6r\u00fcnd\u00fckleri bir ortamdan, 21. Y\u00fczy\u0131la, yeni fizi\u011fe, kaos teorisine, sa\u00e7akl\u0131 mant\u0131\u011fa uzanan zihinsel cenklerinin hik\u00e2yesidir.   &#8220;Alev Alatl\u0131&#8217;n\u0131n uzun y\u0131llard\u0131r \u00fczerinde \u00e7al\u0131\u015ft\u0131\u011f\u0131 dev roman\u0131, \u00fclkemiz edebiyat\u0131ndaki ilk \u00e7apl\u0131 &#8220;Anti-\u00dctopya&#8221; \u00f6zelli\u011fini alt\u0131n\u0131 \u00e7izdirecek bir tonlamayla okurun ve d\u00fc\u015f\u00fcnebilen T\u00fcrk insan\u0131n\u0131n ilgisine sunuluyor. Bir gerilim roman\u0131n\u0131n tempo ve heyecan\u0131n\u0131 bir an bile elden ka\u00e7\u0131rmadan, \u00fclke olarak neden \u00f6n-insanlar a\u015famas\u0131nda kald\u0131\u011f\u0131m\u0131z\u0131n \u00e7\u00f6z\u00fcmlemelerini yap\u0131yor, ac\u0131mas\u0131z ger\u00e7ekleri birer tokat gibi y\u00fcz\u00fcm\u00fcze \u00e7arp\u0131yor&#8230; SCHR\u00d6D\u0130NGER\u2019\u0130N KED\u0130S\u0130\u2019ni tokat yemekten bitap d\u00fc\u015fm\u00fc\u015f, yenik fakat dersler alm\u0131\u015f bir insan\u0131n bilgele\u015fmi\u015f, k\u00fcl\u00e7ele\u015fmi\u015f, felsefeyle kutsanm\u0131\u015f a\u011f\u0131rba\u015fl\u0131l\u0131\u011f\u0131yla bir kenara b\u0131rak\u0131rken, kendi ya\u015fam\u0131n\u0131z ve \u00fclkenin ac\u0131nacak hali \u00fczerine binbir ant i\u00e7erek yeni g\u00fcnlerinize ba\u015fl\u0131yorsunuz. 20. y\u00fczy\u0131l\u0131n ac\u0131larla dolu ya\u015fam\u0131nda yer alm\u0131\u015f her T\u00fcrk ayd\u0131n\u0131n muhakkak okumas\u0131 gereken g\u00f6rkemli bir yap\u0131t. SCHR\u00d6D\u0130NGER\u2019\u0130N KED\u0130S\u0130.&#8221;<\/p>\n","protected":false},"excerpt":{"rendered":"<p>2020&#8217;li y\u0131llar&#8230; Postni\u015finde Y\u00dcCE P\u0130R&#8217;in oturdu\u011fu Yeni D\u00fcnya D\u00fczeni tarikat\u0131 iktidar\u0131n\u0131 h\u0131zla g\u00fc\u00e7lendirmektedir. Tarikat\u0131 olu\u015fturan vas\u0131l, salik, m\u00fcrid ve talipler, &#8220;Son Hakikat&#8221; dedikleri d\u00fcnya g\u00f6r\u00fc\u015flerini gezegenin<span class=\"excerpt-hellip\"> [\u2026]<\/span><\/p>\n","protected":false},"featured_media":0,"template":"","meta":{"_monsterinsights_skip_tracking":false,"_monsterinsights_sitenote_active":false,"_monsterinsights_sitenote_note":"","_monsterinsights_sitenote_category":0},"product_brand":[],"product_cat":[12291,12711],"product_tag":[],"class_list":{"0":"post-759387","1":"product","2":"type-product","3":"status-publish","5":"product_cat-edebiyat","6":"product_cat-roman-oyku","7":"pa_cilt-ciltsiz","8":"pa_tur-kitap","9":"pa_yayinevi-kapi-yayinlari","10":"pa_yazar-alev-alatli","12":"first","13":"instock","14":"sale","15":"shipping-taxable","16":"purchasable","17":"product-type-simple"},"_links":{"self":[{"href":"https:\/\/roveyayinevi.com.tr\/index.php\/wp-json\/wp\/v2\/product\/759387","targetHints":{"allow":["GET"]}}],"collection":[{"href":"https:\/\/roveyayinevi.com.tr\/index.php\/wp-json\/wp\/v2\/product"}],"about":[{"href":"https:\/\/roveyayinevi.com.tr\/index.php\/wp-json\/wp\/v2\/types\/product"}],"wp:attachment":[{"href":"https:\/\/roveyayinevi.com.tr\/index.php\/wp-json\/wp\/v2\/media?parent=759387"}],"wp:term":[{"taxonomy":"product_brand","embeddable":true,"href":"https:\/\/roveyayinevi.com.tr\/index.php\/wp-json\/wp\/v2\/product_brand?post=759387"},{"taxonomy":"product_cat","embeddable":true,"href":"https:\/\/roveyayinevi.com.tr\/index.php\/wp-json\/wp\/v2\/product_cat?post=759387"},{"taxonomy":"product_tag","embeddable":true,"href":"https:\/\/roveyayinevi.com.tr\/index.php\/wp-json\/wp\/v2\/product_tag?post=759387"}],"curies":[{"name":"wp","href":"https:\/\/api.w.org\/{rel}","templated":true}]}}