{"id":759386,"date":"2025-08-28T08:33:14","date_gmt":"2025-08-28T05:33:14","guid":{"rendered":"https:\/\/roveyayinevi.com.tr\/index.php\/urun\/atin-kadar-varsin\/"},"modified":"2026-04-16T03:12:31","modified_gmt":"2026-04-16T00:12:31","slug":"atin-kadar-varsin","status":"publish","type":"product","link":"https:\/\/roveyayinevi.com.tr\/index.php\/urun\/atin-kadar-varsin\/","title":{"rendered":"At\u0131n Kadar Vars\u0131n"},"content":{"rendered":"<p>PAYLA\u015eILMAYAN B\u0130LG\u0130, H\u0130\u00c7 K\u0130MSEYE FAYDASI OLMAYAN B\u0130R HAZ\u0130NE G\u0130B\u0130D\u0130R. Aristoteles, Metafizik kitab\u0131nda \u015f\u00f6yle der: \u201c\u0130nsan, do\u011fas\u0131 gere\u011fi bilmek ve bulmak ister. Kulaklar\u0131 ve g\u00f6zleri ile ald\u0131\u011f\u0131 haz, bunun en b\u00fcy\u00fck kan\u0131t\u0131d\u0131r.\u201d Helenistik \u00c7a\u011f\u2019\u0131n mimarlar\u0131ndan olan b\u00fcy\u00fck filozofun \u00f6nemli tespitinin \u0131\u015f\u0131\u011f\u0131 alt\u0131nda ben de (!) yar\u0131\u015flar\u0131 sadece maddi kazan\u00e7 kap\u0131s\u0131 olma alg\u0131s\u0131ndan kurtarmak i\u00e7in kat\u0131ld\u0131\u011f\u0131n\u0131z m\u00fc\u015fterek bahislerin nihai amac\u0131n\u0131n temelinde ne ya da nelerin yatt\u0131\u011f\u0131n\u0131 irdeleyerek olabildi\u011fince g\u00fcn y\u00fcz\u00fcne \u00e7\u0131kar\u0131p sizlere sunmaya \u00e7al\u0131\u015faca\u011f\u0131m. Bu olgular\u0131n sizleri daha az zarar eden, daha mutlu ve bilin\u00e7li bir oyuncu yapaca\u011f\u0131ndan zerre ku\u015fkum yok. Unutmay\u0131n\u0131z ki bir i\u015f ya da olgunun sonucunu kestirebilmeyi (at yar\u0131\u015flar\u0131nda kazanca giden yolu), kantar ile kuyumcu terazisi aras\u0131nda bir de\u011fer kapasitesine ula\u015fman\u0131z belirler. <\/p>\n","protected":false},"excerpt":{"rendered":"<p>PAYLA\u015eILMAYAN B\u0130LG\u0130, H\u0130\u00c7 K\u0130MSEYE FAYDASI OLMAYAN B\u0130R HAZ\u0130NE G\u0130B\u0130D\u0130R. Aristoteles, Metafizik kitab\u0131nda \u015f\u00f6yle der: \u201c\u0130nsan, do\u011fas\u0131 gere\u011fi bilmek ve bulmak ister. Kulaklar\u0131 ve g\u00f6zleri ile ald\u0131\u011f\u0131<span class=\"excerpt-hellip\"> [\u2026]<\/span><\/p>\n","protected":false},"featured_media":0,"template":"","meta":{"_monsterinsights_skip_tracking":false,"_monsterinsights_sitenote_active":false,"_monsterinsights_sitenote_note":"","_monsterinsights_sitenote_category":0},"product_brand":[],"product_cat":[15563,15564],"product_tag":[],"class_list":{"0":"post-759386","1":"product","2":"type-product","3":"status-publish","5":"product_cat-hobi","6":"product_cat-spor","7":"pa_cilt-ciltsiz","8":"pa_tur-kitap","9":"pa_yayinevi-fa-yayinlari","10":"pa_yazar-tekin-ilmaz","12":"first","13":"instock","14":"sale","15":"shipping-taxable","16":"purchasable","17":"product-type-simple"},"_links":{"self":[{"href":"https:\/\/roveyayinevi.com.tr\/index.php\/wp-json\/wp\/v2\/product\/759386","targetHints":{"allow":["GET"]}}],"collection":[{"href":"https:\/\/roveyayinevi.com.tr\/index.php\/wp-json\/wp\/v2\/product"}],"about":[{"href":"https:\/\/roveyayinevi.com.tr\/index.php\/wp-json\/wp\/v2\/types\/product"}],"wp:attachment":[{"href":"https:\/\/roveyayinevi.com.tr\/index.php\/wp-json\/wp\/v2\/media?parent=759386"}],"wp:term":[{"taxonomy":"product_brand","embeddable":true,"href":"https:\/\/roveyayinevi.com.tr\/index.php\/wp-json\/wp\/v2\/product_brand?post=759386"},{"taxonomy":"product_cat","embeddable":true,"href":"https:\/\/roveyayinevi.com.tr\/index.php\/wp-json\/wp\/v2\/product_cat?post=759386"},{"taxonomy":"product_tag","embeddable":true,"href":"https:\/\/roveyayinevi.com.tr\/index.php\/wp-json\/wp\/v2\/product_tag?post=759386"}],"curies":[{"name":"wp","href":"https:\/\/api.w.org\/{rel}","templated":true}]}}