{"id":759385,"date":"2025-08-28T08:33:11","date_gmt":"2025-08-28T05:33:11","guid":{"rendered":"https:\/\/roveyayinevi.com.tr\/index.php\/urun\/bir-cag-dusluyorum\/"},"modified":"2026-04-16T03:12:31","modified_gmt":"2026-04-16T00:12:31","slug":"bir-cag-dusluyorum","status":"publish","type":"product","link":"https:\/\/roveyayinevi.com.tr\/index.php\/urun\/bir-cag-dusluyorum\/","title":{"rendered":"Bir \u00c7a\u011f D\u00fc\u015fl\u00fcyorum"},"content":{"rendered":"<p>\u0130lk \u015fiiri G\u00f6n\u00fcl, 1953 y\u0131l\u0131nda yay\u0131nlanan 20. As\u0131r Dergisi\u2019nde Beh\u00e7et Kemal \u00c7A\u011eLAR\u2019\u0131n y\u00f6netti\u011fi \u201cGen\u00e7 \u015eairler\u201d sayfas\u0131nda yay\u0131nlad\u0131. Yaln\u0131zl\u0131k, umut ayr\u0131l\u0131k, umutsuzluk, sevgi, \u00f6zlem ve tasavvuf alan\u0131ndaki duygular\u0131n\u0131 b\u00fcy\u00fck bir ustal\u0131kla dile getiren \u0130brahim SA\u011eIR dilimizdeki kelimelere, c\u00fcmlelere \u00f6yle anlamlar y\u00fckledi ki hayran olmamak m\u00fcmk\u00fcn de\u011fil. Bazen bir k\u0131taya bir kitapta anlat\u0131lamayacak ac\u0131y\u0131, kederi, sevgiyi yada \u00f6zlemi s\u0131\u011fd\u0131rd\u0131. Her s\u00f6zc\u00fc\u011f\u00fc b\u00fcy\u00fck bir titizlikle yerli yerine oturttu. \u00dcstelikte b\u00fct\u00fcn bu g\u00fczellikleri, Halk \u015eiiri\u2019nin \u00f6zellikleri olan belli \u00f6l\u00e7\u00fcler i\u00e7erisinde, belli kurallara uyarak yapt\u0131.   B\u0130R \u00c7A\u011e D\u00dc\u015eL\u00dcYORUM   Bir \u00e7a\u011f d\u00fc\u015fl\u00fcyorum a\u00e7, a\u00e7\u0131\u011f\u0131 kalmam\u0131\u015f, Hudutlarda g\u00fcven, g\u00f6n\u00fcllerde g\u00fcven, Ne ezilen ne ezen, Sevgi ta\u015f\u0131s\u0131n bulutlar, Gecesi emin, g\u00fcnd\u00fcz\u00fc emin, Toptan \u00f6l\u00fcmlere paydos, Bombalar paydos, f\u00fczelere paydos. Utanmas\u0131n y\u0131ld\u0131zlar, D\u00f6ns\u00fcn d\u00fcnya, d\u00f6ns\u00fcn ay, B\u00fcy\u00fcs\u00fcn bebeler \u015fen olsun anneler, Sevgi dilenmesin k\u0131zlar, D\u00fc\u015fmesin topra\u011fa dal dal yi\u011fitler, Umutlar budanmas\u0131n, Analar yanmas\u0131n, Bir \u00e7a\u011f d\u00fc\u015fl\u00fcyorum mevsimleri hep bahar&#8230; <\/p>\n","protected":false},"excerpt":{"rendered":"<p>\u0130lk \u015fiiri G\u00f6n\u00fcl, 1953 y\u0131l\u0131nda yay\u0131nlanan 20. As\u0131r Dergisi\u2019nde Beh\u00e7et Kemal \u00c7A\u011eLAR\u2019\u0131n y\u00f6netti\u011fi \u201cGen\u00e7 \u015eairler\u201d sayfas\u0131nda yay\u0131nlad\u0131. Yaln\u0131zl\u0131k, umut ayr\u0131l\u0131k, umutsuzluk, sevgi, \u00f6zlem ve tasavvuf alan\u0131ndaki<span class=\"excerpt-hellip\"> [\u2026]<\/span><\/p>\n","protected":false},"featured_media":0,"template":"","meta":{"_monsterinsights_skip_tracking":false,"_monsterinsights_sitenote_active":false,"_monsterinsights_sitenote_note":"","_monsterinsights_sitenote_category":0},"product_brand":[],"product_cat":[12291,12509],"product_tag":[],"class_list":{"0":"post-759385","1":"product","2":"type-product","3":"status-publish","5":"product_cat-edebiyat","6":"product_cat-siir","7":"pa_cilt-ciltsiz","8":"pa_tur-kitap","9":"pa_yayinevi-efsun-yayincilik","10":"pa_yazar-ibrahim-sagir","12":"first","13":"instock","14":"sale","15":"shipping-taxable","16":"purchasable","17":"product-type-simple"},"_links":{"self":[{"href":"https:\/\/roveyayinevi.com.tr\/index.php\/wp-json\/wp\/v2\/product\/759385","targetHints":{"allow":["GET"]}}],"collection":[{"href":"https:\/\/roveyayinevi.com.tr\/index.php\/wp-json\/wp\/v2\/product"}],"about":[{"href":"https:\/\/roveyayinevi.com.tr\/index.php\/wp-json\/wp\/v2\/types\/product"}],"wp:attachment":[{"href":"https:\/\/roveyayinevi.com.tr\/index.php\/wp-json\/wp\/v2\/media?parent=759385"}],"wp:term":[{"taxonomy":"product_brand","embeddable":true,"href":"https:\/\/roveyayinevi.com.tr\/index.php\/wp-json\/wp\/v2\/product_brand?post=759385"},{"taxonomy":"product_cat","embeddable":true,"href":"https:\/\/roveyayinevi.com.tr\/index.php\/wp-json\/wp\/v2\/product_cat?post=759385"},{"taxonomy":"product_tag","embeddable":true,"href":"https:\/\/roveyayinevi.com.tr\/index.php\/wp-json\/wp\/v2\/product_tag?post=759385"}],"curies":[{"name":"wp","href":"https:\/\/api.w.org\/{rel}","templated":true}]}}