{"id":759384,"date":"2025-08-28T08:33:10","date_gmt":"2025-08-28T05:33:10","guid":{"rendered":"https:\/\/roveyayinevi.com.tr\/index.php\/urun\/en-mutlu-gun\/"},"modified":"2026-04-16T03:12:31","modified_gmt":"2026-04-16T00:12:31","slug":"en-mutlu-gun","status":"publish","type":"product","link":"https:\/\/roveyayinevi.com.tr\/index.php\/urun\/en-mutlu-gun\/","title":{"rendered":"En Mutlu G\u00fcn"},"content":{"rendered":"<p>Bu kitap, cuma g\u00fcn\u00fcn\u00fcn \u00f6zel bir g\u00fcn oldu\u011funa i\u015faret etmek ve o g\u00fcn i\u00e7erisinde yap\u0131lmas\u0131 gereken g\u00fczel \u015feyleri \u00e7ocuklara \u00f6\u011fretmek\/sevdirmek i\u00e7in haz\u0131rlanm\u0131\u015ft\u0131r.  \u00c7\u00fcnk\u00fc \u201cCuma, m\u00fc\u2019minin bayram\u0131d\u0131r.\u201d Bu co\u015fkuyu ya\u015famak ve ya\u015fatmak gerekir.  Varl\u0131klar\u0131yla bizleri mutlu eden ve kalpleriyle d\u00fcnyay\u0131 g\u00fczelle\u015ftiren t\u00fcm \u00e7ocuklara arma\u011fan olsun\u2026<\/p>\n","protected":false},"excerpt":{"rendered":"<p>Bu kitap, cuma g\u00fcn\u00fcn\u00fcn \u00f6zel bir g\u00fcn oldu\u011funa i\u015faret etmek ve o g\u00fcn i\u00e7erisinde yap\u0131lmas\u0131 gereken g\u00fczel \u015feyleri \u00e7ocuklara \u00f6\u011fretmek\/sevdirmek i\u00e7in haz\u0131rlanm\u0131\u015ft\u0131r. \u00c7\u00fcnk\u00fc \u201cCuma, m\u00fc\u2019minin bayram\u0131d\u0131r.\u201d<span class=\"excerpt-hellip\"> [\u2026]<\/span><\/p>\n","protected":false},"featured_media":0,"template":"","meta":{"_monsterinsights_skip_tracking":false,"_monsterinsights_sitenote_active":false,"_monsterinsights_sitenote_note":"","_monsterinsights_sitenote_category":0},"product_brand":[],"product_cat":[12274,12518],"product_tag":[],"class_list":{"0":"post-759384","1":"product","2":"type-product","3":"status-publish","5":"product_cat-cocuk-ve-genclik-kitaplari","6":"product_cat-okul-oncesi-kitaplar","7":"pa_cilt-ciltsiz","8":"pa_tur-kitap","9":"pa_yayinevi-cinaralti-yayinlari","10":"pa_yazar-esra-abdulazizoglu","12":"first","13":"instock","14":"sale","15":"shipping-taxable","16":"purchasable","17":"product-type-simple"},"_links":{"self":[{"href":"https:\/\/roveyayinevi.com.tr\/index.php\/wp-json\/wp\/v2\/product\/759384","targetHints":{"allow":["GET"]}}],"collection":[{"href":"https:\/\/roveyayinevi.com.tr\/index.php\/wp-json\/wp\/v2\/product"}],"about":[{"href":"https:\/\/roveyayinevi.com.tr\/index.php\/wp-json\/wp\/v2\/types\/product"}],"wp:attachment":[{"href":"https:\/\/roveyayinevi.com.tr\/index.php\/wp-json\/wp\/v2\/media?parent=759384"}],"wp:term":[{"taxonomy":"product_brand","embeddable":true,"href":"https:\/\/roveyayinevi.com.tr\/index.php\/wp-json\/wp\/v2\/product_brand?post=759384"},{"taxonomy":"product_cat","embeddable":true,"href":"https:\/\/roveyayinevi.com.tr\/index.php\/wp-json\/wp\/v2\/product_cat?post=759384"},{"taxonomy":"product_tag","embeddable":true,"href":"https:\/\/roveyayinevi.com.tr\/index.php\/wp-json\/wp\/v2\/product_tag?post=759384"}],"curies":[{"name":"wp","href":"https:\/\/api.w.org\/{rel}","templated":true}]}}