{"id":759382,"date":"2025-08-28T08:33:06","date_gmt":"2025-08-28T05:33:06","guid":{"rendered":"https:\/\/roveyayinevi.com.tr\/index.php\/urun\/neden-mi-yapiyorum-cunku\/"},"modified":"2026-04-16T03:12:31","modified_gmt":"2026-04-16T00:12:31","slug":"neden-mi-yapiyorum-cunku","status":"publish","type":"product","link":"https:\/\/roveyayinevi.com.tr\/index.php\/urun\/neden-mi-yapiyorum-cunku\/","title":{"rendered":"Neden Mi Yap\u0131yorum? \u00c7\u00fcnk\u00fc\u2026"},"content":{"rendered":"<p>Peygamberimiz\u2019in (sav) her davran\u0131\u015f\u0131 ve tavsiyesi, binlerce y\u0131ld\u0131r oldu\u011fu gibi bug\u00fcn de insanl\u0131\u011fa \u0131\u015f\u0131k tutmaktad\u0131r.  Bu kitap; ke\u015fif ve merak duygular\u0131 ile hayat\u0131 anlamland\u0131rmaya \u00e7al\u0131\u015fan \u00e7ocuklar\u0131n nas\u0131l, neden ve ni\u00e7in\u2019li sorular\u0131n\u0131 Peygamberimiz\u2019in davran\u0131\u015flar\u0131 ve tavsiyeleri \u0131\u015f\u0131\u011f\u0131nda cevaplayabilmek amac\u0131yla yaz\u0131lm\u0131\u015ft\u0131r.   Gelin hep birlikte O\u2019nun \u0131\u015f\u0131\u011f\u0131yla ayd\u0131nlanal\u0131m. Ve \u00e7ocuklar\u0131m\u0131z\u0131n sorular\u0131na O\u2019nun ayd\u0131nl\u0131\u011f\u0131yla cevap bulal\u0131m&#8230;<\/p>\n","protected":false},"excerpt":{"rendered":"<p>Peygamberimiz\u2019in (sav) her davran\u0131\u015f\u0131 ve tavsiyesi, binlerce y\u0131ld\u0131r oldu\u011fu gibi bug\u00fcn de insanl\u0131\u011fa \u0131\u015f\u0131k tutmaktad\u0131r. Bu kitap; ke\u015fif ve merak duygular\u0131 ile hayat\u0131 anlamland\u0131rmaya \u00e7al\u0131\u015fan \u00e7ocuklar\u0131n<span class=\"excerpt-hellip\"> [\u2026]<\/span><\/p>\n","protected":false},"featured_media":0,"template":"","meta":{"_monsterinsights_skip_tracking":false,"_monsterinsights_sitenote_active":false,"_monsterinsights_sitenote_note":"","_monsterinsights_sitenote_category":0},"product_brand":[],"product_cat":[12274,12518],"product_tag":[],"class_list":{"0":"post-759382","1":"product","2":"type-product","3":"status-publish","5":"product_cat-cocuk-ve-genclik-kitaplari","6":"product_cat-okul-oncesi-kitaplar","7":"pa_cilt-ciltsiz","8":"pa_tur-kitap","9":"pa_yayinevi-cinaralti-yayinlari","10":"pa_yazar-zehra-aras","12":"first","13":"instock","14":"sale","15":"shipping-taxable","16":"purchasable","17":"product-type-simple"},"_links":{"self":[{"href":"https:\/\/roveyayinevi.com.tr\/index.php\/wp-json\/wp\/v2\/product\/759382","targetHints":{"allow":["GET"]}}],"collection":[{"href":"https:\/\/roveyayinevi.com.tr\/index.php\/wp-json\/wp\/v2\/product"}],"about":[{"href":"https:\/\/roveyayinevi.com.tr\/index.php\/wp-json\/wp\/v2\/types\/product"}],"wp:attachment":[{"href":"https:\/\/roveyayinevi.com.tr\/index.php\/wp-json\/wp\/v2\/media?parent=759382"}],"wp:term":[{"taxonomy":"product_brand","embeddable":true,"href":"https:\/\/roveyayinevi.com.tr\/index.php\/wp-json\/wp\/v2\/product_brand?post=759382"},{"taxonomy":"product_cat","embeddable":true,"href":"https:\/\/roveyayinevi.com.tr\/index.php\/wp-json\/wp\/v2\/product_cat?post=759382"},{"taxonomy":"product_tag","embeddable":true,"href":"https:\/\/roveyayinevi.com.tr\/index.php\/wp-json\/wp\/v2\/product_tag?post=759382"}],"curies":[{"name":"wp","href":"https:\/\/api.w.org\/{rel}","templated":true}]}}