{"id":759381,"date":"2025-08-28T08:33:04","date_gmt":"2025-08-28T05:33:04","guid":{"rendered":"https:\/\/roveyayinevi.com.tr\/index.php\/urun\/cicek-kutuphanesi\/"},"modified":"2026-04-16T03:12:31","modified_gmt":"2026-04-16T00:12:31","slug":"cicek-kutuphanesi","status":"publish","type":"product","link":"https:\/\/roveyayinevi.com.tr\/index.php\/urun\/cicek-kutuphanesi\/","title":{"rendered":"\u00c7i\u00e7ek K\u00fct\u00fcphanesi"},"content":{"rendered":"<p>Renkleriyle, g\u00fczellikleriyle g\u00f6z kama\u015ft\u0131ran ve do\u011fan\u0131n en g\u00fczel canl\u0131lar\u0131ndan olan \u00e7i\u00e7ekleri yak\u0131ndan tan\u0131mak ister misin? Nihan\u2019\u0131n, \u00e7i\u00e7ek d\u00fckk\u00e2n\u0131ndaki reng\u00e2renk bitkilerle yapt\u0131\u011f\u0131 sohbetlere kulak vermeye ne dersin? Belki \u015fu an \u00e7ok yak\u0131n\u0131nda sana g\u00f6z k\u0131rpan bir \u00e7i\u00e7ek vard\u0131r. G\u00fczel bir g\u00fcl kokusu sana ula\u015fmak i\u00e7in yola \u00e7\u0131km\u0131\u015ft\u0131r bile.  Kuru dallarda filizlenen bir yaprak seni bekliyor da olabilir. O halde ke\u015ffe ba\u015flayal\u0131m m\u0131? \u00c7i\u00e7eklerin, bitkilerin g\u00fczelli\u011fini fark etmeye haz\u0131r m\u0131s\u0131n? <\/p>\n","protected":false},"excerpt":{"rendered":"<p>Renkleriyle, g\u00fczellikleriyle g\u00f6z kama\u015ft\u0131ran ve do\u011fan\u0131n en g\u00fczel canl\u0131lar\u0131ndan olan \u00e7i\u00e7ekleri yak\u0131ndan tan\u0131mak ister misin? Nihan\u2019\u0131n, \u00e7i\u00e7ek d\u00fckk\u00e2n\u0131ndaki reng\u00e2renk bitkilerle yapt\u0131\u011f\u0131 sohbetlere kulak vermeye ne dersin?<span class=\"excerpt-hellip\"> [\u2026]<\/span><\/p>\n","protected":false},"featured_media":0,"template":"","meta":{"_monsterinsights_skip_tracking":false,"_monsterinsights_sitenote_active":false,"_monsterinsights_sitenote_note":"","_monsterinsights_sitenote_category":0},"product_brand":[],"product_cat":[12274,12518],"product_tag":[],"class_list":{"0":"post-759381","1":"product","2":"type-product","3":"status-publish","5":"product_cat-cocuk-ve-genclik-kitaplari","6":"product_cat-okul-oncesi-kitaplar","7":"pa_cilt-ciltsiz","8":"pa_tur-kitap","9":"pa_yayinevi-cinaralti-yayinlari","10":"pa_yazar-neslihan-yasaroglu","12":"first","13":"instock","14":"sale","15":"shipping-taxable","16":"purchasable","17":"product-type-simple"},"_links":{"self":[{"href":"https:\/\/roveyayinevi.com.tr\/index.php\/wp-json\/wp\/v2\/product\/759381","targetHints":{"allow":["GET"]}}],"collection":[{"href":"https:\/\/roveyayinevi.com.tr\/index.php\/wp-json\/wp\/v2\/product"}],"about":[{"href":"https:\/\/roveyayinevi.com.tr\/index.php\/wp-json\/wp\/v2\/types\/product"}],"wp:attachment":[{"href":"https:\/\/roveyayinevi.com.tr\/index.php\/wp-json\/wp\/v2\/media?parent=759381"}],"wp:term":[{"taxonomy":"product_brand","embeddable":true,"href":"https:\/\/roveyayinevi.com.tr\/index.php\/wp-json\/wp\/v2\/product_brand?post=759381"},{"taxonomy":"product_cat","embeddable":true,"href":"https:\/\/roveyayinevi.com.tr\/index.php\/wp-json\/wp\/v2\/product_cat?post=759381"},{"taxonomy":"product_tag","embeddable":true,"href":"https:\/\/roveyayinevi.com.tr\/index.php\/wp-json\/wp\/v2\/product_tag?post=759381"}],"curies":[{"name":"wp","href":"https:\/\/api.w.org\/{rel}","templated":true}]}}