{"id":759380,"date":"2025-08-28T08:33:02","date_gmt":"2025-08-28T05:33:02","guid":{"rendered":"https:\/\/roveyayinevi.com.tr\/index.php\/urun\/mevsimler-4\/"},"modified":"2026-04-16T03:12:31","modified_gmt":"2026-04-16T00:12:31","slug":"mevsimler-4","status":"publish","type":"product","link":"https:\/\/roveyayinevi.com.tr\/index.php\/urun\/mevsimler-4\/","title":{"rendered":"Mevsimler"},"content":{"rendered":"<p>Sevgili anne-babalar ve de\u011ferli e\u011fitimciler\u2026 Bildi\u011finiz gibi \u00e7ocuklar\u0131m\u0131z, okul \u00f6ncesi d\u00f6nemde birbirinden farkl\u0131 sorular sorar bizlere. Bu sorular\u0131n en ba\u015fta gelenleri ise ya\u015fad\u0131\u011f\u0131m\u0131z d\u00fcnyan\u0131n d\u00fczenine ait ayr\u0131nt\u0131lard\u0131r. Do\u011fa olaylar\u0131, mevsimler, hayvanlar, bitkiler ve pek \u00e7ok \u015fey\u2026 B\u00fct\u00fcn bunlar \u00e7ocuklar\u0131n merak\u0131n\u0131 art\u0131r\u0131r ve bizleri soru ya\u011fmuruna tutarlar. Art\u0131k bu kitapla onlar\u0131n sorular\u0131n\u0131 en g\u00fczel \u015fekilde cevaplayabilece\u011fiz. \u00c7ocuklar\u0131m\u0131z; mevsimlerin s\u0131ras\u0131, \u00f6zellikleri ve mevsim ge\u00e7i\u015fleri ile ilgili pek \u00e7ok bilgiye daha kolay sahip olacaklar. \u00c7ocuklar\u0131m\u0131za d\u00f6rt mevsim mutluluklar dile\u011fiyle\u2026 <\/p>\n","protected":false},"excerpt":{"rendered":"<p>Sevgili anne-babalar ve de\u011ferli e\u011fitimciler\u2026 Bildi\u011finiz gibi \u00e7ocuklar\u0131m\u0131z, okul \u00f6ncesi d\u00f6nemde birbirinden farkl\u0131 sorular sorar bizlere. Bu sorular\u0131n en ba\u015fta gelenleri ise ya\u015fad\u0131\u011f\u0131m\u0131z d\u00fcnyan\u0131n d\u00fczenine ait<span class=\"excerpt-hellip\"> [\u2026]<\/span><\/p>\n","protected":false},"featured_media":0,"template":"","meta":{"_monsterinsights_skip_tracking":false,"_monsterinsights_sitenote_active":false,"_monsterinsights_sitenote_note":"","_monsterinsights_sitenote_category":0},"product_brand":[],"product_cat":[12274,12518],"product_tag":[],"class_list":{"0":"post-759380","1":"product","2":"type-product","3":"status-publish","5":"product_cat-cocuk-ve-genclik-kitaplari","6":"product_cat-okul-oncesi-kitaplar","7":"pa_cilt-ciltsiz","8":"pa_tur-kitap","9":"pa_yayinevi-cinaralti-yayinlari","10":"pa_yazar-ayse-serra-kara","12":"first","13":"instock","14":"sale","15":"shipping-taxable","16":"purchasable","17":"product-type-simple"},"_links":{"self":[{"href":"https:\/\/roveyayinevi.com.tr\/index.php\/wp-json\/wp\/v2\/product\/759380","targetHints":{"allow":["GET"]}}],"collection":[{"href":"https:\/\/roveyayinevi.com.tr\/index.php\/wp-json\/wp\/v2\/product"}],"about":[{"href":"https:\/\/roveyayinevi.com.tr\/index.php\/wp-json\/wp\/v2\/types\/product"}],"wp:attachment":[{"href":"https:\/\/roveyayinevi.com.tr\/index.php\/wp-json\/wp\/v2\/media?parent=759380"}],"wp:term":[{"taxonomy":"product_brand","embeddable":true,"href":"https:\/\/roveyayinevi.com.tr\/index.php\/wp-json\/wp\/v2\/product_brand?post=759380"},{"taxonomy":"product_cat","embeddable":true,"href":"https:\/\/roveyayinevi.com.tr\/index.php\/wp-json\/wp\/v2\/product_cat?post=759380"},{"taxonomy":"product_tag","embeddable":true,"href":"https:\/\/roveyayinevi.com.tr\/index.php\/wp-json\/wp\/v2\/product_tag?post=759380"}],"curies":[{"name":"wp","href":"https:\/\/api.w.org\/{rel}","templated":true}]}}